{"id":10032,"date":"2018-02-21T09:20:17","date_gmt":"2018-02-21T08:20:17","guid":{"rendered":"http:\/\/sp22.edu.pl\/?page_id=10032"},"modified":"2018-02-21T09:20:17","modified_gmt":"2018-02-21T08:20:17","slug":"dzwignia-dwustronna","status":"publish","type":"page","link":"https:\/\/sp22.edu.pl\/?page_id=10032","title":{"rendered":"D\u017awignia dwustronna"},"content":{"rendered":"<p>Uczniowie klasy 2b w ramach zaj\u0119\u0107 z fizyki, pod kierownictwem pani Anny Janczewskiej \u2013Po\u0142ap, wyznaczali mas\u0119 dowolnego przedmiotu, korzystaj\u0105c z d\u017awigni dwustronnej.<\/p>\nngg_shortcode_0_placeholder\n","protected":false},"excerpt":{"rendered":"<p>Uczniowie klasy 2b w ramach zaj\u0119\u0107 z fizyki, pod kierownictwem pani Anny Janczewskiej \u2013Po\u0142ap, wyznaczali mas\u0119 dowolnego przedmiotu, korzystaj\u0105c z d\u017awigni dwustronnej. &#8221; order_by=&#8221;sortorder&#8221; order_direction=&#8221;ASC&#8221; returns=&#8221;included&#8221; maximum_entity_count=&#8221;500&#8243;]<\/p>\n","protected":false},"author":1,"featured_media":0,"parent":0,"menu_order":0,"comment_status":"closed","ping_status":"closed","template":"","meta":{"ngg_post_thumbnail":0,"footnotes":""},"class_list":["post-10032","page","type-page","status-publish","hentry"],"_links":{"self":[{"href":"https:\/\/sp22.edu.pl\/index.php?rest_route=\/wp\/v2\/pages\/10032"}],"collection":[{"href":"https:\/\/sp22.edu.pl\/index.php?rest_route=\/wp\/v2\/pages"}],"about":[{"href":"https:\/\/sp22.edu.pl\/index.php?rest_route=\/wp\/v2\/types\/page"}],"author":[{"embeddable":true,"href":"https:\/\/sp22.edu.pl\/index.php?rest_route=\/wp\/v2\/users\/1"}],"replies":[{"embeddable":true,"href":"https:\/\/sp22.edu.pl\/index.php?rest_route=%2Fwp%2Fv2%2Fcomments&post=10032"}],"version-history":[{"count":1,"href":"https:\/\/sp22.edu.pl\/index.php?rest_route=\/wp\/v2\/pages\/10032\/revisions"}],"predecessor-version":[{"id":10049,"href":"https:\/\/sp22.edu.pl\/index.php?rest_route=\/wp\/v2\/pages\/10032\/revisions\/10049"}],"wp:attachment":[{"href":"https:\/\/sp22.edu.pl\/index.php?rest_route=%2Fwp%2Fv2%2Fmedia&parent=10032"}],"curies":[{"name":"wp","href":"https:\/\/api.w.org\/{rel}","templated":true}]}}