{"id":10150,"date":"2018-02-24T11:54:19","date_gmt":"2018-02-24T10:54:19","guid":{"rendered":"http:\/\/sp22.edu.pl\/?page_id=10150"},"modified":"2018-02-24T12:52:03","modified_gmt":"2018-02-24T11:52:03","slug":"zimowisko-2018","status":"publish","type":"page","link":"https:\/\/sp22.edu.pl\/?page_id=10150","title":{"rendered":"Zimowisko 2018"},"content":{"rendered":"<p>Dzie\u0144 1 &#8211; 29.01.2018<\/p>\n<p>Pierwszy dzie\u0144 ferii za nami. Dla uczestnik\u00f3w pierwszego (od wielu lat) zimowiska dzie\u0144 by\u0142 pe\u0142en wra\u017ce\u0144. Po pysznym \u015bniadaniu i chwili przy grach planszowych wszystkie trzy grupy, wraz z opiekunami przemaszerowa\u0142y do telewizji SferaTV, gdzie po kr\u00f3tkiej cz\u0119\u015bci teoretycznej i oprowadzeniu po ca\u0142ej telewizji odby\u0142y si\u0119 zaj\u0119cia praktyczne. Uczestnicy zimowiska wcielili si\u0119 w role prezenter\u00f3w, &#8222;pogodynki&#8221;, dziennikarzy przeprowadzaj\u0105cych wywiady, sondy uliczne i sami byli &#8222;zwyk\u0142ymi lud\u017ami&#8221; z kt\u00f3rymi nasi dziennikarze przeprowadzali rozmowy. Po wyj\u015bciu ze studia, w szkole czeka\u0142 ju\u017c na nas pan policjant, kt\u00f3ry przypomnia\u0142 o podstawowych zasadach bezpiecznych ferii. Na koniec dnia odby\u0142a si\u0119 dyskoteka z balonami i konkursami, tj. taniec w parach na gazecie i taniec w parach z balonem. Og\u0142oszenie wynik\u00f3w konkurs\u00f3w&#8230; wkr\u00f3tce.&nbsp;<\/p>\nngg_shortcode_0_placeholder\n<p>Dzie\u0144 2 &#8211; 29.01.2018<\/p>\n<p>Dzie\u0144 drugi zgodnie z planem wi\u0119kszo\u015b\u0107 czasu sp\u0119dzili\u015bmy na \u015bwie\u017cym powietrzu. Po zbi\u00f3rce i \u015bniadaniu uczestnicy zimowiska wzi\u0119li udzia\u0142 w konkursie plastycznym &#8222;Bezpieczne zabawy na \u015bniegu i lodzie&#8221;. Nast\u0119pnie pomaszerowali\u015bmy na przystanek tramwajowy Nowy Bytom &#8211; Centrum, gdzie czeka\u0142 na nas specjalnie podstawiony tramwaj, kt\u00f3ry zawi\u00f3z\u0142 nas do Chorzowa na przystanek ko\u0142o AKSu. Ci, kt\u00f3rzy je\u017cd\u017c\u0105 tramwajami wiedz\u0105, \u017ce \u017caden tramwaj na \u015al\u0105sku nie kursuje na tej trasie. Nast\u0119pnie weszli\u015bmy do Muzeum G\u00f3rno\u015bl\u0105skiego Parku Etnograficznego. Tu zwiedzili\u015bmy &#8222;kilka&#8221; chatek, szko\u0142\u0119, a nast\u0119pnie udali\u015bmy si\u0119 do miejsca gdzie zjedli\u015bmy obiad. Na samym ko\u0144cu trasy zwiedzania skansenu s\u0105 dwa paleniska gdzie mogli\u015bmy usma\u017cy\u0107 kie\u0142baski, a tu\u017c obok znajduje si\u0119 karczma gdzie wypili\u015bmy po kubku gor\u0105cej herbaty. Zwiedzanie skansenu zako\u0144czyli\u015bmy zakupami w sklepie z pami\u0105tkami a nast\u0119pnie wr\u00f3cili\u015bmy na Nowy Bytom &#8222;prywatnym&#8221; tramwajem. UWAGA\u2755 W CZASIE ZWIEDZANIA SKANSENU ZNALE\u0179LI\u015aMY WIOSN\u0118\ud83c\udf37\ud83c\udf37, DOWODY W MATERIA\u0141ACH ZDJ\u0118CIOWYCH.&nbsp;<\/p>\nngg_shortcode_1_placeholder\n<p>Dzie\u0144 3 &#8211; 30.01.2018<\/p>\n<p>Kolejny intensywny dzie\u0144 za nami. Dzisiaj by\u0142o troch\u0119 artystycznie, ale g\u0142\u00f3wnie fit \ud83d\ude09 Po pysznym \u015bniadanku podzielili\u015bmy si\u0119 na dwie grupy. Grupa pierwsza pomaszerowa\u0142a z pani\u0105 Ani\u0105 do URWISA. Grupa druga z pani\u0105 Dank\u0105 i Alicj\u0105 posz\u0142y na nasz nowobytomski basen. Obie grupy sp\u0119dzi\u0142y bardzo intensywne p\u00f3\u0142torej godziny. Gdy wr\u00f3cili\u015bmy do szko\u0142y, okaza\u0142o si\u0119, \u017ce wszyscy s\u0105 ju\u017c strasznie g\u0142odni, a do obiadu zosta\u0142o prawie p\u00f3\u0142torej godziny. Na cale szcz\u0119\u015bcie panie kucharki uratowa\u0142y nas kanapkami z kie\u0142bas\u0105. Smakowa\u0142y jak nigdy:). Po drugim \u015bniadaniu;) by\u0142a przerwa na gry i zabawy stolikowe, a ch\u0119tni zobaczyli Hotel Transylwani\u0119. Po obiedzie znowu podzielili\u015bmy si\u0119 na dwie grupy. Osoby, kt\u00f3re wcze\u015bniej pluska\u0142y si\u0119 na basenie, uda\u0142y si\u0119 do URWISA, a ci, kt\u00f3rzy ju\u017c tam byli, robili rybki i inne potworki z dmuchanych r\u0119kawiczek i witra\u017ce walentynkowe. Gdy wszyscy uczestnicy zimowiska byli znowu w szkole, rozegrali\u015bmy zawody &#8211; sztafet\u0119 na naszej sali gimnastycznej i nawet nie wiadomo, kiedy wybi\u0142a szesnasta.&nbsp;<\/p>\nngg_shortcode_2_placeholder\n<p>Dzie\u0144 4 &#8211; 01.02.2018r.<\/p>\n<p>Przedostatni dzie\u0144 zimowiska za nami. Po \u015bniadaniu nadrobili\u015bmy wczorajsze zaleg\u0142o\u015bci, a mianowicie konkurs piosenki (og\u0142oszenie wynik\u00f3w wszystkich konkurs\u00f3w jutro). Dla rozgrzewki, na pocz\u0105tku wszyscy \u015bpiewali\u015bmy karaoke, a potem \ud83c\udfa4 mikrofon przej\u0119\u0142y solistki i duety. O godzinie 10.00 rozpocz\u0105\u0142 si\u0119 seans filmowy &#8222;Gnomy rozrabiaj\u0105&#8221; w kinie Patria. A po obiedzie pojechali\u015bmy na \u0142y\u017cwy na Burloch. Cz\u0119\u015b\u0107 grupy \u015bwietnie \u015bmiga\u0142a na \u0142y\u017cwach \u26f8 od samego pocz\u0105tku, a cz\u0119\u015b\u0107 stawia\u0142a swoje pierwsze kroki. Obiektywnym okiem patrz\u0105c, dzieci s\u0105 bardzo uzdolnione sportowo, co zreszt\u0105 wida\u0107 na zdj\u0119ciach. Jutro po \u015bniadaniu wyjazd ca\u0142odniowy do kopalni Guido w Zabrzu.<\/p>\nngg_shortcode_3_placeholder\n<p>Dzie\u0144 5 &#8211; 02.02.2018r.<\/p>\n<p>Ostatni dzie\u0144 Zimowiska za nami. By\u0142o znowu intensywnie. Po \u015bniadaniu i kr\u00f3tkiej przerwie na trawienie \ud83d\ude09, wsiedli\u015bmy do autokaru, kt\u00f3ry zawi\u00f3z\u0142 nas do Zabrza pod sam\u0105 kopalni\u0119 \u2692 Guido. Tam podzielili\u015bmy si\u0119 na trzy grupy i zjechali\u015bmy szol\u0105 w d\u00f3\u0142 na 320m. Tam maszerujac przez kilkadziesi\u0105t minut poznali\u015bmy &#8222;Bery i bojki na grubie&#8221;. Po d\u0142ugim spacerze odwiedzili\u015bmy kopalniany pub gdzie zjedli\u015bmy &#8222;ma\u0142e conieco&#8221; i napili\u015bmy si\u0119 cieplej herbaty. Nast\u0119pnie wr\u00f3cili\u015bmy na powierzchni\u0119. Po powrocie do szko\u0142y uczestnicy zimowiska otrzymali dyplomy za konkursy, kt\u00f3re odby\u0142y si\u0119 w tym tygodniu oraz ma\u0142e pami\u0105tki.<\/p>\nngg_shortcode_4_placeholder\n","protected":false},"excerpt":{"rendered":"<p>Dzie\u0144 1 &#8211; 29.01.2018 Pierwszy dzie\u0144 ferii za nami. Dla uczestnik\u00f3w pierwszego (od wielu lat) zimowiska dzie\u0144 by\u0142 pe\u0142en wra\u017ce\u0144. Po pysznym \u015bniadaniu i chwili przy grach planszowych wszystkie trzy grupy, wraz z opiekunami przemaszerowa\u0142y do telewizji SferaTV, gdzie po kr\u00f3tkiej cz\u0119\u015bci teoretycznej i oprowadzeniu po ca\u0142ej telewizji odby\u0142y si\u0119 zaj\u0119cia praktyczne. Uczestnicy zimowiska wcielili [&hellip;]<\/p>\n","protected":false},"author":1,"featured_media":0,"parent":0,"menu_order":0,"comment_status":"closed","ping_status":"closed","template":"","meta":{"ngg_post_thumbnail":0,"footnotes":""},"class_list":["post-10150","page","type-page","status-publish","hentry"],"_links":{"self":[{"href":"https:\/\/sp22.edu.pl\/index.php?rest_route=\/wp\/v2\/pages\/10150"}],"collection":[{"href":"https:\/\/sp22.edu.pl\/index.php?rest_route=\/wp\/v2\/pages"}],"about":[{"href":"https:\/\/sp22.edu.pl\/index.php?rest_route=\/wp\/v2\/types\/page"}],"author":[{"embeddable":true,"href":"https:\/\/sp22.edu.pl\/index.php?rest_route=\/wp\/v2\/users\/1"}],"replies":[{"embeddable":true,"href":"https:\/\/sp22.edu.pl\/index.php?rest_route=%2Fwp%2Fv2%2Fcomments&post=10150"}],"version-history":[{"count":9,"href":"https:\/\/sp22.edu.pl\/index.php?rest_route=\/wp\/v2\/pages\/10150\/revisions"}],"predecessor-version":[{"id":11056,"href":"https:\/\/sp22.edu.pl\/index.php?rest_route=\/wp\/v2\/pages\/10150\/revisions\/11056"}],"wp:attachment":[{"href":"https:\/\/sp22.edu.pl\/index.php?rest_route=%2Fwp%2Fv2%2Fmedia&parent=10150"}],"curies":[{"name":"wp","href":"https:\/\/api.w.org\/{rel}","templated":true}]}}