{"id":1082,"date":"2023-10-04T22:07:00","date_gmt":"2023-10-04T20:07:00","guid":{"rendered":"http:\/\/gim11.com\/?page_id=1082"},"modified":"2023-12-07T15:53:19","modified_gmt":"2023-12-07T14:53:19","slug":"wolontariat","status":"publish","type":"page","link":"https:\/\/sp22.edu.pl\/?page_id=1082","title":{"rendered":"Wolontariat"},"content":{"rendered":"\n<p>Szkolne Ko\u0142o Wolontariatu wraca po wakacjach z mn\u00f3stwem energii i ch\u0119ci do pracy \ud83d\ude42<\/p>\n\n\n\n<p><\/p>\n\n\n\n<p>W zwi\u0105zku z tym, chcieliby\u015bmy <strong>serdecznie zaprosi\u0107 wszystkich ch\u0119tnych uczni\u00f3w klas 5-8 do naszego zespo\u0142u.<\/strong> <\/p>\n\n\n\n<p>Gwarantujemy dobr\u0105 energi\u0119 i ciekawe pomys\u0142y na spo\u017cytkowanie czasu wolnego. <\/p>\n\n\n\n<p><strong>Je\u015bli ju\u017c dzi\u015b wiesz, \u017ce pomaganie jest Twoj\u0105 mocn\u0105 stron\u0105, nie zastanawiaj si\u0119 d\u0142u\u017cej &#8211; do\u0142\u0105cz do nas.<\/strong> <\/p>\n\n\n\n<p>Nasze spotkania b\u0119d\u0105 odbywa\u0107 si\u0119 w pierwsz\u0105 \u015brod\u0119 i trzeci poniedzia\u0142ek miesi\u0105ca.<\/p>\n\n\n\n<p>Czekamy na Was \ud83d\ude42<\/p>\n\n\n\n<p>Opiekunowie <a><\/a>Szkolnego Ko\u0142a Wolontariatu.<\/p>\n\n\n\n<figure class=\"wp-block-gallery has-nested-images columns-default is-cropped wp-block-gallery-1 is-layout-flex wp-block-gallery-is-layout-flex\">\n<figure class=\"wp-block-image size-large\"><img loading=\"lazy\" decoding=\"async\" width=\"600\" height=\"450\" data-id=\"22411\" src=\"https:\/\/sp22.edu.pl\/wp-content\/uploads\/2023\/12\/370035861_796259982500309_4006526012454503669_n.jpg\" alt=\"\" class=\"wp-image-22411\" srcset=\"https:\/\/sp22.edu.pl\/wp-content\/uploads\/2023\/12\/370035861_796259982500309_4006526012454503669_n.jpg 600w, https:\/\/sp22.edu.pl\/wp-content\/uploads\/2023\/12\/370035861_796259982500309_4006526012454503669_n-300x225.jpg 300w\" sizes=\"(max-width: 600px) 100vw, 600px\" \/><\/figure>\n\n\n\n<figure class=\"wp-block-image size-large\"><img loading=\"lazy\" decoding=\"async\" width=\"600\" height=\"450\" data-id=\"22412\" src=\"https:\/\/sp22.edu.pl\/wp-content\/uploads\/2023\/12\/385067974_796259939166980_7194567227483851132_n.jpg\" alt=\"\" class=\"wp-image-22412\" srcset=\"https:\/\/sp22.edu.pl\/wp-content\/uploads\/2023\/12\/385067974_796259939166980_7194567227483851132_n.jpg 600w, https:\/\/sp22.edu.pl\/wp-content\/uploads\/2023\/12\/385067974_796259939166980_7194567227483851132_n-300x225.jpg 300w\" sizes=\"(max-width: 600px) 100vw, 600px\" \/><\/figure>\n\n\n\n<figure class=\"wp-block-image size-large\"><img loading=\"lazy\" decoding=\"async\" width=\"600\" height=\"450\" data-id=\"22413\" src=\"https:\/\/sp22.edu.pl\/wp-content\/uploads\/2023\/12\/385070246_796259829166991_6159239581279218746_n.jpg\" alt=\"\" class=\"wp-image-22413\" srcset=\"https:\/\/sp22.edu.pl\/wp-content\/uploads\/2023\/12\/385070246_796259829166991_6159239581279218746_n.jpg 600w, https:\/\/sp22.edu.pl\/wp-content\/uploads\/2023\/12\/385070246_796259829166991_6159239581279218746_n-300x225.jpg 300w\" sizes=\"(max-width: 600px) 100vw, 600px\" \/><\/figure>\n\n\n\n<figure class=\"wp-block-image size-large\"><img loading=\"lazy\" decoding=\"async\" width=\"600\" height=\"450\" data-id=\"22409\" src=\"https:\/\/sp22.edu.pl\/wp-content\/uploads\/2023\/12\/385357388_796259875833653_6460204945841481996_n.jpg\" alt=\"\" class=\"wp-image-22409\" srcset=\"https:\/\/sp22.edu.pl\/wp-content\/uploads\/2023\/12\/385357388_796259875833653_6460204945841481996_n.jpg 600w, https:\/\/sp22.edu.pl\/wp-content\/uploads\/2023\/12\/385357388_796259875833653_6460204945841481996_n-300x225.jpg 300w\" sizes=\"(max-width: 600px) 100vw, 600px\" \/><\/figure>\n\n\n\n<figure class=\"wp-block-image size-large\"><img loading=\"lazy\" decoding=\"async\" width=\"600\" height=\"450\" data-id=\"22410\" src=\"https:\/\/sp22.edu.pl\/wp-content\/uploads\/2023\/12\/385735943_796260049166969_5707132487794290332_n.jpg\" alt=\"\" class=\"wp-image-22410\" srcset=\"https:\/\/sp22.edu.pl\/wp-content\/uploads\/2023\/12\/385735943_796260049166969_5707132487794290332_n.jpg 600w, https:\/\/sp22.edu.pl\/wp-content\/uploads\/2023\/12\/385735943_796260049166969_5707132487794290332_n-300x225.jpg 300w\" sizes=\"(max-width: 600px) 100vw, 600px\" \/><\/figure>\n<\/figure>\n\n\n\n<h2 class=\"wp-block-heading\">&#8222;I Ty mo\u017cesz zosta\u0107 \u015bwi\u0119tym Miko\u0142ajem&#8221;<\/h2>\n\n\n\n<p>Dnia 4 grudnia odby\u0142a si\u0119 Akcja Charytatywna &#8221; I TY MO\u017bESZ ZOSTA\u0106 \u015aWI\u0118TYM MIKO\u0141AJEM&#8221; w ramach, kt\u00f3rej odby\u0142y si\u0119 warsztaty zdobienia piernik\u00f3w. Gotowe pierniki zosta\u0142y spakowane, a nast\u0119pnie b\u0119d\u0105 przekazane chorym z Parafii \u015aw. Paw\u0142a Aposto\u0142a w ramach \u015bwi\u0105tecznych odwiedzin. Wszystkim przyby\u0142ym sk\u0142adamy gor\u0105ce podzi\u0119kowania za zaanga\u017cowanie i wsp\u00f3lny wysi\u0142ek w szczytnym celu.<\/p>\n\n\n\n<p>Zapraszamy do relacji z wydarzenia <img loading=\"lazy\" decoding=\"async\" height=\"16\" width=\"16\" alt=\"\ud83e\udd70\" src=\"https:\/\/static.xx.fbcdn.net\/images\/emoji.php\/v9\/tea\/1\/16\/1f970.png\"><\/p>\n\n\n\n<figure class=\"wp-block-gallery has-nested-images columns-default is-cropped wp-block-gallery-2 is-layout-flex wp-block-gallery-is-layout-flex\">\n<figure class=\"wp-block-image size-large\"><img loading=\"lazy\" decoding=\"async\" width=\"1024\" height=\"577\" data-id=\"22431\" src=\"https:\/\/sp22.edu.pl\/wp-content\/uploads\/2023\/12\/393680855_834226055370368_7852167173032557004_n-1024x577.jpg\" alt=\"\" class=\"wp-image-22431\" srcset=\"https:\/\/sp22.edu.pl\/wp-content\/uploads\/2023\/12\/393680855_834226055370368_7852167173032557004_n-1024x577.jpg 1024w, https:\/\/sp22.edu.pl\/wp-content\/uploads\/2023\/12\/393680855_834226055370368_7852167173032557004_n-300x169.jpg 300w, https:\/\/sp22.edu.pl\/wp-content\/uploads\/2023\/12\/393680855_834226055370368_7852167173032557004_n-768x432.jpg 768w, https:\/\/sp22.edu.pl\/wp-content\/uploads\/2023\/12\/393680855_834226055370368_7852167173032557004_n-1536x865.jpg 1536w, https:\/\/sp22.edu.pl\/wp-content\/uploads\/2023\/12\/393680855_834226055370368_7852167173032557004_n.jpg 2048w\" sizes=\"(max-width: 1024px) 100vw, 1024px\" \/><\/figure>\n\n\n\n<figure class=\"wp-block-image size-large\"><img loading=\"lazy\" decoding=\"async\" width=\"768\" height=\"1024\" data-id=\"22432\" src=\"https:\/\/sp22.edu.pl\/wp-content\/uploads\/2023\/12\/407353665_834226262037014_2556736776980588856_n-768x1024.jpg\" alt=\"\" class=\"wp-image-22432\" srcset=\"https:\/\/sp22.edu.pl\/wp-content\/uploads\/2023\/12\/407353665_834226262037014_2556736776980588856_n-768x1024.jpg 768w, https:\/\/sp22.edu.pl\/wp-content\/uploads\/2023\/12\/407353665_834226262037014_2556736776980588856_n-225x300.jpg 225w, https:\/\/sp22.edu.pl\/wp-content\/uploads\/2023\/12\/407353665_834226262037014_2556736776980588856_n-1152x1536.jpg 1152w, https:\/\/sp22.edu.pl\/wp-content\/uploads\/2023\/12\/407353665_834226262037014_2556736776980588856_n.jpg 1500w\" sizes=\"(max-width: 768px) 100vw, 768px\" \/><\/figure>\n\n\n\n<figure class=\"wp-block-image size-large\"><img loading=\"lazy\" decoding=\"async\" width=\"1024\" height=\"577\" data-id=\"22436\" src=\"https:\/\/sp22.edu.pl\/wp-content\/uploads\/2023\/12\/407574584_834226508703656_1219744438207931087_n-1024x577.jpg\" alt=\"\" class=\"wp-image-22436\" srcset=\"https:\/\/sp22.edu.pl\/wp-content\/uploads\/2023\/12\/407574584_834226508703656_1219744438207931087_n-1024x577.jpg 1024w, https:\/\/sp22.edu.pl\/wp-content\/uploads\/2023\/12\/407574584_834226508703656_1219744438207931087_n-300x169.jpg 300w, https:\/\/sp22.edu.pl\/wp-content\/uploads\/2023\/12\/407574584_834226508703656_1219744438207931087_n-768x432.jpg 768w, https:\/\/sp22.edu.pl\/wp-content\/uploads\/2023\/12\/407574584_834226508703656_1219744438207931087_n-1536x865.jpg 1536w, https:\/\/sp22.edu.pl\/wp-content\/uploads\/2023\/12\/407574584_834226508703656_1219744438207931087_n.jpg 2048w\" sizes=\"(max-width: 1024px) 100vw, 1024px\" \/><\/figure>\n\n\n\n<figure class=\"wp-block-image size-large\"><img loading=\"lazy\" decoding=\"async\" width=\"1024\" height=\"577\" data-id=\"22434\" src=\"https:\/\/sp22.edu.pl\/wp-content\/uploads\/2023\/12\/407581505_834226922036948_256673437708071243_n-1024x577.jpg\" alt=\"\" class=\"wp-image-22434\" srcset=\"https:\/\/sp22.edu.pl\/wp-content\/uploads\/2023\/12\/407581505_834226922036948_256673437708071243_n-1024x577.jpg 1024w, https:\/\/sp22.edu.pl\/wp-content\/uploads\/2023\/12\/407581505_834226922036948_256673437708071243_n-300x169.jpg 300w, https:\/\/sp22.edu.pl\/wp-content\/uploads\/2023\/12\/407581505_834226922036948_256673437708071243_n-768x432.jpg 768w, https:\/\/sp22.edu.pl\/wp-content\/uploads\/2023\/12\/407581505_834226922036948_256673437708071243_n-1536x865.jpg 1536w, https:\/\/sp22.edu.pl\/wp-content\/uploads\/2023\/12\/407581505_834226922036948_256673437708071243_n.jpg 2048w\" sizes=\"(max-width: 1024px) 100vw, 1024px\" \/><\/figure>\n\n\n\n<figure class=\"wp-block-image size-large\"><img loading=\"lazy\" decoding=\"async\" width=\"768\" height=\"1024\" data-id=\"22433\" src=\"https:\/\/sp22.edu.pl\/wp-content\/uploads\/2023\/12\/407584053_834226295370344_5492005699456331580_n-768x1024.jpg\" alt=\"\" class=\"wp-image-22433\" srcset=\"https:\/\/sp22.edu.pl\/wp-content\/uploads\/2023\/12\/407584053_834226295370344_5492005699456331580_n-768x1024.jpg 768w, https:\/\/sp22.edu.pl\/wp-content\/uploads\/2023\/12\/407584053_834226295370344_5492005699456331580_n-225x300.jpg 225w, https:\/\/sp22.edu.pl\/wp-content\/uploads\/2023\/12\/407584053_834226295370344_5492005699456331580_n-1152x1536.jpg 1152w, https:\/\/sp22.edu.pl\/wp-content\/uploads\/2023\/12\/407584053_834226295370344_5492005699456331580_n.jpg 1500w\" sizes=\"(max-width: 768px) 100vw, 768px\" \/><\/figure>\n\n\n\n<figure class=\"wp-block-image size-large\"><img loading=\"lazy\" decoding=\"async\" width=\"1024\" height=\"577\" data-id=\"22435\" src=\"https:\/\/sp22.edu.pl\/wp-content\/uploads\/2023\/12\/407587540_834226468703660_6824910962954757051_n-1024x577.jpg\" alt=\"\" class=\"wp-image-22435\" srcset=\"https:\/\/sp22.edu.pl\/wp-content\/uploads\/2023\/12\/407587540_834226468703660_6824910962954757051_n-1024x577.jpg 1024w, https:\/\/sp22.edu.pl\/wp-content\/uploads\/2023\/12\/407587540_834226468703660_6824910962954757051_n-300x169.jpg 300w, https:\/\/sp22.edu.pl\/wp-content\/uploads\/2023\/12\/407587540_834226468703660_6824910962954757051_n-768x432.jpg 768w, https:\/\/sp22.edu.pl\/wp-content\/uploads\/2023\/12\/407587540_834226468703660_6824910962954757051_n-1536x865.jpg 1536w, https:\/\/sp22.edu.pl\/wp-content\/uploads\/2023\/12\/407587540_834226468703660_6824910962954757051_n.jpg 2048w\" sizes=\"(max-width: 1024px) 100vw, 1024px\" \/><\/figure>\n\n\n\n<figure class=\"wp-block-image size-large\"><img loading=\"lazy\" decoding=\"async\" width=\"1024\" height=\"577\" data-id=\"22437\" src=\"https:\/\/sp22.edu.pl\/wp-content\/uploads\/2023\/12\/407595708_834226175370356_8985621169389086128_n-1024x577.jpg\" alt=\"\" class=\"wp-image-22437\" srcset=\"https:\/\/sp22.edu.pl\/wp-content\/uploads\/2023\/12\/407595708_834226175370356_8985621169389086128_n-1024x577.jpg 1024w, https:\/\/sp22.edu.pl\/wp-content\/uploads\/2023\/12\/407595708_834226175370356_8985621169389086128_n-300x169.jpg 300w, https:\/\/sp22.edu.pl\/wp-content\/uploads\/2023\/12\/407595708_834226175370356_8985621169389086128_n-768x432.jpg 768w, https:\/\/sp22.edu.pl\/wp-content\/uploads\/2023\/12\/407595708_834226175370356_8985621169389086128_n-1536x865.jpg 1536w, https:\/\/sp22.edu.pl\/wp-content\/uploads\/2023\/12\/407595708_834226175370356_8985621169389086128_n.jpg 2048w\" sizes=\"(max-width: 1024px) 100vw, 1024px\" \/><\/figure>\n\n\n\n<figure class=\"wp-block-image size-large\"><img loading=\"lazy\" decoding=\"async\" width=\"577\" height=\"1024\" data-id=\"22438\" src=\"https:\/\/sp22.edu.pl\/wp-content\/uploads\/2023\/12\/407605447_834226725370301_4067151945382881766_n-577x1024.jpg\" alt=\"\" class=\"wp-image-22438\" srcset=\"https:\/\/sp22.edu.pl\/wp-content\/uploads\/2023\/12\/407605447_834226725370301_4067151945382881766_n-577x1024.jpg 577w, https:\/\/sp22.edu.pl\/wp-content\/uploads\/2023\/12\/407605447_834226725370301_4067151945382881766_n-169x300.jpg 169w, https:\/\/sp22.edu.pl\/wp-content\/uploads\/2023\/12\/407605447_834226725370301_4067151945382881766_n-768x1364.jpg 768w, https:\/\/sp22.edu.pl\/wp-content\/uploads\/2023\/12\/407605447_834226725370301_4067151945382881766_n-865x1536.jpg 865w, https:\/\/sp22.edu.pl\/wp-content\/uploads\/2023\/12\/407605447_834226725370301_4067151945382881766_n.jpg 1153w\" sizes=\"(max-width: 577px) 100vw, 577px\" \/><\/figure>\n\n\n\n<figure class=\"wp-block-image size-large\"><img loading=\"lazy\" decoding=\"async\" width=\"768\" height=\"1024\" data-id=\"22439\" src=\"https:\/\/sp22.edu.pl\/wp-content\/uploads\/2023\/12\/407625891_834227038703603_7909733680997264199_n-768x1024.jpg\" alt=\"\" class=\"wp-image-22439\" srcset=\"https:\/\/sp22.edu.pl\/wp-content\/uploads\/2023\/12\/407625891_834227038703603_7909733680997264199_n-768x1024.jpg 768w, https:\/\/sp22.edu.pl\/wp-content\/uploads\/2023\/12\/407625891_834227038703603_7909733680997264199_n-225x300.jpg 225w, https:\/\/sp22.edu.pl\/wp-content\/uploads\/2023\/12\/407625891_834227038703603_7909733680997264199_n-1152x1536.jpg 1152w, https:\/\/sp22.edu.pl\/wp-content\/uploads\/2023\/12\/407625891_834227038703603_7909733680997264199_n.jpg 1500w\" sizes=\"(max-width: 768px) 100vw, 768px\" \/><\/figure>\n\n\n\n<figure class=\"wp-block-image size-large\"><img loading=\"lazy\" decoding=\"async\" width=\"768\" height=\"1024\" data-id=\"22440\" src=\"https:\/\/sp22.edu.pl\/wp-content\/uploads\/2023\/12\/408490836_834226322037008_5930230333552172088_n-768x1024.jpg\" alt=\"\" class=\"wp-image-22440\" srcset=\"https:\/\/sp22.edu.pl\/wp-content\/uploads\/2023\/12\/408490836_834226322037008_5930230333552172088_n-768x1024.jpg 768w, https:\/\/sp22.edu.pl\/wp-content\/uploads\/2023\/12\/408490836_834226322037008_5930230333552172088_n-225x300.jpg 225w, https:\/\/sp22.edu.pl\/wp-content\/uploads\/2023\/12\/408490836_834226322037008_5930230333552172088_n-1152x1536.jpg 1152w, https:\/\/sp22.edu.pl\/wp-content\/uploads\/2023\/12\/408490836_834226322037008_5930230333552172088_n.jpg 1500w\" sizes=\"(max-width: 768px) 100vw, 768px\" \/><\/figure>\n<\/figure>\n","protected":false},"excerpt":{"rendered":"<p>Szkolne Ko\u0142o Wolontariatu wraca po wakacjach z mn\u00f3stwem energii i ch\u0119ci do pracy \ud83d\ude42 W zwi\u0105zku z tym, chcieliby\u015bmy serdecznie zaprosi\u0107 wszystkich ch\u0119tnych uczni\u00f3w klas 5-8 do naszego zespo\u0142u. Gwarantujemy dobr\u0105 energi\u0119 i ciekawe pomys\u0142y na spo\u017cytkowanie czasu wolnego. Je\u015bli ju\u017c dzi\u015b wiesz, \u017ce pomaganie jest Twoj\u0105 mocn\u0105 stron\u0105, nie zastanawiaj si\u0119 d\u0142u\u017cej &#8211; do\u0142\u0105cz [&hellip;]<\/p>\n","protected":false},"author":66,"featured_media":22413,"parent":0,"menu_order":0,"comment_status":"closed","ping_status":"closed","template":"","meta":{"ngg_post_thumbnail":0,"footnotes":""},"class_list":["post-1082","page","type-page","status-publish","has-post-thumbnail","hentry"],"_links":{"self":[{"href":"https:\/\/sp22.edu.pl\/index.php?rest_route=\/wp\/v2\/pages\/1082"}],"collection":[{"href":"https:\/\/sp22.edu.pl\/index.php?rest_route=\/wp\/v2\/pages"}],"about":[{"href":"https:\/\/sp22.edu.pl\/index.php?rest_route=\/wp\/v2\/types\/page"}],"author":[{"embeddable":true,"href":"https:\/\/sp22.edu.pl\/index.php?rest_route=\/wp\/v2\/users\/66"}],"replies":[{"embeddable":true,"href":"https:\/\/sp22.edu.pl\/index.php?rest_route=%2Fwp%2Fv2%2Fcomments&post=1082"}],"version-history":[{"count":6,"href":"https:\/\/sp22.edu.pl\/index.php?rest_route=\/wp\/v2\/pages\/1082\/revisions"}],"predecessor-version":[{"id":22441,"href":"https:\/\/sp22.edu.pl\/index.php?rest_route=\/wp\/v2\/pages\/1082\/revisions\/22441"}],"wp:featuredmedia":[{"embeddable":true,"href":"https:\/\/sp22.edu.pl\/index.php?rest_route=\/wp\/v2\/media\/22413"}],"wp:attachment":[{"href":"https:\/\/sp22.edu.pl\/index.php?rest_route=%2Fwp%2Fv2%2Fmedia&parent=1082"}],"curies":[{"name":"wp","href":"https:\/\/api.w.org\/{rel}","templated":true}]}}