{"id":136,"date":"2016-08-26T16:23:10","date_gmt":"2016-08-26T14:23:10","guid":{"rendered":"http:\/\/gim11.com\/wordpress\/?page_id=136"},"modified":"2016-09-20T10:57:01","modified_gmt":"2016-09-20T08:57:01","slug":"patron-szkoly","status":"publish","type":"page","link":"https:\/\/sp22.edu.pl\/?page_id=136","title":{"rendered":"Patron szko\u0142y"},"content":{"rendered":"<p><b><img loading=\"lazy\" decoding=\"async\" class=\"alignnone size-medium wp-image-251\" src=\"http:\/\/gim11.com\/wp-content\/uploads\/2016\/08\/z3626630QJan-Stefan-Dworak-195x300.jpg\" alt=\"z3626630Q,Jan-Stefan-Dworak\" width=\"195\" height=\"300\" align=\"left\" srcset=\"https:\/\/sp22.edu.pl\/wp-content\/uploads\/2016\/08\/z3626630QJan-Stefan-Dworak-195x300.jpg 195w, https:\/\/sp22.edu.pl\/wp-content\/uploads\/2016\/08\/z3626630QJan-Stefan-Dworak.jpg 417w\" sizes=\"(max-width: 195px) 100vw, 195px\" \/>Jan Stefan Dworak<\/b> (ur. <a title=\"10 grudnia\" href=\"https:\/\/pl.wikipedia.org\/wiki\/10_grudnia\">10 grudnia<\/a> <a title=\"1899\" href=\"https:\/\/pl.wikipedia.org\/wiki\/1899\">1899<\/a> w <a title=\"Nowy Bytom\" href=\"https:\/\/pl.wikipedia.org\/wiki\/Nowy_Bytom\">Nowym Bytomiu<\/a>, zm. <a title=\"4 grudnia\" href=\"https:\/\/pl.wikipedia.org\/wiki\/4_grudnia\">4 grudnia<\/a> <a title=\"1986\" href=\"https:\/\/pl.wikipedia.org\/wiki\/1986\">1986<\/a> w <a title=\"Ruda \u015al\u0105ska\" href=\"https:\/\/pl.wikipedia.org\/wiki\/Ruda_%C5%9Al%C4%85ska\">Rudzie \u015al\u0105skiej<\/a>) \u2013 polski i \u015bl\u0105ski historyk, urz\u0119dnik.<\/p>\n<p>Syn kowala. Gdy w 1922 Nowy Bytom wszed\u0142 w granice Polski, Dworak zosta\u0142 kierownikiem biur w urz\u0119dzie gminnym. Od 1930 pe\u0142ni\u0142 funkcj\u0119 dyrektora administracyjnego.<\/p>\n<p>Od 1923 prowadzi\u0142 badania nad dziejami Nowego Bytomia i s\u0105siednich miejscowo\u015bci. Ich efektem by\u0142y m.in. biografie znanych mieszka\u0144c\u00f3w G\u00f3rnego \u015al\u0105ska oraz kroniki towarzystw i przyczynki historyczne.<\/p>\n<p>W czasie <a title=\"II wojna \u015bwiatowa\" href=\"https:\/\/pl.wikipedia.org\/wiki\/II_wojna_%C5%9Bwiatowa\">wojny<\/a> musia\u0142 wyjecha\u0107 z G\u00f3rnego \u015al\u0105ska. Gdy powr\u00f3ci\u0142, obj\u0105\u0142 stanowisko wiceburmistrza Nowego Bytomia. W czasach <a title=\"Stalinizm\" href=\"https:\/\/pl.wikipedia.org\/wiki\/Stalinizm\">stalinizmu<\/a> zosta\u0142 zmuszony do wyjazdu na <a title=\"\u015al\u0105sk Opolski\" href=\"https:\/\/pl.wikipedia.org\/wiki\/%C5%9Al%C4%85sk_Opolski\">\u015al\u0105sk Opolski<\/a>. Po powrocie do Nowego Bytomia pracowa\u0142 na podrz\u0119dnej posadzie w szkole, lecz ca\u0142y czas dzia\u0142a\u0142 spo\u0142ecznie i po\u015bwi\u0119ca\u0142 si\u0119 pracy badawczej.<\/p>\n<p>Dworak zmar\u0142 i zosta\u0142 pochowany w Rudzie \u015al\u0105skiej.<\/p>\n<p>Jego imieniem nazwana zosta\u0142a jedna z ulic w Rudzie \u015al\u0105skiej oraz Szko\u0142a Podstawowa nr 22 (obecnie Gimnazjum Nr 11) w <a title=\"Nowy Bytom\" href=\"https:\/\/pl.wikipedia.org\/wiki\/Nowy_Bytom\">Nowym Bytomiu<\/a> (dzielnicy <a title=\"Ruda \u015al\u0105ska\" href=\"https:\/\/pl.wikipedia.org\/wiki\/Ruda_%C5%9Al%C4%85ska\">Rudy \u015al\u0105skiej<\/a>).<\/p>\n<p>\u017ar\u00f3d\u0142o:\u00a0<a href=\"https:\/\/pl.wikipedia.org\/wiki\/Jan_Stefan_Dworak\">https:\/\/pl.wikipedia.org\/wiki\/Jan_Stefan_Dworak<\/a><\/p>\n","protected":false},"excerpt":{"rendered":"<p>Jan Stefan Dworak (ur. 10 grudnia 1899 w Nowym Bytomiu, zm. 4 grudnia 1986 w Rudzie \u015al\u0105skiej) \u2013 polski i \u015bl\u0105ski historyk, urz\u0119dnik. Syn kowala. Gdy w 1922 Nowy Bytom wszed\u0142 w granice Polski, Dworak zosta\u0142 kierownikiem biur w urz\u0119dzie gminnym. Od 1930 pe\u0142ni\u0142 funkcj\u0119 dyrektora administracyjnego. Od 1923 prowadzi\u0142 badania nad dziejami Nowego Bytomia [&hellip;]<\/p>\n","protected":false},"author":1,"featured_media":0,"parent":39,"menu_order":0,"comment_status":"closed","ping_status":"closed","template":"","meta":{"ngg_post_thumbnail":0,"footnotes":""},"class_list":["post-136","page","type-page","status-publish","hentry"],"_links":{"self":[{"href":"https:\/\/sp22.edu.pl\/index.php?rest_route=\/wp\/v2\/pages\/136"}],"collection":[{"href":"https:\/\/sp22.edu.pl\/index.php?rest_route=\/wp\/v2\/pages"}],"about":[{"href":"https:\/\/sp22.edu.pl\/index.php?rest_route=\/wp\/v2\/types\/page"}],"author":[{"embeddable":true,"href":"https:\/\/sp22.edu.pl\/index.php?rest_route=\/wp\/v2\/users\/1"}],"replies":[{"embeddable":true,"href":"https:\/\/sp22.edu.pl\/index.php?rest_route=%2Fwp%2Fv2%2Fcomments&post=136"}],"version-history":[{"count":3,"href":"https:\/\/sp22.edu.pl\/index.php?rest_route=\/wp\/v2\/pages\/136\/revisions"}],"predecessor-version":[{"id":253,"href":"https:\/\/sp22.edu.pl\/index.php?rest_route=\/wp\/v2\/pages\/136\/revisions\/253"}],"up":[{"embeddable":true,"href":"https:\/\/sp22.edu.pl\/index.php?rest_route=\/wp\/v2\/pages\/39"}],"wp:attachment":[{"href":"https:\/\/sp22.edu.pl\/index.php?rest_route=%2Fwp%2Fv2%2Fmedia&parent=136"}],"curies":[{"name":"wp","href":"https:\/\/api.w.org\/{rel}","templated":true}]}}