{"id":14250,"date":"2018-11-28T23:26:10","date_gmt":"2018-11-28T22:26:10","guid":{"rendered":"http:\/\/sp22.edu.pl\/?page_id=14250"},"modified":"2018-11-28T23:41:25","modified_gmt":"2018-11-28T22:41:25","slug":"panstwowy-powiatowy-inspektor-sanitarny-w-rudzie-slaskiej","status":"publish","type":"page","link":"https:\/\/sp22.edu.pl\/?page_id=14250","title":{"rendered":"Pa\u0144stwowy Powiatowy Inspektor Sanitarny w Rudzie \u015al\u0105skiej"},"content":{"rendered":"<ol>\n<li><a href=\"https:\/\/sp22.edu.pl\/2018.2019\/wszawica\/wszawica_PLAKAT_A2.pdf?_t=1543442911\">Informacja dla rodzic\u00f3w Pa\u0144stwowego Powiatowego Inspektora Sanitarnego w Rudzie \u015al\u0105skiej<\/a><\/li>\n<li><a href=\"https:\/\/sp22.edu.pl\/2018.2019\/wszawica\/wszawica_BROSZURA_A5.pdf?_t=1543442911\">Broszura<\/a><\/li>\n<li><a href=\"https:\/\/sp22.edu.pl\/2018.2019\/wszawica\/wszawica_PLAKAT_A2.pdf?_t=1543442911\">Ulotka<\/a><\/li>\n<li><a href=\"https:\/\/sp22.edu.pl\/2018.2019\/wszawica\/wszawica_PLAKAT_A2.pdf?_t=1543442911\">Plakat<\/a><\/li>\n<\/ol>\n","protected":false},"excerpt":{"rendered":"<p>Informacja dla rodzic\u00f3w Pa\u0144stwowego Powiatowego Inspektora Sanitarnego w Rudzie \u015al\u0105skiej Broszura Ulotka Plakat<\/p>\n","protected":false},"author":14,"featured_media":0,"parent":35,"menu_order":0,"comment_status":"closed","ping_status":"closed","template":"","meta":{"ngg_post_thumbnail":0,"footnotes":""},"class_list":["post-14250","page","type-page","status-publish","hentry"],"_links":{"self":[{"href":"https:\/\/sp22.edu.pl\/index.php?rest_route=\/wp\/v2\/pages\/14250"}],"collection":[{"href":"https:\/\/sp22.edu.pl\/index.php?rest_route=\/wp\/v2\/pages"}],"about":[{"href":"https:\/\/sp22.edu.pl\/index.php?rest_route=\/wp\/v2\/types\/page"}],"author":[{"embeddable":true,"href":"https:\/\/sp22.edu.pl\/index.php?rest_route=\/wp\/v2\/users\/14"}],"replies":[{"embeddable":true,"href":"https:\/\/sp22.edu.pl\/index.php?rest_route=%2Fwp%2Fv2%2Fcomments&post=14250"}],"version-history":[{"count":7,"href":"https:\/\/sp22.edu.pl\/index.php?rest_route=\/wp\/v2\/pages\/14250\/revisions"}],"predecessor-version":[{"id":14258,"href":"https:\/\/sp22.edu.pl\/index.php?rest_route=\/wp\/v2\/pages\/14250\/revisions\/14258"}],"up":[{"embeddable":true,"href":"https:\/\/sp22.edu.pl\/index.php?rest_route=\/wp\/v2\/pages\/35"}],"wp:attachment":[{"href":"https:\/\/sp22.edu.pl\/index.php?rest_route=%2Fwp%2Fv2%2Fmedia&parent=14250"}],"curies":[{"name":"wp","href":"https:\/\/api.w.org\/{rel}","templated":true}]}}