{"id":15410,"date":"2019-03-21T15:31:09","date_gmt":"2019-03-21T14:31:09","guid":{"rendered":"http:\/\/sp22.edu.pl\/?page_id=15410"},"modified":"2026-03-16T11:53:20","modified_gmt":"2026-03-16T10:53:20","slug":"jadlospis","status":"publish","type":"page","link":"https:\/\/sp22.edu.pl\/?page_id=15410","title":{"rendered":"Jad\u0142ospis"},"content":{"rendered":"\n<figure class=\"wp-block-table\"><table class=\"has-fixed-layout\"><tbody><tr><td><strong>Data<\/strong><\/td><td><strong>OBIAD<\/strong><\/td><td><strong>ALERGENY<\/strong><\/td><\/tr><tr><td><br><strong>PONIEDZIA\u0141EK<\/strong> 16.03.2026<\/td><td><strong>ZUPA: z kurczakiem i ziemniakami,<\/strong> <strong>II DANIE: <\/strong><strong>makaron<\/strong><strong>z <\/strong><strong>serem<\/strong><strong>,<\/strong> <strong>mus owocowy,<\/strong><\/td><td>seler gluten, jajko, laktoza<\/td><\/tr><tr><td><br><strong>WTOREK<\/strong> 17.03.2026<\/td><td><strong>ZUPA: <\/strong><strong>kalafiorowa z lanym ciastem<\/strong><strong>,<\/strong> <strong>II DANIE: ziemniaki, kotlet schabowy,<\/strong> <strong>mizeria z <u>jogurtem<\/u> i koperkiem,<\/strong> <strong>kompot owocowy,<\/strong><\/td><td>seler, gluten jajko, laktoza<\/td><\/tr><tr><td><br><strong>\u015aRODA<\/strong> 18.03.2026<\/td><td><strong>ZUPA: <\/strong><strong>k<\/strong><strong>rem z marchwi<\/strong><strong> ,<\/strong> <strong>II DANIE: <\/strong><strong>kasza, gulasz z karczku,<\/strong> <strong>sur\u00f3wka z bia\u0142ej kapusty,<\/strong> <strong>sok owocowy<\/strong><\/td><td>Seler, gluten,<\/td><\/tr><tr><td><br><strong>CZWARTEK<\/strong> 19.03.2026<\/td><td><strong>ZUPA: ros\u00f3\u0142 <\/strong><strong>makaronem<\/strong><strong>,<\/strong> <strong>II DANIE: ziemniaki, piecze\u0144 z karczku, <u>sos,<\/u><\/strong> <strong>sa\u0142atka z buraczk\u00f3w i og\u00f3rka kiszonego<\/strong><strong>,<\/strong> <strong>sok owocowy,<\/strong><\/td><td>seler, gluten laktoza<br><\/td><\/tr><tr><td><br><strong>PI\u0104TEK<\/strong> 20.03.2026<\/td><td><strong>ZUPA: <\/strong><strong>jarzynowa z <\/strong><strong>kasz\u0105 mann\u0105<\/strong><strong>,<\/strong> <strong>II DANIE: ziemniaki, <\/strong><strong>filet z ryby sma\u017cony,<\/strong> <strong>sa\u0142atka z kapusty kiszonej,<\/strong> <strong>kompot owocowy,<\/strong><\/td><td>seler, gluten, laktoza, ryba, jajko,<\/td><\/tr><tr><td><br><strong>PONIEDZIA\u0141EK<\/strong> 23.03.2026<\/td><td><strong>ZUPA: pieczarkowa z makaronem<\/strong> <strong>II DANIE: <\/strong><strong>ziemniaki, <\/strong><strong>jajko w sosie koperkowym<\/strong><strong>,<\/strong> <strong>warzywa na parze,<\/strong> <strong>sok owocowy<\/strong><\/td><td>seler jajko, laktoza<br><\/td><\/tr><tr><td><br><strong>WTOREK<\/strong> 24.03.2026<\/td><td><strong>ZUPA: krupnik,<\/strong> <strong>II DANIE: ziemniaki, bitki z szynki, <u>sos,<\/u><\/strong> <strong>sa\u0142atka z kapusty bia\u0142ej,<\/strong> <strong>kompot owocowy<\/strong><\/td><td>seler, gluten mleko<\/td><\/tr><tr><td><br><strong>\u015aRODA<\/strong> 25.03.2026<\/td><td><strong>ZUPA: jarzynowa z kapust\u0105 w\u0142osk\u0105 ziemniakami,<\/strong> <strong>II DANIE: ry\u017c, gulasz z sosem s\u0142odko kwa\u015bnym,<\/strong> <strong>Kubu\u015b Water<\/strong><\/td><td>seler, gluten<\/td><\/tr><tr><td><br><strong>CZWARTEK<\/strong> 26.03.2026<\/td><td><strong>ZUPA: <\/strong><strong>k<\/strong><strong>operkowa z ry\u017cem<\/strong><strong>,<\/strong> <strong>II DANIE: ziemniaki, piecze\u0144 z filetu indyka, <u>sos,<\/u><\/strong> <strong>sa\u0142ata lodowa z <u>jogurtem<\/u><u>,<\/u><\/strong> <strong>sok owocowy,<\/strong><\/td><td>Seler, gluten laktoza<\/td><\/tr><tr><td><br><strong>PI\u0104TEK<\/strong> 27.03.2026<\/td><td><strong>ZUPA: <\/strong><strong>pomidorowa<\/strong><strong> z <\/strong><strong>makaronem,<\/strong> <strong>II DANIE: ziemniaki, <\/strong><strong>kotlet mielony z ryby<\/strong><strong>,<\/strong> <strong>sur\u00f3wka z kapusty peki\u0144skiej,<\/strong> <strong>kompot owocowy,<\/strong><\/td><td>seler, gluten, gluten, jajko, ryba, laktoza<br><\/td><\/tr><\/tbody><\/table><\/figure>\n\n\n\n<div class=\"wp-block-columns is-layout-flex wp-container-core-columns-is-layout-1 wp-block-columns-is-layout-flex\">\n<div class=\"wp-block-column is-layout-flow wp-block-column-is-layout-flow\"><\/div>\n<\/div>\n\n\n\n<p><strong>KOSZT&nbsp; 1 OBIADU WYNOSI&nbsp; 5,50 Z\u0141<\/strong><\/p>\n\n\n\n<p><strong>W MIESI\u0104CU&nbsp; <\/strong><strong>2026 r.<\/strong><strong> &#8211; <\/strong><strong>ILO\u015a\u0106 OBIAD\u00d3W<\/strong><strong> -22 <\/strong>&nbsp;&nbsp;&nbsp;&nbsp; <strong>RAZEM DO ZAP\u0141ATY 121&nbsp;,00<\/strong><strong> z\u0142.<\/strong><\/p>\n\n\n\n<p><strong>Termin p\u0142atno\u015bci od&nbsp;02.03.2026 -16.03.2026r.<\/strong><\/p>\n\n\n\n<p><strong><em>Przypominamy, \u017ce:<\/em><\/strong><\/p>\n\n\n\n<ol class=\"wp-block-list\">\n<li><em>Brak terminowej wp\u0142aty b\u0119dzie jednoznaczny z rezygnacj\u0105 korzystania z posi\u0142k\u00f3w.<\/em><\/li>\n\n\n\n<li><em>Przed dokonaniem przelewu za kolejny miesi\u0105c nale\u017cy skonsultowa\u0107 wszelkie odliczenia i uzgodni\u0107 wysoko\u015b\u0107 kwoty do zap\u0142aty z Intendentem.<\/em><\/li>\n\n\n\n<li><em>Tylko zg\u0142oszone nieobecno\u015bci podlegaj\u0105 odliczeniu (nr tel. 32-2486132 wew. 21 lub 27).<\/em><\/li>\n\n\n\n<li><em>Jednodniowe nieobecno\u015bci nie stanowi\u0105 podstawy do odliczenia.<\/em><\/li>\n\n\n\n<li><em>Ca\u0142kowit\u0105 rezygnacj\u0119 korzystania z obiad\u00f3w nale\u017cy zg\u0142asza\u0107 z miesi\u0119cznym wyprzedzeniem.&nbsp;&nbsp;&nbsp;<\/em><\/li>\n<\/ol>\n\n\n\n<p><strong><em>Prosimy o wp\u0142acanie dok\u0142adnej (bez zaokr\u0105gle\u0144) wyliczonej kwoty za obiady.<\/em><\/strong><\/p>\n\n\n\n<p><strong>Op\u0142aty&nbsp; dokona\u0107 na wskazane konto bankowe:<\/strong><\/p>\n\n\n\n<p><strong>&nbsp;<\/strong><b><span style=\"font-size:12.0pt;line-height:107%;font-family:&quot;Trebuchet MS&quot;,sans-serif\">Bank <\/span><\/b><b><span style=\"font-size:12.0pt;line-height:107%;font-family:&quot;Trebuchet MS&quot;,sans-serif\">Pekao S.A. <\/span><\/b><b><span style=\"font-size:12.0pt;line-height:107%;\nfont-family:&quot;Trebuchet MS&quot;,sans-serif;mso-bidi-font-family:&quot;Courier New&quot;;\ncolor:#333333;background:white\">91&nbsp;1240&nbsp;1037&nbsp;1111&nbsp;0011&nbsp;6299&nbsp;3252<\/span><\/b><br><br><strong>                                                                                                                              <\/strong><\/p>\n\n\n\n<p><strong><em>&nbsp;<\/em> <\/strong><\/p>\n\n\n\n<p><\/p>\n\n\n\n<p><\/p>\n\n\n\n<p><\/p>\n","protected":false},"excerpt":{"rendered":"<p>Data OBIAD ALERGENY PONIEDZIA\u0141EK 16.03.2026 ZUPA: z kurczakiem i ziemniakami, II DANIE: makaronz serem, mus owocowy, seler gluten, jajko, laktoza WTOREK 17.03.2026 ZUPA: kalafiorowa z lanym ciastem, II DANIE: ziemniaki, kotlet schabowy, mizeria z jogurtem i koperkiem, kompot owocowy, seler, gluten jajko, laktoza \u015aRODA 18.03.2026 ZUPA: krem z marchwi , II DANIE: kasza, gulasz z [&hellip;]<\/p>\n","protected":false},"author":14,"featured_media":0,"parent":0,"menu_order":0,"comment_status":"closed","ping_status":"closed","template":"","meta":{"ngg_post_thumbnail":0,"footnotes":""},"class_list":["post-15410","page","type-page","status-publish","hentry"],"_links":{"self":[{"href":"https:\/\/sp22.edu.pl\/index.php?rest_route=\/wp\/v2\/pages\/15410"}],"collection":[{"href":"https:\/\/sp22.edu.pl\/index.php?rest_route=\/wp\/v2\/pages"}],"about":[{"href":"https:\/\/sp22.edu.pl\/index.php?rest_route=\/wp\/v2\/types\/page"}],"author":[{"embeddable":true,"href":"https:\/\/sp22.edu.pl\/index.php?rest_route=\/wp\/v2\/users\/14"}],"replies":[{"embeddable":true,"href":"https:\/\/sp22.edu.pl\/index.php?rest_route=%2Fwp%2Fv2%2Fcomments&post=15410"}],"version-history":[{"count":162,"href":"https:\/\/sp22.edu.pl\/index.php?rest_route=\/wp\/v2\/pages\/15410\/revisions"}],"predecessor-version":[{"id":25657,"href":"https:\/\/sp22.edu.pl\/index.php?rest_route=\/wp\/v2\/pages\/15410\/revisions\/25657"}],"wp:attachment":[{"href":"https:\/\/sp22.edu.pl\/index.php?rest_route=%2Fwp%2Fv2%2Fmedia&parent=15410"}],"curies":[{"name":"wp","href":"https:\/\/api.w.org\/{rel}","templated":true}]}}