{"id":15956,"date":"2019-09-18T17:47:31","date_gmt":"2019-09-18T15:47:31","guid":{"rendered":"http:\/\/sp22.edu.pl\/?page_id=15956"},"modified":"2023-05-30T13:36:05","modified_gmt":"2023-05-30T11:36:05","slug":"obiady-nr-konta","status":"publish","type":"page","link":"https:\/\/sp22.edu.pl\/?page_id=15956","title":{"rendered":"Obiady &#8211; nr konta"},"content":{"rendered":"<p>\n<!--StartFragment--><\/p>\n\n\n<p>Op\u0142aty za obiady prosimy dokonywa\u0107 na konto bankowe:<br><strong>ING Bank \u015al\u0105ski 75 1050 1331 1000 0022 5839 2840<\/strong><\/p>\n\n\n\n<p>Prosimy o przesy\u0142anie potwierdzenia przelewu bankowego na e-mail: intendent@sp22.edu.pl <\/p>\n\n\n\n<p><a href=\"https:\/\/sp22.edu.pl\/2022.2023\/Zasady.pdf?_t=1685446304\" target=\"_blank\" rel=\"noreferrer noopener\">Zasady korzystania ze sto\u0142\u00f3wki szkolnej.<\/a><\/p>\n\n\n<p><!--EndFragment--><\/p>\n\n\n<p><\/p>\n","protected":false},"excerpt":{"rendered":"<p>Op\u0142aty za obiady prosimy dokonywa\u0107 na konto bankowe:ING Bank \u015al\u0105ski 75 1050 1331 1000 0022 5839 2840 Prosimy o przesy\u0142anie potwierdzenia przelewu bankowego na e-mail: intendent@sp22.edu.pl Zasady korzystania ze sto\u0142\u00f3wki szkolnej.<\/p>\n","protected":false},"author":14,"featured_media":0,"parent":0,"menu_order":0,"comment_status":"closed","ping_status":"closed","template":"","meta":{"ngg_post_thumbnail":0,"footnotes":""},"class_list":["post-15956","page","type-page","status-publish","hentry"],"_links":{"self":[{"href":"https:\/\/sp22.edu.pl\/index.php?rest_route=\/wp\/v2\/pages\/15956"}],"collection":[{"href":"https:\/\/sp22.edu.pl\/index.php?rest_route=\/wp\/v2\/pages"}],"about":[{"href":"https:\/\/sp22.edu.pl\/index.php?rest_route=\/wp\/v2\/types\/page"}],"author":[{"embeddable":true,"href":"https:\/\/sp22.edu.pl\/index.php?rest_route=\/wp\/v2\/users\/14"}],"replies":[{"embeddable":true,"href":"https:\/\/sp22.edu.pl\/index.php?rest_route=%2Fwp%2Fv2%2Fcomments&post=15956"}],"version-history":[{"count":4,"href":"https:\/\/sp22.edu.pl\/index.php?rest_route=\/wp\/v2\/pages\/15956\/revisions"}],"predecessor-version":[{"id":21253,"href":"https:\/\/sp22.edu.pl\/index.php?rest_route=\/wp\/v2\/pages\/15956\/revisions\/21253"}],"wp:attachment":[{"href":"https:\/\/sp22.edu.pl\/index.php?rest_route=%2Fwp%2Fv2%2Fmedia&parent=15956"}],"curies":[{"name":"wp","href":"https:\/\/api.w.org\/{rel}","templated":true}]}}