{"id":17322,"date":"2020-03-01T22:10:08","date_gmt":"2020-03-01T21:10:08","guid":{"rendered":"http:\/\/sp22.edu.pl\/?page_id=17322"},"modified":"2026-02-13T19:21:49","modified_gmt":"2026-02-13T18:21:49","slug":"rekrutacja-2020-2021","status":"publish","type":"page","link":"https:\/\/sp22.edu.pl\/?page_id=17322","title":{"rendered":"REKRUTACJA 2026\/2027"},"content":{"rendered":"\n<p><\/p>\n\n\n\n<p><strong>Rekrutacja do 1 klas b\u0119dzie odbywa\u0142a si\u0119 zgodnie z harmonogramem&nbsp;<\/strong><\/p>\n\n\n\n<p><strong>od 2 marca 2026 od godz. 8.00 do 13 marca 2026 do godz. 15.00.<\/strong><\/p>\n\n\n\n<p><strong>Nab\u00f3r kandydat\u00f3w do\u00a0 pierwszych klas w roku\u00a0 2026\/2027 odbywa si\u0119 poprzez stron\u0119:<\/strong><\/p>\n\n\n\n<p><a href=\"http:\/\/rudaslaska.podstawowe.vnabor.pl\/\">http:\/\/rudaslaska.podstawowe.vnabor.pl<\/a><\/p>\n\n\n\n<p><\/p>\n\n\n\n<p><strong>Wypisane w systemie dokumenty, wydrukowane, podpisane przez rodzic\u00f3w wraz z wymaganymi za\u015bwiadczeniami prosz\u0119 sk\u0142ada\u0107 w sekretariacie&nbsp; w nieprzekraczalnym terminie do 13.03.2026 do godz. 15.00. Po tym terminie system zostaje zamkni\u0119ty!!!<\/strong><\/p>\n\n\n\n<p><strong>Rodzice dzieci spoza obwodu zobligowani s\u0105 do z\u0142o\u017cenia&nbsp; w sekretariacie w nieprzekraczalnym terminie&nbsp; od 19.03.2026 od godz. 8.00&nbsp; do 26.03.2026 do godz. 15.00 dokumentu potwierdzenia woli ucz\u0119szczania do szko\u0142y.<\/strong><\/p>\n\n\n\n<p><strong>Nie z\u0142o\u017cenie potwierdzenia woli skutkuje odrzuceniem wniosku kandydata do naboru!!!<\/strong><\/p>\n\n\n\n<p>Rodzice dzieci z obwodu wype\u0142niaj\u0105 i \u00a0drukuj\u0105\u00a0 <strong><em><a href=\"https:\/\/sp22.edu.pl\/2025.2026\/Rekrutacja\/Druk%20Zg%C5%82oszenie%20do%20klasy%20I%20%281%29%281%29.doc\">Zg\u0142oszenie<\/a><\/em><\/strong>, natomiast rodzice dzieci spoza obwodu wype\u0142niaj\u0105 i drukuj\u0105 \u00a0<strong><em><a href=\"https:\/\/sp22.edu.pl\/2025.2026\/Rekrutacja\/Druk%20Wniosek%20o%20przyj%C4%99cie%20kandydata%20do%20klasy%20I%20szko%C5%82y%20podstawowej2022-3%281%29.doc\">Wniosek<\/a>\u00a0 wraz\u00a0 z  <a href=\"https:\/\/sp22.edu.pl\/2025.2026\/Rekrutacja\/Potwierdzanie_woli_zapisu_do_kl_I.doc\">potwierdzeniem woli<\/a> oraz o\u015bwiadczeniami<\/em><\/strong>: <a href=\"https:\/\/sp22.edu.pl\/2025.2026\/Rekrutacja\/Oswiadczenie_dzialalnosc_gospodarcza%20(1).pdf\">dzia\u0142alno\u015b\u0107 gospodarcza<\/a>, <a href=\"https:\/\/sp22.edu.pl\/2025.2026\/Rekrutacja\/Oswiadczenie_rodzenstwo_krewni%20%281%29.pdf\">krewni<\/a>, <a href=\"https:\/\/sp22.edu.pl\/2025.2026\/Rekrutacja\/Oswiadczenie_rodzenstwo_szkola%20%281%29.pdf\">rodze\u0144stwo w szkole<\/a>, <a href=\"https:\/\/sp22.edu.pl\/2025.2026\/Rekrutacja\/Oswiadczenie_rodzenstwo_przedszkole%20%281%29-2.pdf\">rodze\u0144stwo w przedszkolu.<\/a><\/p>\n\n\n\n<p><strong>Og\u0142oszenie listy kandydat\u00f3w przyj\u0119tych i nieprzyj\u0119tych nast\u0105pi w dniu<br>27.03.2026 r. o godz. 8.00<\/strong><\/p>\n\n\n\n<p><\/p>\n\n\n\n<p>Ustalony harmonogram czynno\u015bci w post\u0119powaniu rekrutacyjnym \/ post\u0119powaniu uzupe\u0142niaj\u0105cym do <strong>klas pierwszych<\/strong> szk\u00f3\u0142 podstawowych w Rudzie \u015al\u0105skiej na r. szk. 2025\/2026 w poni\u017cszym zarz\u0105dzeniu:<\/p>\n\n\n\n<p><a href=\"https:\/\/sp22.edu.pl\/2025.2026\/Rekrutacja\/Zarz%C4%85dzenie%20Prezydenta%20Miasta%20SP.0050.2.11.2026%20zdn.16%20stycznia%202026%20r..PDF\">ZARZ\u0104DZENIE PREZYDENTA MIASTA RUDA \u015aL\u0104SKA<\/a><\/p>\n\n\n\n<p><\/p>\n\n\n\n<p><strong>Wszystkich wyja\u015bnie\u0144 i informacji udzielimy przez telefon: <\/strong><strong>322486132<\/strong><strong>, mailem: <a href=\"mailto:szkola@sp22.edu.pl\">szkola@sp22.edu.pl<\/a> lub w sekretariacie szko\u0142y pod adresem: <\/strong><strong>41-709 Ruda \u015al\u0105ska, ul. Ratownik\u00f3w 15. <\/strong><strong>Zapraszamy r\u00f3wnie\u017c na stron\u0119 internetow\u0105 szko\u0142y: <a href=\"http:\/\/www.sp22.edu.pl\">www.sp22.edu.pl<\/a><\/strong><\/p>\n\n\n\n<p><\/p>\n\n\n\n<p>Za\u0142\u0105cznik:<\/p>\n\n\n\n<ul class=\"wp-block-list\">\n<li><a href=\"https:\/\/sp22.edu.pl\/2025.2026\/Rekrutacja\/Uchwa%C5%82a%20NR%20PR.0007.180.2023.pdf\">UCHWA\u0141A RADY MIASTA RUDA \u015aL\u0104SKA<\/a><br>w sprawie okre\u015blenia kryteri\u00f3w obowi\u0105zuj\u0105cych w post\u0119powaniu rekrutacyjnym do klasy pierwszej<\/li>\n<\/ul>\n\n\n\n<p><\/p>\n","protected":false},"excerpt":{"rendered":"<p>Rekrutacja do 1 klas b\u0119dzie odbywa\u0142a si\u0119 zgodnie z harmonogramem&nbsp; od 2 marca 2026 od godz. 8.00 do 13 marca 2026 do godz. 15.00. Nab\u00f3r kandydat\u00f3w do\u00a0 pierwszych klas w roku\u00a0 2026\/2027 odbywa si\u0119 poprzez stron\u0119: http:\/\/rudaslaska.podstawowe.vnabor.pl Wypisane w systemie dokumenty, wydrukowane, podpisane przez rodzic\u00f3w wraz z wymaganymi za\u015bwiadczeniami prosz\u0119 sk\u0142ada\u0107 w sekretariacie&nbsp; w nieprzekraczalnym [&hellip;]<\/p>\n","protected":false},"author":14,"featured_media":0,"parent":0,"menu_order":0,"comment_status":"closed","ping_status":"closed","template":"","meta":{"ngg_post_thumbnail":0,"footnotes":""},"class_list":["post-17322","page","type-page","status-publish","hentry"],"_links":{"self":[{"href":"https:\/\/sp22.edu.pl\/index.php?rest_route=\/wp\/v2\/pages\/17322"}],"collection":[{"href":"https:\/\/sp22.edu.pl\/index.php?rest_route=\/wp\/v2\/pages"}],"about":[{"href":"https:\/\/sp22.edu.pl\/index.php?rest_route=\/wp\/v2\/types\/page"}],"author":[{"embeddable":true,"href":"https:\/\/sp22.edu.pl\/index.php?rest_route=\/wp\/v2\/users\/14"}],"replies":[{"embeddable":true,"href":"https:\/\/sp22.edu.pl\/index.php?rest_route=%2Fwp%2Fv2%2Fcomments&post=17322"}],"version-history":[{"count":48,"href":"https:\/\/sp22.edu.pl\/index.php?rest_route=\/wp\/v2\/pages\/17322\/revisions"}],"predecessor-version":[{"id":25633,"href":"https:\/\/sp22.edu.pl\/index.php?rest_route=\/wp\/v2\/pages\/17322\/revisions\/25633"}],"wp:attachment":[{"href":"https:\/\/sp22.edu.pl\/index.php?rest_route=%2Fwp%2Fv2%2Fmedia&parent=17322"}],"curies":[{"name":"wp","href":"https:\/\/api.w.org\/{rel}","templated":true}]}}