{"id":17851,"date":"2020-05-13T20:11:08","date_gmt":"2020-05-13T18:11:08","guid":{"rendered":"http:\/\/sp22.edu.pl\/?page_id=17851"},"modified":"2021-04-13T16:18:22","modified_gmt":"2021-04-13T14:18:22","slug":"doradztwo-zawodowe","status":"publish","type":"page","link":"https:\/\/sp22.edu.pl\/?page_id=17851","title":{"rendered":"DORADZTWO ZAWODOWE"},"content":{"rendered":"<h3>DORADCA ZAWODOWY POLECA<\/h3>\n<p class=\"title-description caption-type\">Zapraszam Was i Waszych Rodzic\u00f3w do lektury materia\u0142\u00f3w, kt\u00f3re mog\u0105 si\u0119 Wam teraz przyda\u0107, zbli\u017ca si\u0119 wa\u017cny moment &#8211; REKRUTACJA DO SZK\u00d3\u0141 PONADPODSTAWOWYCH.<\/p>\n<p>Zapraszamy na poni\u017csz\u0105 stron\u0119: <a href=\"https:\/\/padlet.com\/pedagogbiologsp22\/Bookmarks\">https:\/\/padlet.com\/pedagogbiologsp22\/Bookmarks<\/a><\/p>\n<p><a href=\"https:\/\/padlet.com\/pedagogbiologsp22\/Bookmarks\"><img loading=\"lazy\" decoding=\"async\" class=\"size-full wp-image-17862 aligncenter\" src=\"https:\/\/sp22.edu.pl\/wp-content\/uploads\/2020\/05\/d_z.png\" alt=\"\" width=\"756\" height=\"440\" srcset=\"https:\/\/sp22.edu.pl\/wp-content\/uploads\/2020\/05\/d_z.png 756w, https:\/\/sp22.edu.pl\/wp-content\/uploads\/2020\/05\/d_z-300x175.png 300w\" sizes=\"(max-width: 756px) 100vw, 756px\" \/><\/a><\/p>\n<div id=\"js_a0j\" class=\"_5pbx userContent _3576\" data-testid=\"post_message\" data-ft=\"{&quot;tn&quot;:&quot;K&quot;}\">\n<p>&nbsp;<\/p>\n<\/div>\n","protected":false},"excerpt":{"rendered":"<p>DORADCA ZAWODOWY POLECA Zapraszam Was i Waszych Rodzic\u00f3w do lektury materia\u0142\u00f3w, kt\u00f3re mog\u0105 si\u0119 Wam teraz przyda\u0107, zbli\u017ca si\u0119 wa\u017cny moment &#8211; REKRUTACJA DO SZK\u00d3\u0141 PONADPODSTAWOWYCH. Zapraszamy na poni\u017csz\u0105 stron\u0119: https:\/\/padlet.com\/pedagogbiologsp22\/Bookmarks &nbsp;<\/p>\n","protected":false},"author":14,"featured_media":0,"parent":0,"menu_order":0,"comment_status":"closed","ping_status":"closed","template":"","meta":{"ngg_post_thumbnail":0,"footnotes":""},"class_list":["post-17851","page","type-page","status-publish","hentry"],"_links":{"self":[{"href":"https:\/\/sp22.edu.pl\/index.php?rest_route=\/wp\/v2\/pages\/17851"}],"collection":[{"href":"https:\/\/sp22.edu.pl\/index.php?rest_route=\/wp\/v2\/pages"}],"about":[{"href":"https:\/\/sp22.edu.pl\/index.php?rest_route=\/wp\/v2\/types\/page"}],"author":[{"embeddable":true,"href":"https:\/\/sp22.edu.pl\/index.php?rest_route=\/wp\/v2\/users\/14"}],"replies":[{"embeddable":true,"href":"https:\/\/sp22.edu.pl\/index.php?rest_route=%2Fwp%2Fv2%2Fcomments&post=17851"}],"version-history":[{"count":7,"href":"https:\/\/sp22.edu.pl\/index.php?rest_route=\/wp\/v2\/pages\/17851\/revisions"}],"predecessor-version":[{"id":18815,"href":"https:\/\/sp22.edu.pl\/index.php?rest_route=\/wp\/v2\/pages\/17851\/revisions\/18815"}],"wp:attachment":[{"href":"https:\/\/sp22.edu.pl\/index.php?rest_route=%2Fwp%2Fv2%2Fmedia&parent=17851"}],"curies":[{"name":"wp","href":"https:\/\/api.w.org\/{rel}","templated":true}]}}