{"id":18328,"date":"2020-11-03T17:31:36","date_gmt":"2020-11-03T16:31:36","guid":{"rendered":"http:\/\/sp22.edu.pl\/?page_id=18328"},"modified":"2025-10-17T09:23:12","modified_gmt":"2025-10-17T07:23:12","slug":"mlegitymacja","status":"publish","type":"page","link":"https:\/\/sp22.edu.pl\/?page_id=18328","title":{"rendered":"mObywatel Junior"},"content":{"rendered":"\n<p>Instrukcja dodania legitymacji szkolnej do aplikacji mObywatel Junior<\/p>\n\n\n\n<figure class=\"wp-block-table\"><table class=\"has-fixed-layout\"><tbody><tr><td><a href=\"https:\/\/dokumenty.men.gov.pl\/Informator-mObywatel-Junior-68babbeaa18f9-68c91216d44a1.pdf\" target=\"_blank\" rel=\"noreferrer noopener\">Informator mObywatel Junior<\/a><\/td><\/tr><\/tbody><\/table><\/figure>\n\n\n\n<p>W zwi\u0105zku ze zmianami dotycz\u0105cymi legitymacji szkolnych, przedstawiamy wszystkie niezb\u0119dne informacje.<\/p>\n\n\n\n<p>Zosta\u0142a udost\u0119pniona nowa funkcjonalno\u015b\u0107, kt\u00f3ra umo\u017cliwia uczniom dodanie legitymacji szkolnych <br>w aplikacji mObywatel Junior. To rozwi\u0105zanie nowoczesne, wygodne i bezpieczne.<\/p>\n\n\n\n<p>Ucze\u0144&nbsp; otrzymuje w szkole dane do logowania do&nbsp; ZPE &nbsp;<a href=\"https:\/\/zpe.gov.pl\/applications\/mlegitymacja\">Zintegrowana Platforma Edukacyjna<\/a>&nbsp;.<\/p>\n\n\n\n<p>W tym celu nale\u017cy uda\u0107 si\u0119 do szko\u0142y i z\u0142o\u017cy\u0107 odpowiedni wniosek.&nbsp;Ucze\u0144 b\u0119dzie m\u00f3g\u0142 doda\u0107 Legitymacj\u0119 szkoln\u0105 do swojej wersji aplikacji mObywatel Junior po zalogowaniu do Zintegrowanej Platformy Edukacyjnej i pozyskaniu stamt\u0105d kodu QR.&nbsp;&nbsp;<\/p>\n\n\n\n<p>Pomocne instrukcje dotycz\u0105ce ZPE znajd\u0105 Pa\u0144stwo na stronie:&nbsp;<a href=\"https:\/\/zpe.gov.pl\/pomoc\" target=\"_blank\" rel=\"noreferrer noopener\">https:\/\/zpe.gov.pl\/pomoc<\/a>&nbsp;&nbsp;. &nbsp;<\/p>\n\n\n\n<p>&nbsp;<strong>Wersja aplikacji mObywatel dla najm\u0142odszych<\/strong><\/p>\n\n\n\n<p>mObywatel Junior jest dost\u0119pny dla uczni\u00f3w w&nbsp;ka\u017cdym wieku. Do&nbsp;aktywacji&nbsp;nie potrzebujesz Profilu Zaufanego \u2013 wystarczy, \u017ce&nbsp;pobierzesz aplikacj\u0119&nbsp; &nbsp;mObywatel i&nbsp;wybierzesz wersj\u0119 Junior. W&nbsp;kolejnym kroku aktywujesz aplikacj\u0119 i&nbsp;dodasz legitymacj\u0119 szkoln\u0105. Aby to&nbsp;zrobi\u0107, zeskanuj kod QR dost\u0119pny na&nbsp;Zintegrowanej Platformie Edukacyjnej (ZPE) lub wklej 32-znakowy kod UUID. I&nbsp;gotowe \u2013 mo\u017cesz korzysta\u0107 z&nbsp;dokumentu w&nbsp;aplikacji!<\/p>\n\n\n\n<p><strong>Gdzie znajdziesz kod QR, za pomoc\u0105 kt\u00f3rego dodasz cyfrow\u0105 legitymacj\u0119?<\/strong><\/p>\n\n\n\n<p>Aby uzyska\u0107 kod QR, kt\u00f3ry jest potrzebny do&nbsp;dodania legitymacji do&nbsp;mObywatela Juniora, wejd\u017a na&nbsp;stron\u0119 Zintegrowanej Platformy Edukacyjnej (ZPE) \u2013 zpe.gov.pl. Zaloguj si\u0119 do&nbsp;platformy i&nbsp;wygeneruj kod QR, a&nbsp;nast\u0119pnie zeskanuj go w&nbsp;swojej aplikacji.<\/p>\n\n\n\n<p>Kod QR b\u0119dzie widoczny na&nbsp;ZPE, gdy Twoja szko\u0142a wygeneruje cyfrowe legitymacje szkolne. Od teraz nie musisz i\u015b\u0107 do&nbsp;sekretariatu, aby otrzyma\u0107 kod QR. Wszystko zrobisz online, wygodnie i&nbsp;szybko!&nbsp;&nbsp;&nbsp;&nbsp;&nbsp;&nbsp;&nbsp;<\/p>\n\n\n\n<p><strong>Legitymacja szkolna od teraz tak\u017ce w telefonie rodzica<\/strong><br><br>Rodzic lub opiekun prawny mo\u017ce doda\u0107 legitymacj\u0119 szkoln\u0105 dziecka do&nbsp;swojej aplikacji mObywatel. W&nbsp;tym celu nale\u017cy zeskanowa\u0107 kod QR lub wklei\u0107 32-znakowy kod UUID ze Zintegrowanej Platformy Edukacyjnej. Zar\u00f3wno rodzic, jak i&nbsp;opiekun mog\u0105 w&nbsp;aplikacji doda\u0107 legitymacje kilku swoich dzieci lub podopiecznych. \u0141\u0105cznie mo\u017cna je mie\u0107 na&nbsp;pi\u0119ciu r\u00f3\u017cnych urz\u0105dzeniach \u2013 na&nbsp;jednym urz\u0105dzeniu w&nbsp;wersji aplikacji mObywatel Junior oraz na&nbsp;czterech innych w&nbsp;aplikacji mObywatel (rodzica lub opiekuna prawnego).<\/p>\n\n\n\n<p><strong>Korzystaj ze zni\u017cek i ulg z cyfrow\u0105 legitymacj\u0105 szkoln\u0105<\/strong><\/p>\n\n\n\n<p>Cyfrowy dokument w&nbsp;aplikacji mObywatel Junior jest tak samo wa\u017cny jak jego tradycyjna wersja. Z&nbsp;nim potwierdzisz:<\/p>\n\n\n\n<ul class=\"wp-block-list\">\n<li>status ucznia,<\/li>\n\n\n\n<li>prawo do&nbsp;ulg oraz zni\u017cek.<\/li>\n<\/ul>\n\n\n\n<p>Od teraz wystarczy, \u017ce&nbsp;poka\u017cesz legitymacj\u0119 szkoln\u0105 w&nbsp;telefonie, aby skorzysta\u0107 z&nbsp;ulg, zni\u017cek i&nbsp;swoich uprawnie\u0144. R\u00f3b to&nbsp;szybko i&nbsp;wygodnie z&nbsp;mObywatelem Juniorem. Nie musisz pami\u0119ta\u0107 o&nbsp;papierowym dokumencie \u2013 wystarczy, \u017ce&nbsp;zalogujesz si\u0119 do&nbsp;aplikacji!<\/p>\n\n\n\n<p>Z cyfrowej legitymacji szkolnej w&nbsp;telefonie skorzystasz r\u00f3wnie\u017c offline. Nie musisz mie\u0107 dost\u0119pu do&nbsp;internetu, a&nbsp;legitymacja i&nbsp;tak b\u0119dzie dzia\u0142a\u0107.<\/p>\n\n\n\n<p>W za\u0142\u0105czeniu: <a href=\"https:\/\/sp22.edu.pl\/2025.2026\/Wniosek%20do%20logowania%20do%20ZPE.docx\">Wniosek o udost\u0119pnienie danych do logowania do ZPE.<\/a><\/p>\n\n\n\n<p><\/p>\n","protected":false},"excerpt":{"rendered":"<p>Instrukcja dodania legitymacji szkolnej do aplikacji mObywatel Junior Informator mObywatel Junior W zwi\u0105zku ze zmianami dotycz\u0105cymi legitymacji szkolnych, przedstawiamy wszystkie niezb\u0119dne informacje. Zosta\u0142a udost\u0119pniona nowa funkcjonalno\u015b\u0107, kt\u00f3ra umo\u017cliwia uczniom dodanie legitymacji szkolnych w aplikacji mObywatel Junior. To rozwi\u0105zanie nowoczesne, wygodne i bezpieczne. Ucze\u0144&nbsp; otrzymuje w szkole dane do logowania do&nbsp; ZPE &nbsp;Zintegrowana Platforma Edukacyjna&nbsp;. W [&hellip;]<\/p>\n","protected":false},"author":14,"featured_media":0,"parent":0,"menu_order":0,"comment_status":"closed","ping_status":"closed","template":"","meta":{"ngg_post_thumbnail":0,"footnotes":""},"class_list":["post-18328","page","type-page","status-publish","hentry"],"_links":{"self":[{"href":"https:\/\/sp22.edu.pl\/index.php?rest_route=\/wp\/v2\/pages\/18328"}],"collection":[{"href":"https:\/\/sp22.edu.pl\/index.php?rest_route=\/wp\/v2\/pages"}],"about":[{"href":"https:\/\/sp22.edu.pl\/index.php?rest_route=\/wp\/v2\/types\/page"}],"author":[{"embeddable":true,"href":"https:\/\/sp22.edu.pl\/index.php?rest_route=\/wp\/v2\/users\/14"}],"replies":[{"embeddable":true,"href":"https:\/\/sp22.edu.pl\/index.php?rest_route=%2Fwp%2Fv2%2Fcomments&post=18328"}],"version-history":[{"count":6,"href":"https:\/\/sp22.edu.pl\/index.php?rest_route=\/wp\/v2\/pages\/18328\/revisions"}],"predecessor-version":[{"id":24883,"href":"https:\/\/sp22.edu.pl\/index.php?rest_route=\/wp\/v2\/pages\/18328\/revisions\/24883"}],"wp:attachment":[{"href":"https:\/\/sp22.edu.pl\/index.php?rest_route=%2Fwp%2Fv2%2Fmedia&parent=18328"}],"curies":[{"name":"wp","href":"https:\/\/api.w.org\/{rel}","templated":true}]}}