{"id":18437,"date":"2020-11-26T10:23:49","date_gmt":"2020-11-26T09:23:49","guid":{"rendered":"http:\/\/sp22.edu.pl\/?page_id=18437"},"modified":"2024-03-12T11:38:43","modified_gmt":"2024-03-12T10:38:43","slug":"18437-2","status":"publish","type":"page","link":"https:\/\/sp22.edu.pl\/?page_id=18437","title":{"rendered":""},"content":{"rendered":"<h1 id=\"a11y-deklaracja\">Deklaracja dost\u0119pno\u015bci Oficjalnej strony Szko\u0142y Podstawowej nr 22 im. Jana Stefana Dworaka w Rudzie \u015al\u0105skiej<\/h1>\n<p id=\"a11y-wstep\"><span id=\"a11y-podmiot\">Szko\u0142a Podstawowa nr 22 im. Jana Stefana Dworaka<\/span> zobowi\u0105zuje si\u0119 zapewni\u0107 dost\u0119pno\u015b\u0107 swojej strony internetowej zgodnie z przepisami ustawy z dnia 4&nbsp;kwietnia 2019&nbsp;r. o&nbsp;dost\u0119pno\u015bci cyfrowej stron internetowych i&nbsp;aplikacji mobilnych podmiot\u00f3w publicznych. O\u015bwiadczenie w sprawie dost\u0119pno\u015bci ma zastosowanie do strony internetowej <a id=\"a11y-url\" href=\"http:\/\/www.sp22.edu.pl\/\">Oficjalnej strony Szko\u0142y Podstawowej nr 22 im. Jana Stefana Dworaka w Rudzie \u015al\u0105skiej<\/a>.<\/p>\n<ul>\n<li>Data publikacji strony internetowej: <time id=\"a11y-data-publikacja\" datetime=\"2017-09-01\">2017-09-01<\/time><\/li>\n<li>Data ostatniej istotnej aktualizacji: <time id=\"a11y-data-aktualizacja\" datetime=\"2020-11-23\">2024-03-12<\/time><\/li>\n<\/ul>\n<h2>Status pod wzgl\u0119dem zgodno\u015bci z ustaw\u0105<\/h2>\n<p>Strona internetowa jest <strong id=\"a11y-status\">cz\u0119\u015bciowo zgodna<\/strong> z&nbsp;ustaw\u0105 o&nbsp;dost\u0119pno\u015bci cyfrowej stron internetowych i&nbsp;aplikacji mobilnych podmiot\u00f3w publicznych z&nbsp;powodu niezgodno\u015bci lub wy\u0142\u0105cze\u0144 wymienionych poni\u017cej.<\/p>\n<h3>Tre\u015bci niedost\u0119pne<\/h3>\n<ul>\n<li>o filmy nie posiadaj\u0105 napis\u00f3w dla os\u00f3b g\u0142uchych<\/li>\n<li>o niekt\u00f3re zdj\u0119cia z wydarze\u0144 nie posiadaj\u0105 pe\u0142nych opis\u00f3w alternatywnych<\/li>\n<li>o cz\u0119\u015b\u0107 plik\u00f3w nie jest dost\u0119pnych cyfrowo<\/li>\n<li>o dokumenty w PDF nie s\u0105 dokumentami edytowalnymi<\/li>\n<\/ul>\n<h3>Wy\u0142\u0105czenia<\/h3>\n<ul>\n<li>o mapy s\u0105 wy\u0142\u0105czone z obowi\u0105zku zapewniania dost\u0119pno\u015bci<\/li>\n<li>o filmy zosta\u0142y opublikowane przed wej\u015bciem w \u017cycie ustawy o dost\u0119pno\u015bci cyfrowej<\/li>\n<\/ul>\n<h3>Przygotowanie deklaracji w sprawie dost\u0119pno\u015bci<\/h3>\n<ul>\n<li>Deklaracj\u0119 sporz\u0105dzono dnia: <time id=\"a11y-data-sporzadzenie\" datetime=\"2020-11-25\">2020-11-25<\/time><\/li>\n<li>Deklaracja zosta\u0142a ostatnio poddana przegl\u0105dowi i aktualizacji dnia: <time id=\"a11y-data-deklaracja-przeglad\" datetime=\"2020-11-23\">2024-03-12<\/time><\/li>\n<\/ul>\n<p>Deklaracj\u0119 sporz\u0105dzono na podstawie samooceny.<\/p>\n<h2 id=\"a11y-kontakt\">Informacje zwrotne i dane kontaktowe<\/h2>\n<ul>\n<li>Za rozpatrywanie uwag i wniosk\u00f3w odpowiada: <span id=\"a11y-osoba\">Damian Pajonk<\/span>.<\/li>\n<li>E-mail: <span id=\"a11y-email\">szkola@sp22.edu.pl<\/span><\/li>\n<li>Telefon: <span id=\"a11y-telefon\">32 248-61-31<\/span><\/li>\n<\/ul>\n<p id=\"a11y-procedura\">Ka\u017cdy ma prawo:<\/p>\n<ul>\n<li>zg\u0142osi\u0107 uwagi dotycz\u0105ce dost\u0119pno\u015bci cyfrowej strony lub jej elementu,<\/li>\n<li>zg\u0142osi\u0107 \u017c\u0105danie zapewnienia dost\u0119pno\u015bci cyfrowej strony lub jej elementu,<\/li>\n<li>wnioskowa\u0107 o udost\u0119pnienie niedost\u0119pnej informacji w innej alternatywnej formie.<\/li>\n<\/ul>\n<p>\u017b\u0105danie musi zawiera\u0107:<\/p>\n<ul>\n<li>dane kontaktowe osoby zg\u0142aszaj\u0105cej,<\/li>\n<li>wskazanie strony lub elementu strony, kt\u00f3rej dotyczy \u017c\u0105danie,<\/li>\n<li>wskazanie dogodnej formy udost\u0119pnienia informacji, je\u015bli \u017c\u0105danie dotyczy udost\u0119pnienia w formie alternatywnej informacji niedost\u0119pnej.<\/li>\n<\/ul>\n<p>Rozpatrzenie zg\u0142oszenia powinno nast\u0105pi\u0107 niezw\u0142ocznie, najp\u00f3\u017aniej w ci\u0105gu 7 dni. Je\u015bli w tym terminie zapewnienie dost\u0119pno\u015bci albo zapewnienie dost\u0119pu w alternatywnej formie nie jest mo\u017cliwe, powinno nast\u0105pi\u0107 najdalej w ci\u0105gu 2 miesi\u0119cy od daty zg\u0142oszenia.<\/p>\n<h3>Skargi i odwo\u0142ania<\/h3>\n<p>Na niedotrzymanie tych termin\u00f3w oraz na odmow\u0119 realizacji \u017c\u0105dania mo\u017cna z\u0142o\u017cy\u0107 skarg\u0119 do organu nadzoruj\u0105cego poczt\u0105 lub drog\u0105 elektroniczn\u0105 na adres:<\/p>\n<ul>\n<li>Organ nadzoruj\u0105cy: Dyrektor Szko\u0142y Podstawowej nr 22 im. Jana Stefana Dworaka w Rudzie \u015al\u0105skiej<\/li>\n<li>Adres: ul. Ratownik\u00f3w 15, 41-709 Ruda \u015al\u0105ska<\/li>\n<li>E-mail: szkola@sp22.edu.pl<\/li>\n<li>Telefon: 32 248-61-32<\/li>\n<\/ul>\n<p>Skarg\u0119 mo\u017cna z\u0142o\u017cy\u0107 r\u00f3wnie\u017c do <a href=\"https:\/\/www.rpo.gov.pl\/content\/jak-zglosic-sie-do-rzecznika-praw-obywatelskich\">Rzecznika Praw Obywatelskich<\/a>.<\/p>\n<h2 id=\"a11y-architektura\">Dost\u0119pno\u015b\u0107 architektoniczna<\/h2>\n<ul>\n<li>Do budynku szko\u0142y prowadzi g\u0142\u00f3wne wej\u015bcie znajduj\u0105ce si\u0119 od ulicy Ratownik\u00f3w, prowadz\u0105 do niego schody, brak podjazd\u00f3w dla niepe\u0142nosprawnych.<\/li>\n<li>Nad wej\u015bciami nie ma g\u0142o\u015bnik\u00f3w systemu naprowadzaj\u0105cego d\u017awi\u0119kowo osoby niewidome i s\u0142abowidz\u0105ce.<\/li>\n<li>Na terenie szko\u0142y nie ma wyznaczonych miejsc parkingowych dla os\u00f3b niepe\u0142nosprawnych.<\/li>\n<li>Osobami oddelegowanymi do udzielania informacji przy wej\u015bciu g\u0142\u00f3wnym s\u0105 pracownicy obs\u0142ugi.<\/li>\n<li>W budynku na ka\u017cdym poziomie (parter, 1 pi\u0119tro, 2 pi\u0119tro i piwnica) znajduje si\u0119 korytarz.<\/li>\n<li>Budynek nie posiada wind.<\/li>\n<li>W budynku nie ma dostosowa\u0144 dla os\u00f3b niepe\u0142nosprawnych (toalety, barierki).<\/li>\n<li>Do szko\u0142y mo\u017ce wej\u015b\u0107 osoba z psem asystuj\u0105cym i psem przewodnikiem.<\/li>\n<li>W szkole nie ma mo\u017cliwo\u015bci skorzystania z t\u0142umacza j\u0119zyka migowego.<\/li>\n<\/ul>\n<h2>Informacje dodatkowe<\/h2>\n<h3>U\u0142atwienia<\/h3>\n<p><strong>INFORMACJE DODATKOWE \u2013 STRONA POSIADA:<br \/>\n<\/strong>Narz\u0119dzia dost\u0119pu, a w nich:<br \/>\n&#8211; podwy\u017cszony kontrast,<br \/>\n&#8211; pod\u015bwietlane linki,<br \/>\n&#8211; mapa strony,<br \/>\n&#8211; jasne t\u0142o,<br \/>\n&#8211; na stronie internetowej mo\u017cna u\u017cywa\u0107 standardowych skr\u00f3t\u00f3w klawiaturowych przegl\u0105darki.<\/p>\n<h3>Inne informacje i o\u015bwiadczenia<\/h3>\n<p><strong>PROCEDURA WNIOSKOWO-SKARGOWA<br \/>\n<\/strong><strong>Ka\u017cdy ma prawo do:<br \/>\n<\/strong>&#8211; wyst\u0105pienia z \u017c\u0105daniem zapewnienia dost\u0119pno\u015bci cyfrowej strony internetowej lub jakiego\u015b jej elementu,<br \/>\n&#8211; zg\u0142osi\u0107 uwagi dotycz\u0105ce dost\u0119pno\u015bci cyfrowej strony lub jej elementu,<br \/>\n&#8211; zg\u0142osi\u0107 \u017c\u0105danie zapewnienia dost\u0119pno\u015bci cyfrowej strony lub jej elementu,<br \/>\n&#8211; wnioskowa\u0107 o udost\u0119pnienie niedost\u0119pnej informacji w innej alternatywnej formie,<br \/>\n&#8211; je\u017celi zapewnienie dost\u0119pno\u015bci cyfrowej nie jest mo\u017cliwe, podmiot publiczny mo\u017ce zaproponowa\u0107 alternatywny spos\u00f3b dost\u0119pu do informacji.<\/p>\n<p><strong>\u017b\u0105danie powinno zawiera\u0107:<br \/>\n<\/strong>&#8211; dane osoby zg\u0142aszaj\u0105cej \u017c\u0105danie oraz spos\u00f3b kontaktu,<br \/>\n&#8211; wskazanie strony lub elementu strony, kt\u00f3rej dotyczy \u017c\u0105danie,<br \/>\n&#8211; je\u017celi osoba \u017c\u0105daj\u0105ca zg\u0142asza potrzeb\u0119 otrzymania informacji za pomoc\u0105 alternatywnego sposobu dost\u0119pu, powinna tak\u017ce okre\u015bli\u0107 dogodny dla niej spos\u00f3b przedstawienia tej informacji.<\/p>\n<p>Rozpatrzenie zg\u0142oszenia powinno nast\u0105pi\u0107 niezw\u0142ocznie, nie p\u00f3\u017aniej ni\u017c w ci\u0105gu 7 dni od dnia wyst\u0105pienia z \u017c\u0105daniem. Je\u017celi dotrzymanie tego terminu nie jest mo\u017cliwe, nale\u017cy niezw\u0142ocznie poinformowa\u0107 o tym wnosz\u0105cego \u017c\u0105danie, kiedy realizacja \u017c\u0105dania b\u0119dzie mo\u017cliwa, przy czym termin ten nie mo\u017ce by\u0107 d\u0142u\u017cszy ni\u017c 2 miesi\u0105ce od dnia wyst\u0105pienia z \u017c\u0105daniem.<\/p>\n<p><strong>Skargi i odwo\u0142ania<br \/>\n<\/strong>W przypadku, niedotrzymania w\/w. termin\u00f3w oraz odmowy realizacji \u017c\u0105dania zapewnienia dost\u0119pno\u015bci lub alternatywnego sposobu dost\u0119pu do informacji, wnosz\u0105cy \u017c\u0105danie mo\u017cne z\u0142o\u017cy\u0107 skarg\u0119 do organu nadzoruj\u0105cego poczt\u0105 lub z\u0142o\u017cy\u0107 w formie elektronicznej.<br \/>\nPo wyczerpaniu wskazanej wy\u017cej procedury mo\u017cna tak\u017ce z\u0142o\u017cy\u0107 wniosek do Rzecznika Praw Obywatelskich: <a href=\"http:\/\/www.rpo.gov.pl\">www.rpo.gov.pl<\/a><\/p>\n","protected":false},"excerpt":{"rendered":"<p>Deklaracja dost\u0119pno\u015bci Oficjalnej strony Szko\u0142y Podstawowej nr 22 im. Jana Stefana Dworaka w Rudzie \u015al\u0105skiej Szko\u0142a Podstawowa nr 22 im. Jana Stefana Dworaka zobowi\u0105zuje si\u0119 zapewni\u0107 dost\u0119pno\u015b\u0107 swojej strony internetowej zgodnie z przepisami ustawy z dnia 4&nbsp;kwietnia 2019&nbsp;r. o&nbsp;dost\u0119pno\u015bci cyfrowej stron internetowych i&nbsp;aplikacji mobilnych podmiot\u00f3w publicznych. O\u015bwiadczenie w sprawie dost\u0119pno\u015bci ma zastosowanie do strony internetowej [&hellip;]<\/p>\n","protected":false},"author":14,"featured_media":0,"parent":0,"menu_order":0,"comment_status":"closed","ping_status":"closed","template":"","meta":{"ngg_post_thumbnail":0,"footnotes":""},"class_list":["post-18437","page","type-page","status-publish","hentry"],"_links":{"self":[{"href":"https:\/\/sp22.edu.pl\/index.php?rest_route=\/wp\/v2\/pages\/18437"}],"collection":[{"href":"https:\/\/sp22.edu.pl\/index.php?rest_route=\/wp\/v2\/pages"}],"about":[{"href":"https:\/\/sp22.edu.pl\/index.php?rest_route=\/wp\/v2\/types\/page"}],"author":[{"embeddable":true,"href":"https:\/\/sp22.edu.pl\/index.php?rest_route=\/wp\/v2\/users\/14"}],"replies":[{"embeddable":true,"href":"https:\/\/sp22.edu.pl\/index.php?rest_route=%2Fwp%2Fv2%2Fcomments&post=18437"}],"version-history":[{"count":6,"href":"https:\/\/sp22.edu.pl\/index.php?rest_route=\/wp\/v2\/pages\/18437\/revisions"}],"predecessor-version":[{"id":22805,"href":"https:\/\/sp22.edu.pl\/index.php?rest_route=\/wp\/v2\/pages\/18437\/revisions\/22805"}],"wp:attachment":[{"href":"https:\/\/sp22.edu.pl\/index.php?rest_route=%2Fwp%2Fv2%2Fmedia&parent=18437"}],"curies":[{"name":"wp","href":"https:\/\/api.w.org\/{rel}","templated":true}]}}