{"id":18826,"date":"2021-04-19T17:46:42","date_gmt":"2021-04-19T15:46:42","guid":{"rendered":"http:\/\/sp22.edu.pl\/?page_id=18826"},"modified":"2021-04-19T17:59:49","modified_gmt":"2021-04-19T15:59:49","slug":"lekcje-angielskiego-ze-szkola-early-stage-program-partnerski","status":"publish","type":"page","link":"https:\/\/sp22.edu.pl\/?page_id=18826","title":{"rendered":"Lekcje angielskiego ze szko\u0142\u0105  Early Stage \u2013 Program Partnerski"},"content":{"rendered":"\n<figure class=\"wp-block-image size-large\"><img loading=\"lazy\" decoding=\"async\" width=\"1024\" height=\"213\" src=\"https:\/\/sp22.edu.pl\/wp-content\/uploads\/2021\/04\/baner-do-aktualno\u015bci_1920x400-1-1024x213.png\" alt=\"\" class=\"wp-image-18827\" srcset=\"https:\/\/sp22.edu.pl\/wp-content\/uploads\/2021\/04\/baner-do-aktualno\u015bci_1920x400-1-1024x213.png 1024w, https:\/\/sp22.edu.pl\/wp-content\/uploads\/2021\/04\/baner-do-aktualno\u015bci_1920x400-1-300x63.png 300w, https:\/\/sp22.edu.pl\/wp-content\/uploads\/2021\/04\/baner-do-aktualno\u015bci_1920x400-1-768x160.png 768w, https:\/\/sp22.edu.pl\/wp-content\/uploads\/2021\/04\/baner-do-aktualno\u015bci_1920x400-1-1536x320.png 1536w, https:\/\/sp22.edu.pl\/wp-content\/uploads\/2021\/04\/baner-do-aktualno\u015bci_1920x400-1-2048x427.png 2048w\" sizes=\"(max-width: 1024px) 100vw, 1024px\" \/><\/figure>\n\n\n\n<p>Drodzy Rodzice! <br>Mi\u0142o nam poinformowa\u0107, \u017ce\u00a0<strong>szko\u0142a j\u0119zyka angielskiego dla dzieci i m\u0142odzie\u017cy<\/strong>\u00a0<strong>Early\u00a0Stage,<\/strong>\u00a0kt\u00f3ra od kilku lat prowadzi dla naszych uczni\u00f3w dodatkowe zaj\u0119cia z j\u0119zyka angielskiego, zaproponowa\u0142a\u00a0nam\u00a0<strong>Program Partnerski<\/strong>, w ramach kt\u00f3rego, nasza szko\u0142a otrzyma\u0142a:\u00a0<\/p>\n\n\n\n<ul class=\"wp-block-list\"><li>zestaw innowacyjnych materia\u0142\u00f3w&nbsp;metodycznych&nbsp;i dydaktycznych\u202f&nbsp;<\/li><li>Opr\u00f3cz tego rodzice b\u0119d\u0105 mogli wzi\u0105\u0107 udzia\u0142 w specjalnych, wychowawczo-psychologicznych webinariach prowadzonych przez szko\u0142\u0119&nbsp;Early&nbsp;Stage.\u202f&nbsp;<\/li><\/ul>\n\n\n\n<p>Lekcje dodatkowe&nbsp;j\u0119zyka angielskiego dla naszych uczni\u00f3w prowadzone s\u0105 na terenie naszej szko\u0142y w terminie dopasowanym do planu lekcji dziecka.&nbsp;Aby&nbsp;<strong>zapisa\u0107<\/strong>&nbsp;dziecko na dodatkowe zaj\u0119cia angielskiego, zapraszamy na stron\u0119&nbsp;<a href=\"https:\/\/earlystage.pl\/pl\/szkola\/ruda-slaska-2\" target=\"_blank\" rel=\"noreferrer noopener\">earlystage.pl\/zapisy\/ruda-slaska-2<\/a>&nbsp;&nbsp;<\/p>\n\n\n\n<p><strong>Dlaczego&nbsp;<\/strong><strong>wybrali\u015bmy<\/strong><strong>&nbsp;w\u0142a\u015bnie&nbsp;<\/strong><strong>Early<\/strong><strong>&nbsp;<\/strong><strong>Stage<\/strong><strong>?<\/strong>&nbsp;<\/p>\n\n\n\n<p><a href=\"https:\/\/earlystage.pl\/\" target=\"_blank\" rel=\"noreferrer noopener\">Early&nbsp;Stage<\/a>&nbsp;to szko\u0142a, kt\u00f3ra powsta\u0142a w&nbsp;1993 roku,&nbsp;ju\u017c od 28&nbsp;lat zatem&nbsp;uczymy&nbsp;dzieci i m\u0142odzie\u017c w wieku od 3 do 19 lat.\u202fObecnie&nbsp;szko\u0142a znajduje si\u0119 w 500 lokalizacjach w Polsce, w kt\u00f3rych&nbsp;uczy si\u0119 36 000 uczni\u00f3w.&nbsp;<\/p>\n\n\n\n<p>Lekcje&nbsp;j\u0119zyka angielskiego prowadzone s\u0105 w oparciu o autorskie podr\u0119czniki i materia\u0142y dydaktyczne oraz 10&nbsp;supermocy, czyli metod\u0119, kt\u00f3ra&nbsp;integruje wszystkie zmys\u0142y i pobudza&nbsp;wyobra\u017ani\u0119&nbsp;i&nbsp;pami\u0119\u0107, co&nbsp;pomaga w&nbsp;skutecznym&nbsp;przyswajaniu&nbsp;wiedzy,&nbsp;pozostaj\u0105cym&nbsp;w zgodzie z&nbsp;naturalnym&nbsp;rozwojem dzieci.&nbsp;&nbsp;<\/p>\n\n\n\n<p>Szko\u0142a otrzyma\u0142a liczne nagrody za innowacyjno\u015b\u0107 w nauczaniu j\u0119zyka obcego (m.in. nagrod\u0119&nbsp;European&nbsp;Language&nbsp;Label).&nbsp;&nbsp;<\/p>\n\n\n\n<p><strong>Wi\u0119cej informacji o<\/strong><strong>&nbsp;szkole&nbsp;<\/strong><strong>Early<\/strong><strong>&nbsp;<\/strong><strong>Stage<\/strong><strong>:&nbsp;<\/strong><a href=\"https:\/\/earlystage.pl\/\" target=\"_blank\" rel=\"noreferrer noopener\"><strong>https:\/\/earlystage.pl\/<\/strong><\/a><strong><\/strong>&nbsp;<\/p>\n\n\n\n<p><strong>ZAPISY&nbsp;<\/strong>na zaj\u0119cia dodatkowe z j\u0119zyka angielskiego dost\u0119pne s\u0105 na stronie:&nbsp;<a href=\"https:\/\/earlystage.pl\/pl\/szkola\/ruda-slaska-2\" target=\"_blank\" rel=\"noreferrer noopener\">earlystage.pl\/zapisy\/ruda-slaska-2<\/a>&nbsp;<\/p>\n","protected":false},"excerpt":{"rendered":"<p>Drodzy Rodzice! Mi\u0142o nam poinformowa\u0107, \u017ce\u00a0szko\u0142a j\u0119zyka angielskiego dla dzieci i m\u0142odzie\u017cy\u00a0Early\u00a0Stage,\u00a0kt\u00f3ra od kilku lat prowadzi dla naszych uczni\u00f3w dodatkowe zaj\u0119cia z j\u0119zyka angielskiego, zaproponowa\u0142a\u00a0nam\u00a0Program Partnerski, w ramach kt\u00f3rego, nasza szko\u0142a otrzyma\u0142a:\u00a0 zestaw innowacyjnych materia\u0142\u00f3w&nbsp;metodycznych&nbsp;i dydaktycznych\u202f&nbsp; Opr\u00f3cz tego rodzice b\u0119d\u0105 mogli wzi\u0105\u0107 udzia\u0142 w specjalnych, wychowawczo-psychologicznych webinariach prowadzonych przez szko\u0142\u0119&nbsp;Early&nbsp;Stage.\u202f&nbsp; Lekcje dodatkowe&nbsp;j\u0119zyka angielskiego dla naszych [&hellip;]<\/p>\n","protected":false},"author":14,"featured_media":0,"parent":0,"menu_order":0,"comment_status":"closed","ping_status":"closed","template":"","meta":{"ngg_post_thumbnail":0,"footnotes":""},"class_list":["post-18826","page","type-page","status-publish","hentry"],"_links":{"self":[{"href":"https:\/\/sp22.edu.pl\/index.php?rest_route=\/wp\/v2\/pages\/18826"}],"collection":[{"href":"https:\/\/sp22.edu.pl\/index.php?rest_route=\/wp\/v2\/pages"}],"about":[{"href":"https:\/\/sp22.edu.pl\/index.php?rest_route=\/wp\/v2\/types\/page"}],"author":[{"embeddable":true,"href":"https:\/\/sp22.edu.pl\/index.php?rest_route=\/wp\/v2\/users\/14"}],"replies":[{"embeddable":true,"href":"https:\/\/sp22.edu.pl\/index.php?rest_route=%2Fwp%2Fv2%2Fcomments&post=18826"}],"version-history":[{"count":2,"href":"https:\/\/sp22.edu.pl\/index.php?rest_route=\/wp\/v2\/pages\/18826\/revisions"}],"predecessor-version":[{"id":18833,"href":"https:\/\/sp22.edu.pl\/index.php?rest_route=\/wp\/v2\/pages\/18826\/revisions\/18833"}],"wp:attachment":[{"href":"https:\/\/sp22.edu.pl\/index.php?rest_route=%2Fwp%2Fv2%2Fmedia&parent=18826"}],"curies":[{"name":"wp","href":"https:\/\/api.w.org\/{rel}","templated":true}]}}