{"id":19044,"date":"2021-06-14T18:44:06","date_gmt":"2021-06-14T16:44:06","guid":{"rendered":"http:\/\/sp22.edu.pl\/?page_id=19044"},"modified":"2024-05-26T21:35:25","modified_gmt":"2024-05-26T19:35:25","slug":"ekologia-2","status":"publish","type":"page","link":"https:\/\/sp22.edu.pl\/?page_id=19044","title":{"rendered":"DZIE\u0143 ZIEMI W SP 22"},"content":{"rendered":"\n<h2 class=\"wp-block-heading\"><strong><mark style=\"background-color:rgba(0, 0, 0, 0)\" class=\"has-inline-color has-vivid-green-cyan-color\">2018 \u201eSmog \u2013 przyczyny i skutki dla naszego zdrowia\u201d<\/mark><\/strong><\/h2>\n\n\n\n<figure class=\"wp-block-image size-full is-resized\"><img loading=\"lazy\" decoding=\"async\" width=\"488\" height=\"326\" src=\"https:\/\/sp22.edu.pl\/wp-content\/uploads\/2024\/05\/image.png\" alt=\"\" class=\"wp-image-23383\" style=\"width:427px;height:auto\" srcset=\"https:\/\/sp22.edu.pl\/wp-content\/uploads\/2024\/05\/image.png 488w, https:\/\/sp22.edu.pl\/wp-content\/uploads\/2024\/05\/image-300x200.png 300w\" sizes=\"(max-width: 488px) 100vw, 488px\" \/><\/figure>\n\n\n\n<figure class=\"wp-block-image size-full is-resized\"><img loading=\"lazy\" decoding=\"async\" width=\"380\" height=\"254\" src=\"https:\/\/sp22.edu.pl\/wp-content\/uploads\/2024\/05\/image-1.png\" alt=\"\" class=\"wp-image-23384\" style=\"width:427px;height:auto\" srcset=\"https:\/\/sp22.edu.pl\/wp-content\/uploads\/2024\/05\/image-1.png 380w, https:\/\/sp22.edu.pl\/wp-content\/uploads\/2024\/05\/image-1-300x201.png 300w\" sizes=\"(max-width: 380px) 100vw, 380px\" \/><\/figure>\n\n\n\n<figure class=\"wp-block-image size-full\"><img loading=\"lazy\" decoding=\"async\" width=\"431\" height=\"288\" src=\"https:\/\/sp22.edu.pl\/wp-content\/uploads\/2024\/05\/image-2.png\" alt=\"\" class=\"wp-image-23385\" srcset=\"https:\/\/sp22.edu.pl\/wp-content\/uploads\/2024\/05\/image-2.png 431w, https:\/\/sp22.edu.pl\/wp-content\/uploads\/2024\/05\/image-2-300x200.png 300w\" sizes=\"(max-width: 431px) 100vw, 431px\" \/><\/figure>\n\n\n\n<h2 class=\"wp-block-heading\"><strong><mark style=\"background-color:rgba(0, 0, 0, 0)\" class=\"has-inline-color has-vivid-green-cyan-color\">2019 \u201eZagro\u017cone gatunki ro\u015blin i zwierz\u0105t\u201d<\/mark><\/strong><\/h2>\n\n\n\n<figure class=\"wp-block-image size-full is-resized\"><img loading=\"lazy\" decoding=\"async\" width=\"454\" height=\"340\" src=\"https:\/\/sp22.edu.pl\/wp-content\/uploads\/2024\/05\/image-3.png\" alt=\"\" class=\"wp-image-23386\" style=\"width:427px;height:auto\" srcset=\"https:\/\/sp22.edu.pl\/wp-content\/uploads\/2024\/05\/image-3.png 454w, https:\/\/sp22.edu.pl\/wp-content\/uploads\/2024\/05\/image-3-300x225.png 300w\" sizes=\"(max-width: 454px) 100vw, 454px\" \/><\/figure>\n\n\n\n<figure class=\"wp-block-image size-full is-resized\"><img loading=\"lazy\" decoding=\"async\" width=\"561\" height=\"421\" src=\"https:\/\/sp22.edu.pl\/wp-content\/uploads\/2024\/05\/image-4.png\" alt=\"\" class=\"wp-image-23387\" style=\"width:415px;height:auto\" srcset=\"https:\/\/sp22.edu.pl\/wp-content\/uploads\/2024\/05\/image-4.png 561w, https:\/\/sp22.edu.pl\/wp-content\/uploads\/2024\/05\/image-4-300x225.png 300w\" sizes=\"(max-width: 561px) 100vw, 561px\" \/><\/figure>\n\n\n\n<figure class=\"wp-block-image size-full is-resized\"><img loading=\"lazy\" decoding=\"async\" width=\"467\" height=\"350\" src=\"https:\/\/sp22.edu.pl\/wp-content\/uploads\/2024\/05\/image-5.png\" alt=\"\" class=\"wp-image-23388\" style=\"width:411px;height:auto\" srcset=\"https:\/\/sp22.edu.pl\/wp-content\/uploads\/2024\/05\/image-5.png 467w, https:\/\/sp22.edu.pl\/wp-content\/uploads\/2024\/05\/image-5-300x225.png 300w\" sizes=\"(max-width: 467px) 100vw, 467px\" \/><\/figure>\n\n\n\n<figure class=\"wp-block-image size-full is-resized\"><img loading=\"lazy\" decoding=\"async\" width=\"477\" height=\"268\" src=\"https:\/\/sp22.edu.pl\/wp-content\/uploads\/2024\/05\/image-6.png\" alt=\"\" class=\"wp-image-23389\" style=\"width:400px;height:auto\" srcset=\"https:\/\/sp22.edu.pl\/wp-content\/uploads\/2024\/05\/image-6.png 477w, https:\/\/sp22.edu.pl\/wp-content\/uploads\/2024\/05\/image-6-300x169.png 300w\" sizes=\"(max-width: 477px) 100vw, 477px\" \/><\/figure>\n\n\n\n<figure class=\"wp-block-image size-full\"><img loading=\"lazy\" decoding=\"async\" width=\"255\" height=\"453\" src=\"https:\/\/sp22.edu.pl\/wp-content\/uploads\/2024\/05\/image-7.png\" alt=\"\" class=\"wp-image-23390\" srcset=\"https:\/\/sp22.edu.pl\/wp-content\/uploads\/2024\/05\/image-7.png 255w, https:\/\/sp22.edu.pl\/wp-content\/uploads\/2024\/05\/image-7-169x300.png 169w\" sizes=\"(max-width: 255px) 100vw, 255px\" \/><\/figure>\n\n\n\n<h2 class=\"wp-block-heading\"><strong><mark style=\"background-color:rgba(0, 0, 0, 0)\" class=\"has-inline-color has-vivid-green-cyan-color\">2020 \u201eZ energi\u0105 zmie\u0144my \u017ar\u00f3d\u0142a\u201d<\/mark><\/strong><\/h2>\n\n\n\n<figure class=\"wp-block-image size-full is-resized\"><img loading=\"lazy\" decoding=\"async\" width=\"670\" height=\"535\" src=\"https:\/\/sp22.edu.pl\/wp-content\/uploads\/2024\/05\/image-8.png\" alt=\"\" class=\"wp-image-23391\" style=\"width:676px;height:auto\" srcset=\"https:\/\/sp22.edu.pl\/wp-content\/uploads\/2024\/05\/image-8.png 670w, https:\/\/sp22.edu.pl\/wp-content\/uploads\/2024\/05\/image-8-300x240.png 300w\" sizes=\"(max-width: 670px) 100vw, 670px\" \/><\/figure>\n\n\n\n<h2 class=\"wp-block-heading\"><strong><mark style=\"background-color:rgba(0, 0, 0, 0)\" class=\"has-inline-color has-vivid-green-cyan-color\">2021 \u201ePrzywr\u00f3\u0107 nasz\u0105 Ziemi\u0119\u201d<\/mark><\/strong><\/h2>\n\n\n\n<figure class=\"wp-block-embed is-type-wp-embed is-provider-genially wp-block-embed-genially\"><div class=\"wp-block-embed__wrapper\">\n<iframe class=\"wp-embedded-content\" sandbox=\"allow-scripts\" security=\"restricted\" title=\"Dzie\u0144 Ziemi 2021\" frameborder='0' width='1200' height='675' src='https:\/\/view.genially.com\/6074877432c40b0d968f0513#?secret=DwMztfe1OW' data-secret='DwMztfe1OW' scrolling='yes'><\/iframe>\n<\/div><\/figure>\n\n\n\n<figure class=\"wp-block-image size-full\"><img loading=\"lazy\" decoding=\"async\" width=\"468\" height=\"263\" src=\"https:\/\/sp22.edu.pl\/wp-content\/uploads\/2024\/05\/image-9.png\" alt=\"\" class=\"wp-image-23392\" srcset=\"https:\/\/sp22.edu.pl\/wp-content\/uploads\/2024\/05\/image-9.png 468w, https:\/\/sp22.edu.pl\/wp-content\/uploads\/2024\/05\/image-9-300x169.png 300w\" sizes=\"(max-width: 468px) 100vw, 468px\" \/><\/figure>\n\n\n\n<figure class=\"wp-block-image size-full\"><img loading=\"lazy\" decoding=\"async\" width=\"464\" height=\"261\" src=\"https:\/\/sp22.edu.pl\/wp-content\/uploads\/2024\/05\/image-10.png\" alt=\"\" class=\"wp-image-23393\" srcset=\"https:\/\/sp22.edu.pl\/wp-content\/uploads\/2024\/05\/image-10.png 464w, https:\/\/sp22.edu.pl\/wp-content\/uploads\/2024\/05\/image-10-300x169.png 300w\" sizes=\"(max-width: 464px) 100vw, 464px\" \/><\/figure>\n\n\n\n<h2 class=\"wp-block-heading\"><strong><mark style=\"background-color:rgba(0, 0, 0, 0)\" class=\"has-inline-color has-vivid-green-cyan-color\">2022 \u201eZainwestuj w nasz\u0105 Planet\u0119.\u201d<\/mark><\/strong><\/h2>\n\n\n\n<figure class=\"wp-block-image size-full\"><img loading=\"lazy\" decoding=\"async\" width=\"461\" height=\"260\" src=\"https:\/\/sp22.edu.pl\/wp-content\/uploads\/2024\/05\/image-11.png\" alt=\"\" class=\"wp-image-23394\" srcset=\"https:\/\/sp22.edu.pl\/wp-content\/uploads\/2024\/05\/image-11.png 461w, https:\/\/sp22.edu.pl\/wp-content\/uploads\/2024\/05\/image-11-300x169.png 300w\" sizes=\"(max-width: 461px) 100vw, 461px\" \/><\/figure>\n\n\n\n<figure class=\"wp-block-image size-full\"><img loading=\"lazy\" decoding=\"async\" width=\"476\" height=\"268\" src=\"https:\/\/sp22.edu.pl\/wp-content\/uploads\/2024\/05\/image-12.png\" alt=\"\" class=\"wp-image-23395\" srcset=\"https:\/\/sp22.edu.pl\/wp-content\/uploads\/2024\/05\/image-12.png 476w, https:\/\/sp22.edu.pl\/wp-content\/uploads\/2024\/05\/image-12-300x169.png 300w\" sizes=\"(max-width: 476px) 100vw, 476px\" \/><\/figure>\n\n\n\n<figure class=\"wp-block-image size-full is-resized\"><img loading=\"lazy\" decoding=\"async\" width=\"505\" height=\"285\" src=\"https:\/\/sp22.edu.pl\/wp-content\/uploads\/2024\/05\/image-13.png\" alt=\"\" class=\"wp-image-23396\" style=\"width:481px;height:auto\" srcset=\"https:\/\/sp22.edu.pl\/wp-content\/uploads\/2024\/05\/image-13.png 505w, https:\/\/sp22.edu.pl\/wp-content\/uploads\/2024\/05\/image-13-300x169.png 300w\" sizes=\"(max-width: 505px) 100vw, 505px\" \/><\/figure>\n\n\n\n<h2 class=\"wp-block-heading\"><strong><mark style=\"background-color:rgba(0, 0, 0, 0)\" class=\"has-inline-color has-vivid-green-cyan-color\">2023 \u201eZainwestuj w nasz\u0105 Planet\u0119.\u201d<\/mark><\/strong><\/h2>\n\n\n\n<figure class=\"wp-block-image size-full is-resized\"><img loading=\"lazy\" decoding=\"async\" width=\"430\" height=\"242\" src=\"https:\/\/sp22.edu.pl\/wp-content\/uploads\/2024\/05\/image-14.png\" alt=\"\" class=\"wp-image-23397\" style=\"width:480px;height:auto\" srcset=\"https:\/\/sp22.edu.pl\/wp-content\/uploads\/2024\/05\/image-14.png 430w, https:\/\/sp22.edu.pl\/wp-content\/uploads\/2024\/05\/image-14-300x169.png 300w\" sizes=\"(max-width: 430px) 100vw, 430px\" \/><\/figure>\n\n\n\n<figure class=\"wp-block-image size-full is-resized\"><img loading=\"lazy\" decoding=\"async\" width=\"430\" height=\"242\" src=\"https:\/\/sp22.edu.pl\/wp-content\/uploads\/2024\/05\/image-15.png\" alt=\"\" class=\"wp-image-23398\" style=\"width:482px;height:auto\" srcset=\"https:\/\/sp22.edu.pl\/wp-content\/uploads\/2024\/05\/image-15.png 430w, https:\/\/sp22.edu.pl\/wp-content\/uploads\/2024\/05\/image-15-300x169.png 300w\" sizes=\"(max-width: 430px) 100vw, 430px\" \/><\/figure>\n\n\n\n<figure class=\"wp-block-image size-full is-resized\"><img loading=\"lazy\" decoding=\"async\" width=\"430\" height=\"242\" src=\"https:\/\/sp22.edu.pl\/wp-content\/uploads\/2024\/05\/image-16.png\" alt=\"\" class=\"wp-image-23399\" style=\"width:489px;height:auto\" srcset=\"https:\/\/sp22.edu.pl\/wp-content\/uploads\/2024\/05\/image-16.png 430w, https:\/\/sp22.edu.pl\/wp-content\/uploads\/2024\/05\/image-16-300x169.png 300w\" sizes=\"(max-width: 430px) 100vw, 430px\" \/><\/figure>\n\n\n\n<figure class=\"wp-block-image size-full\"><img loading=\"lazy\" decoding=\"async\" width=\"299\" height=\"356\" src=\"https:\/\/sp22.edu.pl\/wp-content\/uploads\/2024\/05\/image-17.png\" alt=\"\" class=\"wp-image-23400\" srcset=\"https:\/\/sp22.edu.pl\/wp-content\/uploads\/2024\/05\/image-17.png 299w, https:\/\/sp22.edu.pl\/wp-content\/uploads\/2024\/05\/image-17-252x300.png 252w\" sizes=\"(max-width: 299px) 100vw, 299px\" \/><\/figure>\n\n\n\n<h2 class=\"wp-block-heading\"><strong><mark style=\"background-color:rgba(0, 0, 0, 0)\" class=\"has-inline-color has-vivid-green-cyan-color\">2024 &#8222;Planeta kontra plastik\u201d<\/mark><\/strong><\/h2>\n\n\n\n<figure class=\"wp-block-image size-full is-resized\"><img loading=\"lazy\" decoding=\"async\" width=\"400\" height=\"300\" src=\"https:\/\/sp22.edu.pl\/wp-content\/uploads\/2024\/05\/image-18.png\" alt=\"\" class=\"wp-image-23401\" style=\"width:483px;height:auto\" srcset=\"https:\/\/sp22.edu.pl\/wp-content\/uploads\/2024\/05\/image-18.png 400w, https:\/\/sp22.edu.pl\/wp-content\/uploads\/2024\/05\/image-18-300x225.png 300w\" sizes=\"(max-width: 400px) 100vw, 400px\" \/><\/figure>\n\n\n\n<figure class=\"wp-block-image size-full is-resized\"><img loading=\"lazy\" decoding=\"async\" width=\"519\" height=\"292\" src=\"https:\/\/sp22.edu.pl\/wp-content\/uploads\/2024\/05\/image-19.png\" alt=\"\" class=\"wp-image-23402\" style=\"width:486px;height:auto\" srcset=\"https:\/\/sp22.edu.pl\/wp-content\/uploads\/2024\/05\/image-19.png 519w, https:\/\/sp22.edu.pl\/wp-content\/uploads\/2024\/05\/image-19-300x169.png 300w\" sizes=\"(max-width: 519px) 100vw, 519px\" \/><\/figure>\n\n\n\n<figure class=\"wp-block-image size-full\"><img loading=\"lazy\" decoding=\"async\" width=\"487\" height=\"274\" src=\"https:\/\/sp22.edu.pl\/wp-content\/uploads\/2024\/05\/image-21.png\" alt=\"\" class=\"wp-image-23404\" srcset=\"https:\/\/sp22.edu.pl\/wp-content\/uploads\/2024\/05\/image-21.png 487w, https:\/\/sp22.edu.pl\/wp-content\/uploads\/2024\/05\/image-21-300x169.png 300w\" sizes=\"(max-width: 487px) 100vw, 487px\" \/><\/figure>\n\n\n\n<figure class=\"wp-block-image size-full\"><img loading=\"lazy\" decoding=\"async\" width=\"268\" height=\"357\" src=\"https:\/\/sp22.edu.pl\/wp-content\/uploads\/2024\/05\/image-20.png\" alt=\"\" class=\"wp-image-23403\" srcset=\"https:\/\/sp22.edu.pl\/wp-content\/uploads\/2024\/05\/image-20.png 268w, https:\/\/sp22.edu.pl\/wp-content\/uploads\/2024\/05\/image-20-225x300.png 225w\" sizes=\"(max-width: 268px) 100vw, 268px\" \/><\/figure>\n","protected":false},"excerpt":{"rendered":"<p>2018 \u201eSmog \u2013 przyczyny i skutki dla naszego zdrowia\u201d 2019 \u201eZagro\u017cone gatunki ro\u015blin i zwierz\u0105t\u201d 2020 \u201eZ energi\u0105 zmie\u0144my \u017ar\u00f3d\u0142a\u201d 2021 \u201ePrzywr\u00f3\u0107 nasz\u0105 Ziemi\u0119\u201d 2022 \u201eZainwestuj w nasz\u0105 Planet\u0119.\u201d 2023 \u201eZainwestuj w nasz\u0105 Planet\u0119.\u201d 2024 &#8222;Planeta kontra plastik\u201d<\/p>\n","protected":false},"author":14,"featured_media":0,"parent":0,"menu_order":0,"comment_status":"closed","ping_status":"closed","template":"","meta":{"ngg_post_thumbnail":0,"footnotes":""},"class_list":["post-19044","page","type-page","status-publish","hentry"],"_links":{"self":[{"href":"https:\/\/sp22.edu.pl\/index.php?rest_route=\/wp\/v2\/pages\/19044"}],"collection":[{"href":"https:\/\/sp22.edu.pl\/index.php?rest_route=\/wp\/v2\/pages"}],"about":[{"href":"https:\/\/sp22.edu.pl\/index.php?rest_route=\/wp\/v2\/types\/page"}],"author":[{"embeddable":true,"href":"https:\/\/sp22.edu.pl\/index.php?rest_route=\/wp\/v2\/users\/14"}],"replies":[{"embeddable":true,"href":"https:\/\/sp22.edu.pl\/index.php?rest_route=%2Fwp%2Fv2%2Fcomments&post=19044"}],"version-history":[{"count":4,"href":"https:\/\/sp22.edu.pl\/index.php?rest_route=\/wp\/v2\/pages\/19044\/revisions"}],"predecessor-version":[{"id":23405,"href":"https:\/\/sp22.edu.pl\/index.php?rest_route=\/wp\/v2\/pages\/19044\/revisions\/23405"}],"wp:attachment":[{"href":"https:\/\/sp22.edu.pl\/index.php?rest_route=%2Fwp%2Fv2%2Fmedia&parent=19044"}],"curies":[{"name":"wp","href":"https:\/\/api.w.org\/{rel}","templated":true}]}}