{"id":19057,"date":"2021-06-16T19:15:35","date_gmt":"2021-06-16T17:15:35","guid":{"rendered":"http:\/\/sp22.edu.pl\/?page_id=19057"},"modified":"2025-10-24T12:01:25","modified_gmt":"2025-10-24T10:01:25","slug":"dokumenty-do-pobrania","status":"publish","type":"page","link":"https:\/\/sp22.edu.pl\/?page_id=19057","title":{"rendered":"Dokumenty do pobrania"},"content":{"rendered":"\n<p>Deklaracja korzystania z obiad\u00f3w szkolnych&#8230;<a href=\"http:\/\/www\/dokumenty_do_pobrania\/Deklaracja obiady 2024 (1).pdf\"> <\/a><a href=\"https:\/\/sp22.edu.pl\/dokumenty_do_pobrania\/Deklaracja%20obiady%202024%20(1).pdf\" target=\"_blank\" rel=\"noreferrer noopener\">kliknij<\/a><\/p>\n\n\n\n<p>Wniosek o wydanie mLegitymacji&#8230;<a rel=\"noreferrer noopener\" href=\"https:\/\/sp22.edu.pl\/2020.2021\/wniosek_o_wydanie_mlegitymacji.pdf?_t=1604421227\" target=\"_blank\">kliknij<\/a> <\/p>\n\n\n\n<p>Wniosek o przeniesienie dziecka do klasy&#8230;&#8230;Szko\u0142y Podstawowej nr 22 w Rudzie \u015al\u0105skiej&#8230;..<a href=\"https:\/\/sp22.edu.pl\/dokumenty_do_pobrania\/Wniosek%20o%20przeniesienie%20do%20SP22%20%281%29.pdf\">kliknij<\/a><\/p>\n\n\n\n<p><\/p>\n\n\n\n<p>DOKUMENTY \u015aWIETLICOWE<\/p>\n\n\n\n<p>Kontrakt \u015bwietlicowy&#8230;..<a href=\"https:\/\/sp22.edu.pl\/2020.2021\/SWIETLICA\/KONTRAKT \u015aWIETLICOWY.pdf?_t=1624288215\">kliknij<\/a><\/p>\n\n\n\n<p>Karta zapisu dziecka do \u015bwietlicy szkolnej w PDF&#8230;<a href=\"https:\/\/sp22.edu.pl\/2023.2024\/karta%20zapisu%20dziecka%20do%20%C5%9Bwietlicy%20szkolnej.pdf\">klik<\/a><br> w Word&#8230;<a href=\"https:\/\/sp22.edu.pl\/2023.2024\/karta%20zapisu%20dziecka%20do%20%C5%9Bwietlicy%20szkolnej.docx\">klik<\/a><\/p>\n\n\n\n<p>Regulamin \u015bwietlicy szkolnej &#8211; str.1&#8230;<a href=\"https:\/\/sp22.edu.pl\/2020.2021\/SWIETLICA\/regulamin str1.pdf?_t=1624288215\">kliknij<\/a><br>                                              &#8211; str.2&#8230;<a href=\"https:\/\/sp22.edu.pl\/2020.2021\/SWIETLICA\/regulamin str2.pdf?_t=1624288215\">kliknij<\/a><br>Aneks do regulaminu &#8211; str.1&#8230;<a href=\"https:\/\/sp22.edu.pl\/2020.2021\/SWIETLICA\/aneks skan 1 pdf.pdf?_t=1624288215\">kliknij<\/a><br>                                   &#8211; str.2&#8230;<a href=\"https:\/\/sp22.edu.pl\/2020.2021\/SWIETLICA\/aneks skan 2 pdf.pdf?_t=1624288215\">kliknij<\/a><\/p>\n\n\n\n<p>Rezygnacja z obiad\u00f3w&#8230;<a href=\"https:\/\/sp22.edu.pl\/2024.2025\/Rezygnacja%20z%20obiad%C3%B3w.pdf\">kliknij<\/a><\/p>\n\n\n\n<p>Zg\u0142oszenie naruszenia prawa w trybie ustawy o ochronie sygnalist\u00f3w&#8230;<a href=\"https:\/\/sp22.edu.pl\/2024.2025\/Sygnalisci_zgloszenie.pdf\" data-type=\"link\" data-id=\"https:\/\/sp22.edu.pl\/2024.2025\/Sygnalisci_zgloszenie.pdf\">kliknij<\/a><\/p>\n\n\n\n<p>WZ\u00d3R wniosku o Nagrod\u0119 dla uzdolnionych uczni\u00f3w &#8211; PDF &#8211; <a href=\"https:\/\/sp22.edu.pl\/2025.2026\/WZ%C3%93R%20wniosku%20o%20Nagrod%C4%99%20dla%20uzdolnionych%20uczni%C3%B3w.pdf\">kliknij<\/a><\/p>\n\n\n\n<p>WZ\u00d3R wniosku o Nagrod\u0119 dla uzdolnionych uczni\u00f3w &#8211; Word &#8211; <a href=\"https:\/\/sp22.edu.pl\/2025.2026\/WZ%C3%93R%20wniosku%20o%20Nagrod%C4%99%20dla%20uzdolnionych%20uczni%C3%B3w.docx\">kliknij<\/a><\/p>\n\n\n\n<p>UCHWA\u0141A NR PR.0007.115.2025 &#8211; <a href=\"https:\/\/sp22.edu.pl\/2025.2026\/UCHWA%C5%81A%20NR%20PR.0007.115.2025.pdf\">kliknij<\/a><\/p>\n\n\n\n<p>UCHWA\u0141A NR PR.0007.56.2025 &#8211; <a href=\"https:\/\/sp22.edu.pl\/2025.2026\/UCHWA%C5%81A%20NR%20PR.0007.56.2025.pdf\">kliknij<\/a><\/p>\n\n\n\n<p><\/p>\n","protected":false},"excerpt":{"rendered":"<p>Deklaracja korzystania z obiad\u00f3w szkolnych&#8230; kliknij Wniosek o wydanie mLegitymacji&#8230;kliknij Wniosek o przeniesienie dziecka do klasy&#8230;&#8230;Szko\u0142y Podstawowej nr 22 w Rudzie \u015al\u0105skiej&#8230;..kliknij DOKUMENTY \u015aWIETLICOWE Kontrakt \u015bwietlicowy&#8230;..kliknij Karta zapisu dziecka do \u015bwietlicy szkolnej w PDF&#8230;klik w Word&#8230;klik Regulamin \u015bwietlicy szkolnej &#8211; str.1&#8230;kliknij &#8211; str.2&#8230;kliknijAneks do regulaminu &#8211; str.1&#8230;kliknij &#8211; str.2&#8230;kliknij Rezygnacja z obiad\u00f3w&#8230;kliknij Zg\u0142oszenie naruszenia prawa [&hellip;]<\/p>\n","protected":false},"author":14,"featured_media":0,"parent":0,"menu_order":0,"comment_status":"closed","ping_status":"closed","template":"","meta":{"ngg_post_thumbnail":0,"footnotes":""},"class_list":["post-19057","page","type-page","status-publish","hentry"],"_links":{"self":[{"href":"https:\/\/sp22.edu.pl\/index.php?rest_route=\/wp\/v2\/pages\/19057"}],"collection":[{"href":"https:\/\/sp22.edu.pl\/index.php?rest_route=\/wp\/v2\/pages"}],"about":[{"href":"https:\/\/sp22.edu.pl\/index.php?rest_route=\/wp\/v2\/types\/page"}],"author":[{"embeddable":true,"href":"https:\/\/sp22.edu.pl\/index.php?rest_route=\/wp\/v2\/users\/14"}],"replies":[{"embeddable":true,"href":"https:\/\/sp22.edu.pl\/index.php?rest_route=%2Fwp%2Fv2%2Fcomments&post=19057"}],"version-history":[{"count":26,"href":"https:\/\/sp22.edu.pl\/index.php?rest_route=\/wp\/v2\/pages\/19057\/revisions"}],"predecessor-version":[{"id":25105,"href":"https:\/\/sp22.edu.pl\/index.php?rest_route=\/wp\/v2\/pages\/19057\/revisions\/25105"}],"wp:attachment":[{"href":"https:\/\/sp22.edu.pl\/index.php?rest_route=%2Fwp%2Fv2%2Fmedia&parent=19057"}],"curies":[{"name":"wp","href":"https:\/\/api.w.org\/{rel}","templated":true}]}}