{"id":22389,"date":"2023-12-20T15:03:00","date_gmt":"2023-12-20T14:03:00","guid":{"rendered":"https:\/\/sp22.edu.pl\/?page_id=22389"},"modified":"2023-12-27T11:29:58","modified_gmt":"2023-12-27T10:29:58","slug":"wspolpraca-z-hospicjum-sw-jana-pawla-ii","status":"publish","type":"page","link":"https:\/\/sp22.edu.pl\/?page_id=22389","title":{"rendered":"Wsp\u00f3\u0142praca z Hospicjum \u015bw. Jana Paw\u0142a II"},"content":{"rendered":"\n<p><strong>4 grudnia<\/strong> odby\u0142 si\u0119 kiermasz charytatywny pt. <strong>&#8222;Pomagam &#8211; daj\u0119 nadziej\u0119&#8221;<\/strong>, z kt\u00f3rego dochody zostan\u0105 przekazane na <strong>Hospicjum Domowe im. \u015bw. Jana Paw\u0142a II w Rudzie \u015al\u0105skiej<\/strong>. <\/p>\n\n\n\n<p>Rodzice przygotowali na sprzeda\u017c pyszne ciasta oraz przekazali ozdoby, kt\u00f3re mo\u017cna by\u0142o zakupi\u0107. <br>Z biegiem czasu przekonujemy si\u0119, \u017ce ca\u0142a spo\u0142eczno\u015b\u0107 szkolna nie ustaje w pomaganiu innym. Dzieci czuj\u0105, \u017ce pomaganie jest rado\u015bci\u0105, czym\u015b, co ka\u017cdy mo\u017ce robi\u0107.<\/p>\n\n\n\n<p>Z ca\u0142ego serca dzi\u0119kujemy wszystkim, kt\u00f3rzy przygotowali dary na kiermasz oraz naszym uczniom, kt\u00f3rzy tak ch\u0119tnie brali w nim udzia\u0142.<\/p>\n\n\n\n<figure class=\"wp-block-gallery has-nested-images columns-default is-cropped wp-block-gallery-1 is-layout-flex wp-block-gallery-is-layout-flex\">\n<figure class=\"wp-block-image size-large\"><img loading=\"lazy\" decoding=\"async\" width=\"768\" height=\"1024\" data-id=\"22397\" src=\"https:\/\/sp22.edu.pl\/wp-content\/uploads\/2023\/12\/407210278_834210852038555_1812780119265090992_n-1-2-768x1024.jpg\" alt=\"\" class=\"wp-image-22397\" srcset=\"https:\/\/sp22.edu.pl\/wp-content\/uploads\/2023\/12\/407210278_834210852038555_1812780119265090992_n-1-2-768x1024.jpg 768w, https:\/\/sp22.edu.pl\/wp-content\/uploads\/2023\/12\/407210278_834210852038555_1812780119265090992_n-1-2-225x300.jpg 225w, https:\/\/sp22.edu.pl\/wp-content\/uploads\/2023\/12\/407210278_834210852038555_1812780119265090992_n-1-2-1152x1536.jpg 1152w, https:\/\/sp22.edu.pl\/wp-content\/uploads\/2023\/12\/407210278_834210852038555_1812780119265090992_n-1-2.jpg 1500w\" sizes=\"(max-width: 768px) 100vw, 768px\" \/><\/figure>\n\n\n\n<figure class=\"wp-block-image size-large\"><img loading=\"lazy\" decoding=\"async\" width=\"450\" height=\"600\" data-id=\"22394\" src=\"https:\/\/sp22.edu.pl\/wp-content\/uploads\/2023\/12\/407402087_834210955371878_173819782491317285_n-2.jpg\" alt=\"\" class=\"wp-image-22394\" srcset=\"https:\/\/sp22.edu.pl\/wp-content\/uploads\/2023\/12\/407402087_834210955371878_173819782491317285_n-2.jpg 450w, https:\/\/sp22.edu.pl\/wp-content\/uploads\/2023\/12\/407402087_834210955371878_173819782491317285_n-2-225x300.jpg 225w\" sizes=\"(max-width: 450px) 100vw, 450px\" \/><\/figure>\n\n\n\n<figure class=\"wp-block-image size-large\"><img loading=\"lazy\" decoding=\"async\" width=\"1024\" height=\"768\" data-id=\"22395\" src=\"https:\/\/sp22.edu.pl\/wp-content\/uploads\/2023\/12\/407559685_834210882038552_3719593670674788159_n-1-2-1024x768.jpg\" alt=\"\" class=\"wp-image-22395\" srcset=\"https:\/\/sp22.edu.pl\/wp-content\/uploads\/2023\/12\/407559685_834210882038552_3719593670674788159_n-1-2-1024x768.jpg 1024w, https:\/\/sp22.edu.pl\/wp-content\/uploads\/2023\/12\/407559685_834210882038552_3719593670674788159_n-1-2-300x225.jpg 300w, https:\/\/sp22.edu.pl\/wp-content\/uploads\/2023\/12\/407559685_834210882038552_3719593670674788159_n-1-2-768x576.jpg 768w, https:\/\/sp22.edu.pl\/wp-content\/uploads\/2023\/12\/407559685_834210882038552_3719593670674788159_n-1-2-1536x1152.jpg 1536w, https:\/\/sp22.edu.pl\/wp-content\/uploads\/2023\/12\/407559685_834210882038552_3719593670674788159_n-1-2.jpg 2000w\" sizes=\"(max-width: 1024px) 100vw, 1024px\" \/><\/figure>\n\n\n\n<figure class=\"wp-block-image size-large\"><img loading=\"lazy\" decoding=\"async\" width=\"600\" height=\"450\" data-id=\"22393\" src=\"https:\/\/sp22.edu.pl\/wp-content\/uploads\/2023\/12\/407559685_834210882038552_3719593670674788159_n-3.jpg\" alt=\"\" class=\"wp-image-22393\" srcset=\"https:\/\/sp22.edu.pl\/wp-content\/uploads\/2023\/12\/407559685_834210882038552_3719593670674788159_n-3.jpg 600w, https:\/\/sp22.edu.pl\/wp-content\/uploads\/2023\/12\/407559685_834210882038552_3719593670674788159_n-3-300x225.jpg 300w\" sizes=\"(max-width: 600px) 100vw, 600px\" \/><\/figure>\n\n\n\n<figure class=\"wp-block-image size-large\"><img loading=\"lazy\" decoding=\"async\" width=\"600\" height=\"450\" data-id=\"22398\" src=\"https:\/\/sp22.edu.pl\/wp-content\/uploads\/2023\/12\/407564662_834210998705207_245272325174530068_n-2.jpg\" alt=\"\" class=\"wp-image-22398\" srcset=\"https:\/\/sp22.edu.pl\/wp-content\/uploads\/2023\/12\/407564662_834210998705207_245272325174530068_n-2.jpg 600w, https:\/\/sp22.edu.pl\/wp-content\/uploads\/2023\/12\/407564662_834210998705207_245272325174530068_n-2-300x225.jpg 300w\" sizes=\"(max-width: 600px) 100vw, 600px\" \/><\/figure>\n\n\n\n<figure class=\"wp-block-image size-large\"><img loading=\"lazy\" decoding=\"async\" width=\"1024\" height=\"577\" data-id=\"22399\" src=\"https:\/\/sp22.edu.pl\/wp-content\/uploads\/2023\/12\/407564831_834211182038522_5353362041940285974_n-2-1024x577.jpg\" alt=\"\" class=\"wp-image-22399\" srcset=\"https:\/\/sp22.edu.pl\/wp-content\/uploads\/2023\/12\/407564831_834211182038522_5353362041940285974_n-2-1024x577.jpg 1024w, https:\/\/sp22.edu.pl\/wp-content\/uploads\/2023\/12\/407564831_834211182038522_5353362041940285974_n-2-300x169.jpg 300w, https:\/\/sp22.edu.pl\/wp-content\/uploads\/2023\/12\/407564831_834211182038522_5353362041940285974_n-2-768x432.jpg 768w, https:\/\/sp22.edu.pl\/wp-content\/uploads\/2023\/12\/407564831_834211182038522_5353362041940285974_n-2-1536x865.jpg 1536w, https:\/\/sp22.edu.pl\/wp-content\/uploads\/2023\/12\/407564831_834211182038522_5353362041940285974_n-2.jpg 2048w\" sizes=\"(max-width: 1024px) 100vw, 1024px\" \/><\/figure>\n\n\n\n<figure class=\"wp-block-image size-large\"><img loading=\"lazy\" decoding=\"async\" width=\"1024\" height=\"577\" data-id=\"22400\" src=\"https:\/\/sp22.edu.pl\/wp-content\/uploads\/2023\/12\/407578629_834211195371854_726341032705950916_n-2-1024x577.jpg\" alt=\"\" class=\"wp-image-22400\" srcset=\"https:\/\/sp22.edu.pl\/wp-content\/uploads\/2023\/12\/407578629_834211195371854_726341032705950916_n-2-1024x577.jpg 1024w, https:\/\/sp22.edu.pl\/wp-content\/uploads\/2023\/12\/407578629_834211195371854_726341032705950916_n-2-300x169.jpg 300w, https:\/\/sp22.edu.pl\/wp-content\/uploads\/2023\/12\/407578629_834211195371854_726341032705950916_n-2-768x432.jpg 768w, https:\/\/sp22.edu.pl\/wp-content\/uploads\/2023\/12\/407578629_834211195371854_726341032705950916_n-2-1536x865.jpg 1536w, https:\/\/sp22.edu.pl\/wp-content\/uploads\/2023\/12\/407578629_834211195371854_726341032705950916_n-2.jpg 2048w\" sizes=\"(max-width: 1024px) 100vw, 1024px\" \/><\/figure>\n\n\n\n<figure class=\"wp-block-image size-large\"><img loading=\"lazy\" decoding=\"async\" width=\"1024\" height=\"577\" data-id=\"22401\" src=\"https:\/\/sp22.edu.pl\/wp-content\/uploads\/2023\/12\/407618551_834211128705194_247600736851946751_n-2-1024x577.jpg\" alt=\"\" class=\"wp-image-22401\" srcset=\"https:\/\/sp22.edu.pl\/wp-content\/uploads\/2023\/12\/407618551_834211128705194_247600736851946751_n-2-1024x577.jpg 1024w, https:\/\/sp22.edu.pl\/wp-content\/uploads\/2023\/12\/407618551_834211128705194_247600736851946751_n-2-300x169.jpg 300w, https:\/\/sp22.edu.pl\/wp-content\/uploads\/2023\/12\/407618551_834211128705194_247600736851946751_n-2-768x432.jpg 768w, https:\/\/sp22.edu.pl\/wp-content\/uploads\/2023\/12\/407618551_834211128705194_247600736851946751_n-2-1536x865.jpg 1536w, https:\/\/sp22.edu.pl\/wp-content\/uploads\/2023\/12\/407618551_834211128705194_247600736851946751_n-2.jpg 2048w\" sizes=\"(max-width: 1024px) 100vw, 1024px\" \/><\/figure>\n\n\n\n<figure class=\"wp-block-image size-large\"><img loading=\"lazy\" decoding=\"async\" width=\"768\" height=\"1024\" data-id=\"22402\" src=\"https:\/\/sp22.edu.pl\/wp-content\/uploads\/2023\/12\/407620908_834211022038538_2404750527168277927_n-2-768x1024.jpg\" alt=\"\" class=\"wp-image-22402\" srcset=\"https:\/\/sp22.edu.pl\/wp-content\/uploads\/2023\/12\/407620908_834211022038538_2404750527168277927_n-2-768x1024.jpg 768w, https:\/\/sp22.edu.pl\/wp-content\/uploads\/2023\/12\/407620908_834211022038538_2404750527168277927_n-2-225x300.jpg 225w, https:\/\/sp22.edu.pl\/wp-content\/uploads\/2023\/12\/407620908_834211022038538_2404750527168277927_n-2-1152x1536.jpg 1152w, https:\/\/sp22.edu.pl\/wp-content\/uploads\/2023\/12\/407620908_834211022038538_2404750527168277927_n-2.jpg 1500w\" sizes=\"(max-width: 768px) 100vw, 768px\" \/><\/figure>\n\n\n\n<figure class=\"wp-block-image size-large\"><img loading=\"lazy\" decoding=\"async\" width=\"1024\" height=\"577\" data-id=\"22403\" src=\"https:\/\/sp22.edu.pl\/wp-content\/uploads\/2023\/12\/407625194_834211078705199_466084453577479626_n-2-1024x577.jpg\" alt=\"\" class=\"wp-image-22403\" srcset=\"https:\/\/sp22.edu.pl\/wp-content\/uploads\/2023\/12\/407625194_834211078705199_466084453577479626_n-2-1024x577.jpg 1024w, https:\/\/sp22.edu.pl\/wp-content\/uploads\/2023\/12\/407625194_834211078705199_466084453577479626_n-2-300x169.jpg 300w, https:\/\/sp22.edu.pl\/wp-content\/uploads\/2023\/12\/407625194_834211078705199_466084453577479626_n-2-768x432.jpg 768w, https:\/\/sp22.edu.pl\/wp-content\/uploads\/2023\/12\/407625194_834211078705199_466084453577479626_n-2-1536x865.jpg 1536w, https:\/\/sp22.edu.pl\/wp-content\/uploads\/2023\/12\/407625194_834211078705199_466084453577479626_n-2.jpg 2048w\" sizes=\"(max-width: 1024px) 100vw, 1024px\" \/><\/figure>\n\n\n\n<figure class=\"wp-block-image size-large\"><img loading=\"lazy\" decoding=\"async\" width=\"577\" height=\"1024\" data-id=\"22404\" src=\"https:\/\/sp22.edu.pl\/wp-content\/uploads\/2023\/12\/407625845_834211098705197_2521921891192903768_n-2-577x1024.jpg\" alt=\"\" class=\"wp-image-22404\" srcset=\"https:\/\/sp22.edu.pl\/wp-content\/uploads\/2023\/12\/407625845_834211098705197_2521921891192903768_n-2-577x1024.jpg 577w, https:\/\/sp22.edu.pl\/wp-content\/uploads\/2023\/12\/407625845_834211098705197_2521921891192903768_n-2-169x300.jpg 169w, https:\/\/sp22.edu.pl\/wp-content\/uploads\/2023\/12\/407625845_834211098705197_2521921891192903768_n-2-768x1364.jpg 768w, https:\/\/sp22.edu.pl\/wp-content\/uploads\/2023\/12\/407625845_834211098705197_2521921891192903768_n-2-865x1536.jpg 865w, https:\/\/sp22.edu.pl\/wp-content\/uploads\/2023\/12\/407625845_834211098705197_2521921891192903768_n-2.jpg 1153w\" sizes=\"(max-width: 577px) 100vw, 577px\" \/><\/figure>\n\n\n\n<figure class=\"wp-block-image size-large\"><img loading=\"lazy\" decoding=\"async\" width=\"1024\" height=\"577\" data-id=\"22405\" src=\"https:\/\/sp22.edu.pl\/wp-content\/uploads\/2023\/12\/407656438_834211158705191_5873153184507670871_n-2-1024x577.jpg\" alt=\"\" class=\"wp-image-22405\" srcset=\"https:\/\/sp22.edu.pl\/wp-content\/uploads\/2023\/12\/407656438_834211158705191_5873153184507670871_n-2-1024x577.jpg 1024w, https:\/\/sp22.edu.pl\/wp-content\/uploads\/2023\/12\/407656438_834211158705191_5873153184507670871_n-2-300x169.jpg 300w, https:\/\/sp22.edu.pl\/wp-content\/uploads\/2023\/12\/407656438_834211158705191_5873153184507670871_n-2-768x432.jpg 768w, https:\/\/sp22.edu.pl\/wp-content\/uploads\/2023\/12\/407656438_834211158705191_5873153184507670871_n-2-1536x865.jpg 1536w, https:\/\/sp22.edu.pl\/wp-content\/uploads\/2023\/12\/407656438_834211158705191_5873153184507670871_n-2.jpg 2048w\" sizes=\"(max-width: 1024px) 100vw, 1024px\" \/><\/figure>\n\n\n\n<figure class=\"wp-block-image size-large\"><img loading=\"lazy\" decoding=\"async\" width=\"577\" height=\"1024\" data-id=\"22406\" src=\"https:\/\/sp22.edu.pl\/wp-content\/uploads\/2023\/12\/407709077_834211112038529_6322663049524892069_n-2-577x1024.jpg\" alt=\"\" class=\"wp-image-22406\" srcset=\"https:\/\/sp22.edu.pl\/wp-content\/uploads\/2023\/12\/407709077_834211112038529_6322663049524892069_n-2-577x1024.jpg 577w, https:\/\/sp22.edu.pl\/wp-content\/uploads\/2023\/12\/407709077_834211112038529_6322663049524892069_n-2-169x300.jpg 169w, https:\/\/sp22.edu.pl\/wp-content\/uploads\/2023\/12\/407709077_834211112038529_6322663049524892069_n-2-768x1364.jpg 768w, https:\/\/sp22.edu.pl\/wp-content\/uploads\/2023\/12\/407709077_834211112038529_6322663049524892069_n-2-865x1536.jpg 865w, https:\/\/sp22.edu.pl\/wp-content\/uploads\/2023\/12\/407709077_834211112038529_6322663049524892069_n-2.jpg 1153w\" sizes=\"(max-width: 577px) 100vw, 577px\" \/><\/figure>\n<\/figure>\n\n\n\n<h2 class=\"wp-block-heading\">Przekazanie \u015brodk\u00f3w ze zbi\u00f3rki &lt;3<\/h2>\n\n\n\n<p>We wtorek 19 grudnia uczniowie szkolnego wolontariatu poszli z \u017cyczeniami \u015bwi\u0105tecznymi do Hospicjum im. Jana Paw\u0142a II w Nowym Bytomiu, komisyjnie otwarto skarbonk\u0119 z zebranymi w szkole datkami na rzecz hospicjum. Dzi\u0119kujemy wszystkim, kt\u00f3rzy do\u0142\u0105czyli do tej kwesty <img loading=\"lazy\" decoding=\"async\" height=\"16\" width=\"16\" src=\"https:\/\/static.xx.fbcdn.net\/images\/emoji.php\/v9\/t6c\/1\/16\/2764.png\" alt=\"\u2764\"> Uda\u0142o nam si\u0119 zebra\u0107 spor\u0105 sum\u0119 <img loading=\"lazy\" decoding=\"async\" height=\"16\" width=\"16\" src=\"https:\/\/static.xx.fbcdn.net\/images\/emoji.php\/v9\/t2\/1\/16\/1f60d.png\" alt=\"\ud83d\ude0d\"><\/p>\n\n\n\n<figure class=\"wp-block-gallery has-nested-images columns-default is-cropped wp-block-gallery-2 is-layout-flex wp-block-gallery-is-layout-flex\">\n<figure class=\"wp-block-image size-large\"><img loading=\"lazy\" decoding=\"async\" width=\"768\" height=\"1024\" data-id=\"22683\" src=\"https:\/\/sp22.edu.pl\/wp-content\/uploads\/2023\/12\/412031413_844478327678474_4655408128007976415_n-768x1024.jpg\" alt=\"\" class=\"wp-image-22683\" srcset=\"https:\/\/sp22.edu.pl\/wp-content\/uploads\/2023\/12\/412031413_844478327678474_4655408128007976415_n-768x1024.jpg 768w, https:\/\/sp22.edu.pl\/wp-content\/uploads\/2023\/12\/412031413_844478327678474_4655408128007976415_n-225x300.jpg 225w, https:\/\/sp22.edu.pl\/wp-content\/uploads\/2023\/12\/412031413_844478327678474_4655408128007976415_n-1152x1536.jpg 1152w, https:\/\/sp22.edu.pl\/wp-content\/uploads\/2023\/12\/412031413_844478327678474_4655408128007976415_n.jpg 1500w\" sizes=\"(max-width: 768px) 100vw, 768px\" \/><\/figure>\n\n\n\n<figure class=\"wp-block-image size-large\"><img loading=\"lazy\" decoding=\"async\" width=\"1024\" height=\"576\" data-id=\"22682\" src=\"https:\/\/sp22.edu.pl\/wp-content\/uploads\/2023\/12\/412049999_844478417678465_5344035819945926683_n-1024x576.jpg\" alt=\"\" class=\"wp-image-22682\" srcset=\"https:\/\/sp22.edu.pl\/wp-content\/uploads\/2023\/12\/412049999_844478417678465_5344035819945926683_n-1024x576.jpg 1024w, https:\/\/sp22.edu.pl\/wp-content\/uploads\/2023\/12\/412049999_844478417678465_5344035819945926683_n-300x169.jpg 300w, https:\/\/sp22.edu.pl\/wp-content\/uploads\/2023\/12\/412049999_844478417678465_5344035819945926683_n-768x432.jpg 768w, https:\/\/sp22.edu.pl\/wp-content\/uploads\/2023\/12\/412049999_844478417678465_5344035819945926683_n-1536x864.jpg 1536w, https:\/\/sp22.edu.pl\/wp-content\/uploads\/2023\/12\/412049999_844478417678465_5344035819945926683_n.jpg 2048w\" sizes=\"(max-width: 1024px) 100vw, 1024px\" \/><\/figure>\n\n\n\n<figure class=\"wp-block-image size-full\"><img loading=\"lazy\" decoding=\"async\" width=\"2048\" height=\"1152\" data-id=\"22681\" src=\"https:\/\/sp22.edu.pl\/wp-content\/uploads\/2023\/12\/412077990_844478311011809_8085393005721095102_n.jpg\" alt=\"\" class=\"wp-image-22681\" srcset=\"https:\/\/sp22.edu.pl\/wp-content\/uploads\/2023\/12\/412077990_844478311011809_8085393005721095102_n.jpg 2048w, https:\/\/sp22.edu.pl\/wp-content\/uploads\/2023\/12\/412077990_844478311011809_8085393005721095102_n-300x169.jpg 300w, https:\/\/sp22.edu.pl\/wp-content\/uploads\/2023\/12\/412077990_844478311011809_8085393005721095102_n-1024x576.jpg 1024w, https:\/\/sp22.edu.pl\/wp-content\/uploads\/2023\/12\/412077990_844478311011809_8085393005721095102_n-768x432.jpg 768w, https:\/\/sp22.edu.pl\/wp-content\/uploads\/2023\/12\/412077990_844478311011809_8085393005721095102_n-1536x864.jpg 1536w\" sizes=\"(max-width: 2048px) 100vw, 2048px\" \/><\/figure>\n<\/figure>\n","protected":false},"excerpt":{"rendered":"<p>4 grudnia odby\u0142 si\u0119 kiermasz charytatywny pt. &#8222;Pomagam &#8211; daj\u0119 nadziej\u0119&#8221;, z kt\u00f3rego dochody zostan\u0105 przekazane na Hospicjum Domowe im. \u015bw. Jana Paw\u0142a II w Rudzie \u015al\u0105skiej. Rodzice przygotowali na sprzeda\u017c pyszne ciasta oraz przekazali ozdoby, kt\u00f3re mo\u017cna by\u0142o zakupi\u0107. Z biegiem czasu przekonujemy si\u0119, \u017ce ca\u0142a spo\u0142eczno\u015b\u0107 szkolna nie ustaje w pomaganiu innym. Dzieci [&hellip;]<\/p>\n","protected":false},"author":66,"featured_media":22396,"parent":0,"menu_order":0,"comment_status":"closed","ping_status":"closed","template":"","meta":{"ngg_post_thumbnail":0,"footnotes":""},"class_list":["post-22389","page","type-page","status-publish","has-post-thumbnail","hentry"],"_links":{"self":[{"href":"https:\/\/sp22.edu.pl\/index.php?rest_route=\/wp\/v2\/pages\/22389"}],"collection":[{"href":"https:\/\/sp22.edu.pl\/index.php?rest_route=\/wp\/v2\/pages"}],"about":[{"href":"https:\/\/sp22.edu.pl\/index.php?rest_route=\/wp\/v2\/types\/page"}],"author":[{"embeddable":true,"href":"https:\/\/sp22.edu.pl\/index.php?rest_route=\/wp\/v2\/users\/66"}],"replies":[{"embeddable":true,"href":"https:\/\/sp22.edu.pl\/index.php?rest_route=%2Fwp%2Fv2%2Fcomments&post=22389"}],"version-history":[{"count":4,"href":"https:\/\/sp22.edu.pl\/index.php?rest_route=\/wp\/v2\/pages\/22389\/revisions"}],"predecessor-version":[{"id":22684,"href":"https:\/\/sp22.edu.pl\/index.php?rest_route=\/wp\/v2\/pages\/22389\/revisions\/22684"}],"wp:featuredmedia":[{"embeddable":true,"href":"https:\/\/sp22.edu.pl\/index.php?rest_route=\/wp\/v2\/media\/22396"}],"wp:attachment":[{"href":"https:\/\/sp22.edu.pl\/index.php?rest_route=%2Fwp%2Fv2%2Fmedia&parent=22389"}],"curies":[{"name":"wp","href":"https:\/\/api.w.org\/{rel}","templated":true}]}}