{"id":22418,"date":"2024-03-13T15:35:00","date_gmt":"2024-03-13T14:35:00","guid":{"rendered":"https:\/\/sp22.edu.pl\/?page_id=22418"},"modified":"2024-05-10T10:06:29","modified_gmt":"2024-05-10T08:06:29","slug":"wspolpraca-z-miejskim-przedszkolem-nr-4-w-rudzie-slaskiej","status":"publish","type":"page","link":"https:\/\/sp22.edu.pl\/?page_id=22418","title":{"rendered":"Wsp\u00f3\u0142praca z Miejskim Przedszkolem nr 4 w Rudzie \u015al\u0105skiej"},"content":{"rendered":"\n<p>Szkolne Ko\u0142o Wolontariatu kontynuuje wsp\u00f3\u0142prac\u0119 z Miejskim Przedszkolem nr 4. <\/p>\n\n\n\n<p>W \u015brod\u0119, 25.X wolontariusze organizowali dla maluch\u00f3w wsp\u00f3lne zabawy i prace plastyczne. <\/p>\n\n\n\n<p>Spotkanie min\u0119\u0142o w radosnej atmosferze a nast\u0119pne ju\u017c wkr\u00f3tce <img loading=\"lazy\" decoding=\"async\" height=\"16\" width=\"16\" src=\"https:\/\/static.xx.fbcdn.net\/images\/emoji.php\/v9\/t7f\/1\/16\/1f60a.png\" alt=\"\ud83d\ude0a\"> <\/p>\n\n\n\n<p>Do zobaczenia <img loading=\"lazy\" decoding=\"async\" height=\"16\" width=\"16\" src=\"https:\/\/static.xx.fbcdn.net\/images\/emoji.php\/v9\/tb7\/1\/16\/1f917.png\" alt=\"\ud83e\udd17\"><\/p>\n\n\n\n<p><\/p>\n\n\n\n<figure class=\"wp-block-gallery has-nested-images columns-default is-cropped wp-block-gallery-1 is-layout-flex wp-block-gallery-is-layout-flex\">\n<figure class=\"wp-block-image size-large\"><img loading=\"lazy\" decoding=\"async\" width=\"768\" height=\"1024\" data-id=\"22424\" src=\"https:\/\/sp22.edu.pl\/wp-content\/uploads\/2023\/12\/395407283_810504981075809_4788594488994629711_n-768x1024.jpg\" alt=\"\" class=\"wp-image-22424\" srcset=\"https:\/\/sp22.edu.pl\/wp-content\/uploads\/2023\/12\/395407283_810504981075809_4788594488994629711_n-768x1024.jpg 768w, https:\/\/sp22.edu.pl\/wp-content\/uploads\/2023\/12\/395407283_810504981075809_4788594488994629711_n-225x300.jpg 225w, https:\/\/sp22.edu.pl\/wp-content\/uploads\/2023\/12\/395407283_810504981075809_4788594488994629711_n-1152x1536.jpg 1152w, https:\/\/sp22.edu.pl\/wp-content\/uploads\/2023\/12\/395407283_810504981075809_4788594488994629711_n.jpg 1500w\" sizes=\"(max-width: 768px) 100vw, 768px\" \/><\/figure>\n\n\n\n<figure class=\"wp-block-image size-large\"><img loading=\"lazy\" decoding=\"async\" width=\"1024\" height=\"768\" data-id=\"22427\" src=\"https:\/\/sp22.edu.pl\/wp-content\/uploads\/2023\/12\/395409672_810505224409118_3758607846564147163_n-1024x768.jpg\" alt=\"\" class=\"wp-image-22427\" srcset=\"https:\/\/sp22.edu.pl\/wp-content\/uploads\/2023\/12\/395409672_810505224409118_3758607846564147163_n-1024x768.jpg 1024w, https:\/\/sp22.edu.pl\/wp-content\/uploads\/2023\/12\/395409672_810505224409118_3758607846564147163_n-300x225.jpg 300w, https:\/\/sp22.edu.pl\/wp-content\/uploads\/2023\/12\/395409672_810505224409118_3758607846564147163_n-768x576.jpg 768w, https:\/\/sp22.edu.pl\/wp-content\/uploads\/2023\/12\/395409672_810505224409118_3758607846564147163_n-1536x1152.jpg 1536w, https:\/\/sp22.edu.pl\/wp-content\/uploads\/2023\/12\/395409672_810505224409118_3758607846564147163_n.jpg 2000w\" sizes=\"(max-width: 1024px) 100vw, 1024px\" \/><\/figure>\n\n\n\n<figure class=\"wp-block-image size-large\"><img loading=\"lazy\" decoding=\"async\" width=\"1024\" height=\"768\" data-id=\"22425\" src=\"https:\/\/sp22.edu.pl\/wp-content\/uploads\/2023\/12\/395410494_810504984409142_5270567885203442541_n-1024x768.jpg\" alt=\"\" class=\"wp-image-22425\" srcset=\"https:\/\/sp22.edu.pl\/wp-content\/uploads\/2023\/12\/395410494_810504984409142_5270567885203442541_n-1024x768.jpg 1024w, https:\/\/sp22.edu.pl\/wp-content\/uploads\/2023\/12\/395410494_810504984409142_5270567885203442541_n-300x225.jpg 300w, https:\/\/sp22.edu.pl\/wp-content\/uploads\/2023\/12\/395410494_810504984409142_5270567885203442541_n-768x576.jpg 768w, https:\/\/sp22.edu.pl\/wp-content\/uploads\/2023\/12\/395410494_810504984409142_5270567885203442541_n-1536x1152.jpg 1536w, https:\/\/sp22.edu.pl\/wp-content\/uploads\/2023\/12\/395410494_810504984409142_5270567885203442541_n.jpg 2000w\" sizes=\"(max-width: 1024px) 100vw, 1024px\" \/><\/figure>\n\n\n\n<figure class=\"wp-block-image size-large\"><img loading=\"lazy\" decoding=\"async\" width=\"1024\" height=\"768\" data-id=\"22426\" src=\"https:\/\/sp22.edu.pl\/wp-content\/uploads\/2023\/12\/395417733_810504967742477_1239117475653090279_n-1024x768.jpg\" alt=\"\" class=\"wp-image-22426\" srcset=\"https:\/\/sp22.edu.pl\/wp-content\/uploads\/2023\/12\/395417733_810504967742477_1239117475653090279_n-1024x768.jpg 1024w, https:\/\/sp22.edu.pl\/wp-content\/uploads\/2023\/12\/395417733_810504967742477_1239117475653090279_n-300x225.jpg 300w, https:\/\/sp22.edu.pl\/wp-content\/uploads\/2023\/12\/395417733_810504967742477_1239117475653090279_n-768x576.jpg 768w, https:\/\/sp22.edu.pl\/wp-content\/uploads\/2023\/12\/395417733_810504967742477_1239117475653090279_n-1536x1152.jpg 1536w, https:\/\/sp22.edu.pl\/wp-content\/uploads\/2023\/12\/395417733_810504967742477_1239117475653090279_n.jpg 2000w\" sizes=\"(max-width: 1024px) 100vw, 1024px\" \/><\/figure>\n\n\n\n<figure class=\"wp-block-image size-large\"><img loading=\"lazy\" decoding=\"async\" width=\"1024\" height=\"768\" data-id=\"22422\" src=\"https:\/\/sp22.edu.pl\/wp-content\/uploads\/2023\/12\/395425476_810504964409144_6963646072505199119_n-1024x768.jpg\" alt=\"\" class=\"wp-image-22422\" srcset=\"https:\/\/sp22.edu.pl\/wp-content\/uploads\/2023\/12\/395425476_810504964409144_6963646072505199119_n-1024x768.jpg 1024w, https:\/\/sp22.edu.pl\/wp-content\/uploads\/2023\/12\/395425476_810504964409144_6963646072505199119_n-300x225.jpg 300w, https:\/\/sp22.edu.pl\/wp-content\/uploads\/2023\/12\/395425476_810504964409144_6963646072505199119_n-768x576.jpg 768w, https:\/\/sp22.edu.pl\/wp-content\/uploads\/2023\/12\/395425476_810504964409144_6963646072505199119_n-1536x1152.jpg 1536w, https:\/\/sp22.edu.pl\/wp-content\/uploads\/2023\/12\/395425476_810504964409144_6963646072505199119_n.jpg 2000w\" sizes=\"(max-width: 1024px) 100vw, 1024px\" \/><\/figure>\n\n\n\n<figure class=\"wp-block-image size-large\"><img loading=\"lazy\" decoding=\"async\" width=\"1024\" height=\"768\" data-id=\"22423\" src=\"https:\/\/sp22.edu.pl\/wp-content\/uploads\/2023\/12\/395428709_810504961075811_5565711883037178488_n-1024x768.jpg\" alt=\"\" class=\"wp-image-22423\" srcset=\"https:\/\/sp22.edu.pl\/wp-content\/uploads\/2023\/12\/395428709_810504961075811_5565711883037178488_n-1024x768.jpg 1024w, https:\/\/sp22.edu.pl\/wp-content\/uploads\/2023\/12\/395428709_810504961075811_5565711883037178488_n-300x225.jpg 300w, https:\/\/sp22.edu.pl\/wp-content\/uploads\/2023\/12\/395428709_810504961075811_5565711883037178488_n-768x576.jpg 768w, https:\/\/sp22.edu.pl\/wp-content\/uploads\/2023\/12\/395428709_810504961075811_5565711883037178488_n-1536x1152.jpg 1536w, https:\/\/sp22.edu.pl\/wp-content\/uploads\/2023\/12\/395428709_810504961075811_5565711883037178488_n.jpg 2000w\" sizes=\"(max-width: 1024px) 100vw, 1024px\" \/><\/figure>\n\n\n\n<figure class=\"wp-block-image size-large\"><img loading=\"lazy\" decoding=\"async\" width=\"1024\" height=\"768\" data-id=\"22428\" src=\"https:\/\/sp22.edu.pl\/wp-content\/uploads\/2023\/12\/395440172_810504957742478_9199242929866907215_n-1024x768.jpg\" alt=\"\" class=\"wp-image-22428\" srcset=\"https:\/\/sp22.edu.pl\/wp-content\/uploads\/2023\/12\/395440172_810504957742478_9199242929866907215_n-1024x768.jpg 1024w, https:\/\/sp22.edu.pl\/wp-content\/uploads\/2023\/12\/395440172_810504957742478_9199242929866907215_n-300x225.jpg 300w, https:\/\/sp22.edu.pl\/wp-content\/uploads\/2023\/12\/395440172_810504957742478_9199242929866907215_n-768x576.jpg 768w, https:\/\/sp22.edu.pl\/wp-content\/uploads\/2023\/12\/395440172_810504957742478_9199242929866907215_n-1536x1152.jpg 1536w, https:\/\/sp22.edu.pl\/wp-content\/uploads\/2023\/12\/395440172_810504957742478_9199242929866907215_n.jpg 2000w\" sizes=\"(max-width: 1024px) 100vw, 1024px\" \/><\/figure>\n<\/figure>\n\n\n\n<h2 class=\"wp-block-heading\">Grudzie\u0144 2023 \ud83d\ude42<\/h2>\n\n\n\n<p class=\"has-text-align-center\">Grudzie\u0144 to niezwyk\u0142y czas zbli\u017caj\u0105cych si\u0119 \u015awi\u0105t Bo\u017cego Narodzenia. <\/p>\n\n\n\n<p class=\"has-text-align-center\">13 grudnia uczniowie i opiekunowie Szkolnego Ko\u0142a Wolontariatu mieli okazj\u0119 uczestniczy\u0107 w pi\u0119knym, przed\u015bwi\u0105tecznym spotkaniu z przedszkolakami z Miejskiego Przedszkola nr 4 im. Misia Uszatka. <br>Nie zabrak\u0142o ulubionych gier, zabaw oraz ciekawych prac plastycznych. <br>Na koniec przedszkolaki zosta\u0142y obdarowane s\u0142odkimi upominkami od \u015awi\u0119tego Miko\u0142aja <img loading=\"lazy\" decoding=\"async\" height=\"16\" width=\"16\" src=\"https:\/\/static.xx.fbcdn.net\/images\/emoji.php\/v9\/t44\/1\/16\/1f9d1_200d_1f384.png\" alt=\"\ud83e\uddd1\u200d\ud83c\udf84\"><img loading=\"lazy\" decoding=\"async\" height=\"16\" width=\"16\" src=\"https:\/\/static.xx.fbcdn.net\/images\/emoji.php\/v9\/t44\/1\/16\/1f9d1_200d_1f384.png\" alt=\"\ud83e\uddd1\u200d\ud83c\udf84\"><img loading=\"lazy\" decoding=\"async\" height=\"16\" width=\"16\" src=\"https:\/\/static.xx.fbcdn.net\/images\/emoji.php\/v9\/t84\/1\/16\/1f381.png\" alt=\"\ud83c\udf81\"><img loading=\"lazy\" decoding=\"async\" height=\"16\" width=\"16\" src=\"https:\/\/static.xx.fbcdn.net\/images\/emoji.php\/v9\/taf\/1\/16\/1f6cd.png\" alt=\"\ud83d\udecd\ufe0f\"><\/p>\n\n\n\n<figure class=\"wp-block-image size-large\"><img loading=\"lazy\" decoding=\"async\" width=\"1024\" height=\"768\" src=\"https:\/\/sp22.edu.pl\/wp-content\/uploads\/2023\/12\/410586202_840309111428729_3516550451970782510_n-1024x768.jpg\" alt=\"\" class=\"wp-image-22674\" srcset=\"https:\/\/sp22.edu.pl\/wp-content\/uploads\/2023\/12\/410586202_840309111428729_3516550451970782510_n-1024x768.jpg 1024w, https:\/\/sp22.edu.pl\/wp-content\/uploads\/2023\/12\/410586202_840309111428729_3516550451970782510_n-300x225.jpg 300w, https:\/\/sp22.edu.pl\/wp-content\/uploads\/2023\/12\/410586202_840309111428729_3516550451970782510_n-768x576.jpg 768w, https:\/\/sp22.edu.pl\/wp-content\/uploads\/2023\/12\/410586202_840309111428729_3516550451970782510_n-1536x1152.jpg 1536w, https:\/\/sp22.edu.pl\/wp-content\/uploads\/2023\/12\/410586202_840309111428729_3516550451970782510_n.jpg 2000w\" sizes=\"(max-width: 1024px) 100vw, 1024px\" \/><\/figure>\n\n\n\n<figure class=\"wp-block-gallery has-nested-images columns-default is-cropped wp-block-gallery-2 is-layout-flex wp-block-gallery-is-layout-flex\">\n<figure class=\"wp-block-image size-large\"><img loading=\"lazy\" decoding=\"async\" width=\"768\" height=\"1024\" data-id=\"22675\" src=\"https:\/\/sp22.edu.pl\/wp-content\/uploads\/2023\/12\/410749571_840309351428705_5794565468753936818_n-768x1024.jpg\" alt=\"\" class=\"wp-image-22675\" srcset=\"https:\/\/sp22.edu.pl\/wp-content\/uploads\/2023\/12\/410749571_840309351428705_5794565468753936818_n-768x1024.jpg 768w, https:\/\/sp22.edu.pl\/wp-content\/uploads\/2023\/12\/410749571_840309351428705_5794565468753936818_n-225x300.jpg 225w, https:\/\/sp22.edu.pl\/wp-content\/uploads\/2023\/12\/410749571_840309351428705_5794565468753936818_n-1152x1536.jpg 1152w, https:\/\/sp22.edu.pl\/wp-content\/uploads\/2023\/12\/410749571_840309351428705_5794565468753936818_n.jpg 1536w\" sizes=\"(max-width: 768px) 100vw, 768px\" \/><\/figure>\n\n\n\n<figure class=\"wp-block-image size-large\"><img loading=\"lazy\" decoding=\"async\" width=\"768\" height=\"1024\" data-id=\"22676\" src=\"https:\/\/sp22.edu.pl\/wp-content\/uploads\/2023\/12\/410760879_840309204762053_2498977430244514059_n-768x1024.jpg\" alt=\"\" class=\"wp-image-22676\" srcset=\"https:\/\/sp22.edu.pl\/wp-content\/uploads\/2023\/12\/410760879_840309204762053_2498977430244514059_n-768x1024.jpg 768w, https:\/\/sp22.edu.pl\/wp-content\/uploads\/2023\/12\/410760879_840309204762053_2498977430244514059_n-225x300.jpg 225w, https:\/\/sp22.edu.pl\/wp-content\/uploads\/2023\/12\/410760879_840309204762053_2498977430244514059_n-1152x1536.jpg 1152w, https:\/\/sp22.edu.pl\/wp-content\/uploads\/2023\/12\/410760879_840309204762053_2498977430244514059_n.jpg 1500w\" sizes=\"(max-width: 768px) 100vw, 768px\" \/><\/figure>\n\n\n\n<figure class=\"wp-block-image size-large\"><img loading=\"lazy\" decoding=\"async\" width=\"768\" height=\"1024\" data-id=\"22678\" src=\"https:\/\/sp22.edu.pl\/wp-content\/uploads\/2023\/12\/410775281_840308821428758_7900280946206650610_n-768x1024.jpg\" alt=\"\" class=\"wp-image-22678\" srcset=\"https:\/\/sp22.edu.pl\/wp-content\/uploads\/2023\/12\/410775281_840308821428758_7900280946206650610_n-768x1024.jpg 768w, https:\/\/sp22.edu.pl\/wp-content\/uploads\/2023\/12\/410775281_840308821428758_7900280946206650610_n-225x300.jpg 225w, https:\/\/sp22.edu.pl\/wp-content\/uploads\/2023\/12\/410775281_840308821428758_7900280946206650610_n-1152x1536.jpg 1152w, https:\/\/sp22.edu.pl\/wp-content\/uploads\/2023\/12\/410775281_840308821428758_7900280946206650610_n.jpg 1500w\" sizes=\"(max-width: 768px) 100vw, 768px\" \/><\/figure>\n\n\n\n<figure class=\"wp-block-image size-large\"><img loading=\"lazy\" decoding=\"async\" width=\"768\" height=\"1024\" data-id=\"22677\" src=\"https:\/\/sp22.edu.pl\/wp-content\/uploads\/2023\/12\/410790610_840309334762040_4248241319088997743_n-768x1024.jpg\" alt=\"\" class=\"wp-image-22677\" srcset=\"https:\/\/sp22.edu.pl\/wp-content\/uploads\/2023\/12\/410790610_840309334762040_4248241319088997743_n-768x1024.jpg 768w, https:\/\/sp22.edu.pl\/wp-content\/uploads\/2023\/12\/410790610_840309334762040_4248241319088997743_n-225x300.jpg 225w, https:\/\/sp22.edu.pl\/wp-content\/uploads\/2023\/12\/410790610_840309334762040_4248241319088997743_n-1152x1536.jpg 1152w, https:\/\/sp22.edu.pl\/wp-content\/uploads\/2023\/12\/410790610_840309334762040_4248241319088997743_n.jpg 1500w\" sizes=\"(max-width: 768px) 100vw, 768px\" \/><\/figure>\n<\/figure>\n\n\n\n<h2 class=\"wp-block-heading\">Nasze dzia\u0142ania \ud83d\ude42<\/h2>\n\n\n\n<p>Nasi wolontariusze jak zawsze zwarci i gotowi na \u015brodowe spotkanie z wychowankami przedszkola nr 4 im. Misia Uszatka w Rudzie \u015al\u0105skiej. G\u0142owy pe\u0142ne pomys\u0142\u00f3w na ciekawe zabawy, gry oraz prace manualne. Ogromn\u0105 rado\u015b\u0107 sprawia im ka\u017cde spotkanie z m\u0142odszymi kolegami\/ kole\u017cankami.<\/p>\n\n\n\n<figure class=\"wp-block-gallery has-nested-images columns-default is-cropped wp-block-gallery-3 is-layout-flex wp-block-gallery-is-layout-flex\">\n<figure class=\"wp-block-image size-large\"><img loading=\"lazy\" decoding=\"async\" width=\"600\" height=\"450\" data-id=\"23172\" src=\"https:\/\/sp22.edu.pl\/wp-content\/uploads\/2024\/05\/432315029_900236268769346_81841310286393531_n.jpg\" alt=\"\" class=\"wp-image-23172\" srcset=\"https:\/\/sp22.edu.pl\/wp-content\/uploads\/2024\/05\/432315029_900236268769346_81841310286393531_n.jpg 600w, https:\/\/sp22.edu.pl\/wp-content\/uploads\/2024\/05\/432315029_900236268769346_81841310286393531_n-300x225.jpg 300w\" sizes=\"(max-width: 600px) 100vw, 600px\" \/><\/figure>\n\n\n\n<figure class=\"wp-block-image size-large\"><img loading=\"lazy\" decoding=\"async\" width=\"600\" height=\"450\" data-id=\"23173\" src=\"https:\/\/sp22.edu.pl\/wp-content\/uploads\/2024\/05\/432317981_900236182102688_3911234404224385324_n.jpg\" alt=\"\" class=\"wp-image-23173\" srcset=\"https:\/\/sp22.edu.pl\/wp-content\/uploads\/2024\/05\/432317981_900236182102688_3911234404224385324_n.jpg 600w, https:\/\/sp22.edu.pl\/wp-content\/uploads\/2024\/05\/432317981_900236182102688_3911234404224385324_n-300x225.jpg 300w\" sizes=\"(max-width: 600px) 100vw, 600px\" \/><\/figure>\n\n\n\n<figure class=\"wp-block-image size-large\"><img loading=\"lazy\" decoding=\"async\" width=\"600\" height=\"450\" data-id=\"23171\" src=\"https:\/\/sp22.edu.pl\/wp-content\/uploads\/2024\/05\/432373288_900236308769342_2138944236784525494_n.jpg\" alt=\"\" class=\"wp-image-23171\" srcset=\"https:\/\/sp22.edu.pl\/wp-content\/uploads\/2024\/05\/432373288_900236308769342_2138944236784525494_n.jpg 600w, https:\/\/sp22.edu.pl\/wp-content\/uploads\/2024\/05\/432373288_900236308769342_2138944236784525494_n-300x225.jpg 300w\" sizes=\"(max-width: 600px) 100vw, 600px\" \/><\/figure>\n<\/figure>\n\n\n\n<h2 class=\"wp-block-heading\">Przed\u015bwi\u0105teczne spotkanie &lt;3<\/h2>\n\n\n\n<p><em>20 marca 2024<\/em><\/p>\n\n\n\n<p class=\"has-text-align-left\">Przed\u015bwi\u0105teczne spotkanie naszych wolontariuszy z wychowankami miejskiego przedszkola nr 4 im. Misia Uszatka obfitowa\u0142o w wiele niespodzianek i atrakcji. Szczeg\u00f3lne podzi\u0119kowania kierujemy do pani dyrektor <strong>mgr Ewy Czerwi\u0144ski<\/strong> oraz koordynatora wolontariuszy pani <strong>mgr Moniki Czoik-Nowickiej<\/strong> za zaanga\u017cowanie i sta\u0142\u0105 wsp\u00f3\u0142prac\u0119 mi\u0119dzy szko\u0142\u0105 i przedszkolem. Jeste\u015bmy mile zaskoczeni niespodziankami przygotowanymi przez przedszkolak\u00f3w z nauczycielami. Na nadchodz\u0105ce \u015awi\u0119ta \u017cyczymy wszystkim du\u017co rado\u015bci i czasu sp\u0119dzonego w gronie najbli\u017cszych. Weso\u0142ego Alleluja!!!<\/p>\n\n\n\n<figure class=\"wp-block-gallery has-nested-images columns-default is-cropped wp-block-gallery-4 is-layout-flex wp-block-gallery-is-layout-flex\">\n<figure class=\"wp-block-image size-large\"><img loading=\"lazy\" decoding=\"async\" width=\"1024\" height=\"577\" data-id=\"23182\" src=\"https:\/\/sp22.edu.pl\/wp-content\/uploads\/2024\/05\/434031704_904768628316110_1835601070278933872_n-1024x577.jpg\" alt=\"\" class=\"wp-image-23182\" srcset=\"https:\/\/sp22.edu.pl\/wp-content\/uploads\/2024\/05\/434031704_904768628316110_1835601070278933872_n-1024x577.jpg 1024w, https:\/\/sp22.edu.pl\/wp-content\/uploads\/2024\/05\/434031704_904768628316110_1835601070278933872_n-300x169.jpg 300w, https:\/\/sp22.edu.pl\/wp-content\/uploads\/2024\/05\/434031704_904768628316110_1835601070278933872_n-768x432.jpg 768w, https:\/\/sp22.edu.pl\/wp-content\/uploads\/2024\/05\/434031704_904768628316110_1835601070278933872_n-1536x865.jpg 1536w, https:\/\/sp22.edu.pl\/wp-content\/uploads\/2024\/05\/434031704_904768628316110_1835601070278933872_n.jpg 2048w\" sizes=\"(max-width: 1024px) 100vw, 1024px\" \/><\/figure>\n\n\n\n<figure class=\"wp-block-image size-large\"><img loading=\"lazy\" decoding=\"async\" width=\"1024\" height=\"577\" data-id=\"23187\" src=\"https:\/\/sp22.edu.pl\/wp-content\/uploads\/2024\/05\/434041186_904768654982774_3624712309588356936_n-1024x577.jpg\" alt=\"\" class=\"wp-image-23187\" srcset=\"https:\/\/sp22.edu.pl\/wp-content\/uploads\/2024\/05\/434041186_904768654982774_3624712309588356936_n-1024x577.jpg 1024w, https:\/\/sp22.edu.pl\/wp-content\/uploads\/2024\/05\/434041186_904768654982774_3624712309588356936_n-300x169.jpg 300w, https:\/\/sp22.edu.pl\/wp-content\/uploads\/2024\/05\/434041186_904768654982774_3624712309588356936_n-768x432.jpg 768w, https:\/\/sp22.edu.pl\/wp-content\/uploads\/2024\/05\/434041186_904768654982774_3624712309588356936_n-1536x865.jpg 1536w, https:\/\/sp22.edu.pl\/wp-content\/uploads\/2024\/05\/434041186_904768654982774_3624712309588356936_n.jpg 2048w\" sizes=\"(max-width: 1024px) 100vw, 1024px\" \/><\/figure>\n\n\n\n<figure class=\"wp-block-image size-large\"><img loading=\"lazy\" decoding=\"async\" width=\"600\" height=\"338\" data-id=\"23183\" src=\"https:\/\/sp22.edu.pl\/wp-content\/uploads\/2024\/05\/434050427_904768528316120_8039433805575875752_n.jpg\" alt=\"\" class=\"wp-image-23183\" srcset=\"https:\/\/sp22.edu.pl\/wp-content\/uploads\/2024\/05\/434050427_904768528316120_8039433805575875752_n.jpg 600w, https:\/\/sp22.edu.pl\/wp-content\/uploads\/2024\/05\/434050427_904768528316120_8039433805575875752_n-300x169.jpg 300w\" sizes=\"(max-width: 600px) 100vw, 600px\" \/><\/figure>\n\n\n\n<figure class=\"wp-block-image size-large\"><img loading=\"lazy\" decoding=\"async\" width=\"600\" height=\"338\" data-id=\"23184\" src=\"https:\/\/sp22.edu.pl\/wp-content\/uploads\/2024\/05\/434054254_904768541649452_4281617564298553271_n.jpg\" alt=\"\" class=\"wp-image-23184\" srcset=\"https:\/\/sp22.edu.pl\/wp-content\/uploads\/2024\/05\/434054254_904768541649452_4281617564298553271_n.jpg 600w, https:\/\/sp22.edu.pl\/wp-content\/uploads\/2024\/05\/434054254_904768541649452_4281617564298553271_n-300x169.jpg 300w\" sizes=\"(max-width: 600px) 100vw, 600px\" \/><\/figure>\n\n\n\n<figure class=\"wp-block-image size-large\"><img loading=\"lazy\" decoding=\"async\" width=\"1024\" height=\"576\" data-id=\"23185\" src=\"https:\/\/sp22.edu.pl\/wp-content\/uploads\/2024\/05\/434054947_904768464982793_8761918056125952439_n-1-1024x576.jpg\" alt=\"\" class=\"wp-image-23185\" srcset=\"https:\/\/sp22.edu.pl\/wp-content\/uploads\/2024\/05\/434054947_904768464982793_8761918056125952439_n-1-1024x576.jpg 1024w, https:\/\/sp22.edu.pl\/wp-content\/uploads\/2024\/05\/434054947_904768464982793_8761918056125952439_n-1-300x169.jpg 300w, https:\/\/sp22.edu.pl\/wp-content\/uploads\/2024\/05\/434054947_904768464982793_8761918056125952439_n-1-768x432.jpg 768w, https:\/\/sp22.edu.pl\/wp-content\/uploads\/2024\/05\/434054947_904768464982793_8761918056125952439_n-1-1536x864.jpg 1536w, https:\/\/sp22.edu.pl\/wp-content\/uploads\/2024\/05\/434054947_904768464982793_8761918056125952439_n-1.jpg 2048w\" sizes=\"(max-width: 1024px) 100vw, 1024px\" \/><\/figure>\n\n\n\n<figure class=\"wp-block-image size-large\"><img loading=\"lazy\" decoding=\"async\" width=\"600\" height=\"338\" data-id=\"23186\" src=\"https:\/\/sp22.edu.pl\/wp-content\/uploads\/2024\/05\/434054947_904768464982793_8761918056125952439_n.jpg\" alt=\"\" class=\"wp-image-23186\" srcset=\"https:\/\/sp22.edu.pl\/wp-content\/uploads\/2024\/05\/434054947_904768464982793_8761918056125952439_n.jpg 600w, https:\/\/sp22.edu.pl\/wp-content\/uploads\/2024\/05\/434054947_904768464982793_8761918056125952439_n-300x169.jpg 300w\" sizes=\"(max-width: 600px) 100vw, 600px\" \/><\/figure>\n\n\n\n<figure class=\"wp-block-image size-large\"><img loading=\"lazy\" decoding=\"async\" width=\"600\" height=\"338\" data-id=\"23188\" src=\"https:\/\/sp22.edu.pl\/wp-content\/uploads\/2024\/05\/434059532_904768481649458_8909870738270502207_n.jpg\" alt=\"\" class=\"wp-image-23188\" srcset=\"https:\/\/sp22.edu.pl\/wp-content\/uploads\/2024\/05\/434059532_904768481649458_8909870738270502207_n.jpg 600w, https:\/\/sp22.edu.pl\/wp-content\/uploads\/2024\/05\/434059532_904768481649458_8909870738270502207_n-300x169.jpg 300w\" sizes=\"(max-width: 600px) 100vw, 600px\" \/><\/figure>\n\n\n\n<figure class=\"wp-block-image size-large\"><img loading=\"lazy\" decoding=\"async\" width=\"600\" height=\"338\" data-id=\"23189\" src=\"https:\/\/sp22.edu.pl\/wp-content\/uploads\/2024\/05\/434064740_904768611649445_4500594861901607026_n.jpg\" alt=\"\" class=\"wp-image-23189\" srcset=\"https:\/\/sp22.edu.pl\/wp-content\/uploads\/2024\/05\/434064740_904768611649445_4500594861901607026_n.jpg 600w, https:\/\/sp22.edu.pl\/wp-content\/uploads\/2024\/05\/434064740_904768611649445_4500594861901607026_n-300x169.jpg 300w\" sizes=\"(max-width: 600px) 100vw, 600px\" \/><\/figure>\n<\/figure>\n","protected":false},"excerpt":{"rendered":"<p>Szkolne Ko\u0142o Wolontariatu kontynuuje wsp\u00f3\u0142prac\u0119 z Miejskim Przedszkolem nr 4. W \u015brod\u0119, 25.X wolontariusze organizowali dla maluch\u00f3w wsp\u00f3lne zabawy i prace plastyczne. Spotkanie min\u0119\u0142o w radosnej atmosferze a nast\u0119pne ju\u017c wkr\u00f3tce Do zobaczenia Grudzie\u0144 2023 \ud83d\ude42 Grudzie\u0144 to niezwyk\u0142y czas zbli\u017caj\u0105cych si\u0119 \u015awi\u0105t Bo\u017cego Narodzenia. 13 grudnia uczniowie i opiekunowie Szkolnego Ko\u0142a Wolontariatu mieli okazj\u0119 [&hellip;]<\/p>\n","protected":false},"author":66,"featured_media":22422,"parent":0,"menu_order":0,"comment_status":"closed","ping_status":"closed","template":"","meta":{"ngg_post_thumbnail":0,"footnotes":""},"class_list":["post-22418","page","type-page","status-publish","has-post-thumbnail","hentry"],"_links":{"self":[{"href":"https:\/\/sp22.edu.pl\/index.php?rest_route=\/wp\/v2\/pages\/22418"}],"collection":[{"href":"https:\/\/sp22.edu.pl\/index.php?rest_route=\/wp\/v2\/pages"}],"about":[{"href":"https:\/\/sp22.edu.pl\/index.php?rest_route=\/wp\/v2\/types\/page"}],"author":[{"embeddable":true,"href":"https:\/\/sp22.edu.pl\/index.php?rest_route=\/wp\/v2\/users\/66"}],"replies":[{"embeddable":true,"href":"https:\/\/sp22.edu.pl\/index.php?rest_route=%2Fwp%2Fv2%2Fcomments&post=22418"}],"version-history":[{"count":6,"href":"https:\/\/sp22.edu.pl\/index.php?rest_route=\/wp\/v2\/pages\/22418\/revisions"}],"predecessor-version":[{"id":23190,"href":"https:\/\/sp22.edu.pl\/index.php?rest_route=\/wp\/v2\/pages\/22418\/revisions\/23190"}],"wp:featuredmedia":[{"embeddable":true,"href":"https:\/\/sp22.edu.pl\/index.php?rest_route=\/wp\/v2\/media\/22422"}],"wp:attachment":[{"href":"https:\/\/sp22.edu.pl\/index.php?rest_route=%2Fwp%2Fv2%2Fmedia&parent=22418"}],"curies":[{"name":"wp","href":"https:\/\/api.w.org\/{rel}","templated":true}]}}