{"id":23758,"date":"2024-10-22T12:41:55","date_gmt":"2024-10-22T10:41:55","guid":{"rendered":"https:\/\/sp22.edu.pl\/?page_id=23758"},"modified":"2024-10-22T12:41:55","modified_gmt":"2024-10-22T10:41:55","slug":"ochrona-sygnalistow-zarzadzenie-dyrektora-szkoly","status":"publish","type":"page","link":"https:\/\/sp22.edu.pl\/?page_id=23758","title":{"rendered":"Ochrona sygnalist\u00f3w &#8211; zarz\u0105dzenie dyrektora szko\u0142y."},"content":{"rendered":"\n<p>Tre\u015b\u0107 zarz\u0105dzenia dost\u0119pna tu &#8212;> <a href=\"https:\/\/sp22.edu.pl\/2024.2025\/Sygnalisci_zarzadzenie.pdf\" data-type=\"link\" data-id=\"https:\/\/sp22.edu.pl\/2024.2025\/Sygnalisci_zarzadzenie.pdf\">kliknij<\/a><\/p>\n","protected":false},"excerpt":{"rendered":"<p>Tre\u015b\u0107 zarz\u0105dzenia dost\u0119pna tu &#8212;> kliknij<\/p>\n","protected":false},"author":14,"featured_media":0,"parent":0,"menu_order":0,"comment_status":"closed","ping_status":"closed","template":"","meta":{"ngg_post_thumbnail":0,"footnotes":""},"class_list":["post-23758","page","type-page","status-publish","hentry"],"_links":{"self":[{"href":"https:\/\/sp22.edu.pl\/index.php?rest_route=\/wp\/v2\/pages\/23758"}],"collection":[{"href":"https:\/\/sp22.edu.pl\/index.php?rest_route=\/wp\/v2\/pages"}],"about":[{"href":"https:\/\/sp22.edu.pl\/index.php?rest_route=\/wp\/v2\/types\/page"}],"author":[{"embeddable":true,"href":"https:\/\/sp22.edu.pl\/index.php?rest_route=\/wp\/v2\/users\/14"}],"replies":[{"embeddable":true,"href":"https:\/\/sp22.edu.pl\/index.php?rest_route=%2Fwp%2Fv2%2Fcomments&post=23758"}],"version-history":[{"count":1,"href":"https:\/\/sp22.edu.pl\/index.php?rest_route=\/wp\/v2\/pages\/23758\/revisions"}],"predecessor-version":[{"id":23759,"href":"https:\/\/sp22.edu.pl\/index.php?rest_route=\/wp\/v2\/pages\/23758\/revisions\/23759"}],"wp:attachment":[{"href":"https:\/\/sp22.edu.pl\/index.php?rest_route=%2Fwp%2Fv2%2Fmedia&parent=23758"}],"curies":[{"name":"wp","href":"https:\/\/api.w.org\/{rel}","templated":true}]}}