{"id":25158,"date":"2025-11-05T15:12:39","date_gmt":"2025-11-05T14:12:39","guid":{"rendered":"https:\/\/sp22.edu.pl\/?page_id=25158"},"modified":"2025-11-05T15:19:39","modified_gmt":"2025-11-05T14:19:39","slug":"slonzoki-niy-gynsi-regulamin-konkursu","status":"publish","type":"page","link":"https:\/\/sp22.edu.pl\/?page_id=25158","title":{"rendered":"&#8222;\u015al\u014dnzoki niy gy\u0144si&#8221; &#8211; regulamin konkursu."},"content":{"rendered":"\n<div data-wp-interactive=\"core\/file\" class=\"wp-block-file\"><object data-wp-bind--hidden=\"!state.hasPdfPreview\"  class=\"wp-block-file__embed\" data=\"https:\/\/sp22.edu.pl\/wp-content\/uploads\/2025\/11\/Ogolne_zaproszenienakonkursgodkiklauzula.pdf\" type=\"application\/pdf\" style=\"width:100%;height:600px\" aria-label=\"Osadzone z Ogolne_zaproszenie+na+konkurs+godki+klauzula.\"><\/object><a id=\"wp-block-file--media-4f3c0634-af0c-4577-b203-5661873744aa\" href=\"https:\/\/sp22.edu.pl\/wp-content\/uploads\/2025\/11\/Ogolne_zaproszenienakonkursgodkiklauzula.pdf\">Ogolne_zaproszenie+na+konkurs+godki+klauzula<\/a><a href=\"https:\/\/sp22.edu.pl\/wp-content\/uploads\/2025\/11\/Ogolne_zaproszenienakonkursgodkiklauzula.pdf\" class=\"wp-block-file__button wp-element-button\" download aria-describedby=\"wp-block-file--media-4f3c0634-af0c-4577-b203-5661873744aa\">Pobierz<\/a><\/div>\n","protected":false},"excerpt":{"rendered":"","protected":false},"author":14,"featured_media":0,"parent":0,"menu_order":0,"comment_status":"closed","ping_status":"closed","template":"","meta":{"ngg_post_thumbnail":0,"footnotes":""},"class_list":["post-25158","page","type-page","status-publish","hentry"],"_links":{"self":[{"href":"https:\/\/sp22.edu.pl\/index.php?rest_route=\/wp\/v2\/pages\/25158"}],"collection":[{"href":"https:\/\/sp22.edu.pl\/index.php?rest_route=\/wp\/v2\/pages"}],"about":[{"href":"https:\/\/sp22.edu.pl\/index.php?rest_route=\/wp\/v2\/types\/page"}],"author":[{"embeddable":true,"href":"https:\/\/sp22.edu.pl\/index.php?rest_route=\/wp\/v2\/users\/14"}],"replies":[{"embeddable":true,"href":"https:\/\/sp22.edu.pl\/index.php?rest_route=%2Fwp%2Fv2%2Fcomments&post=25158"}],"version-history":[{"count":2,"href":"https:\/\/sp22.edu.pl\/index.php?rest_route=\/wp\/v2\/pages\/25158\/revisions"}],"predecessor-version":[{"id":25162,"href":"https:\/\/sp22.edu.pl\/index.php?rest_route=\/wp\/v2\/pages\/25158\/revisions\/25162"}],"wp:attachment":[{"href":"https:\/\/sp22.edu.pl\/index.php?rest_route=%2Fwp%2Fv2%2Fmedia&parent=25158"}],"curies":[{"name":"wp","href":"https:\/\/api.w.org\/{rel}","templated":true}]}}