{"id":35,"date":"2016-08-24T14:03:35","date_gmt":"2016-08-24T12:03:35","guid":{"rendered":"http:\/\/gim11.com\/wordpress\/?page_id=35"},"modified":"2023-06-16T11:47:22","modified_gmt":"2023-06-16T09:47:22","slug":"dla-rodzicow","status":"publish","type":"page","link":"https:\/\/sp22.edu.pl\/?page_id=35","title":{"rendered":"dla Rodzic\u00f3w"},"content":{"rendered":"\n<p><strong>Rok szkolny 2022\/2023  <\/strong><\/p>\n\n\n\n<p><strong>Ceny podr\u0119cznik\u00f3w w przypadku ich zagubienia lub zniszczenia<\/strong> &#8212;-> link poni\u017cej<\/p>\n\n\n\n<pre class=\"wp-block-code\"><code><a href=\"https:\/\/sp22.edu.pl\/2022.2023\/2022_2023podreczniki_cennik(1).pdf\" target=\"_blank\" rel=\"noreferrer noopener\">www\/2022.2023\/2022_2023podreczniki_cennik(1).pdf<\/a><\/code><\/pre>\n\n\n\n<p><strong>Harmonogram zaj\u0119\u0107 dodatkowych<\/strong><\/p>\n\n\n\n<div data-wp-interactive=\"core\/file\" class=\"wp-block-file\"><object data-wp-bind--hidden=\"!state.hasPdfPreview\"  class=\"wp-block-file__embed\" data=\"https:\/\/sp22.edu.pl\/wp-content\/uploads\/2023\/02\/HARMONOGRAM-ZAJEC-DODATKOWYCH-2.pdf\" type=\"application\/pdf\" style=\"width:100%;height:600px\" aria-label=\"Osadzone z Osadzone z HARMONOGRAM-ZAJEC-DODATKOWYCH-2..\"><\/object><a href=\"https:\/\/sp22.edu.pl\/wp-content\/uploads\/2023\/02\/HARMONOGRAM-ZAJEC-DODATKOWYCH-2.pdf\">HARMONOGRAM-ZAJEC-DODATKOWYCH-2<\/a><a href=\"https:\/\/sp22.edu.pl\/wp-content\/uploads\/2023\/02\/HARMONOGRAM-ZAJEC-DODATKOWYCH-2.pdf\" class=\"wp-block-file__button\" download>Pobierz<\/a><\/div>\n\n\n\n<p><\/p>\n\n\n\n<p><strong>Harmonogram konsultacji<\/strong><\/p>\n\n\n\n<div data-wp-interactive=\"core\/file\" class=\"wp-block-file\"><object data-wp-bind--hidden=\"!state.hasPdfPreview\"  class=\"wp-block-file__embed\" data=\"https:\/\/sp22.edu.pl\/wp-content\/uploads\/2023\/02\/Dostepnosc-3.pdf\" type=\"application\/pdf\" style=\"width:100%;height:600px\" aria-label=\"Osadzone z Osadzone z Dostepnosc-3..\"><\/object><a href=\"https:\/\/sp22.edu.pl\/wp-content\/uploads\/2023\/02\/Dostepnosc-3.pdf\">Dostepnosc-3<\/a><a href=\"https:\/\/sp22.edu.pl\/wp-content\/uploads\/2023\/02\/Dostepnosc-3.pdf\" class=\"wp-block-file__button\" download>Pobierz<\/a><\/div>\n","protected":false},"excerpt":{"rendered":"<p>Rok szkolny 2022\/2023 Ceny podr\u0119cznik\u00f3w w przypadku ich zagubienia lub zniszczenia &#8212;-> link poni\u017cej Harmonogram zaj\u0119\u0107 dodatkowych Harmonogram konsultacji<\/p>\n","protected":false},"author":1,"featured_media":0,"parent":0,"menu_order":0,"comment_status":"closed","ping_status":"closed","template":"","meta":{"ngg_post_thumbnail":0,"footnotes":""},"class_list":["post-35","page","type-page","status-publish","hentry"],"_links":{"self":[{"href":"https:\/\/sp22.edu.pl\/index.php?rest_route=\/wp\/v2\/pages\/35"}],"collection":[{"href":"https:\/\/sp22.edu.pl\/index.php?rest_route=\/wp\/v2\/pages"}],"about":[{"href":"https:\/\/sp22.edu.pl\/index.php?rest_route=\/wp\/v2\/types\/page"}],"author":[{"embeddable":true,"href":"https:\/\/sp22.edu.pl\/index.php?rest_route=\/wp\/v2\/users\/1"}],"replies":[{"embeddable":true,"href":"https:\/\/sp22.edu.pl\/index.php?rest_route=%2Fwp%2Fv2%2Fcomments&post=35"}],"version-history":[{"count":14,"href":"https:\/\/sp22.edu.pl\/index.php?rest_route=\/wp\/v2\/pages\/35\/revisions"}],"predecessor-version":[{"id":21506,"href":"https:\/\/sp22.edu.pl\/index.php?rest_route=\/wp\/v2\/pages\/35\/revisions\/21506"}],"wp:attachment":[{"href":"https:\/\/sp22.edu.pl\/index.php?rest_route=%2Fwp%2Fv2%2Fmedia&parent=35"}],"curies":[{"name":"wp","href":"https:\/\/api.w.org\/{rel}","templated":true}]}}