{"id":5987,"date":"2017-05-17T09:32:14","date_gmt":"2017-05-17T07:32:14","guid":{"rendered":"http:\/\/gim11.com\/?page_id=5987"},"modified":"2017-05-17T09:32:14","modified_gmt":"2017-05-17T07:32:14","slug":"sukcesy-naszych-uczniow","status":"publish","type":"page","link":"https:\/\/sp22.edu.pl\/?page_id=5987","title":{"rendered":"SUKCESY NASZYCH UCZNI\u00d3W"},"content":{"rendered":"<p>SUKCESY<br \/>\n1966\/1976<\/p>\n<p>Wiedza i konkursy artystyczne<br \/>\n1967 finalistka Wojew\u00f3dzkiej Olimpiady Matematycznej \u2013 Ewa Brzezi\u0144ska.<br \/>\nOpiekun Felicja Janista<br \/>\n1971 VII miejsce Wojew\u00f3dzkiej Olimpiadzie Biologicznej &#8211; Stefania Jankowiak.<br \/>\nOpiekun El\u017cbieta Orszulik<br \/>\n1972 Wojew\u00f3dzka Olimpiada Biologiczna \u2013 Gra\u017cyna Trzci\u0144ska. Opiekun El\u017cbieta Orszulik<br \/>\n1973 VII miejsce w Wojew\u00f3dzkiej Olimpiadzie z Chemii \u2013 Bo\u017cena Lubosik. Opiekun El\u017cbieta<br \/>\nOrszulik<br \/>\n1973 XV miejsce w Wojew\u00f3dzkiej Olimpiadzie z Biologii \u2013 Ewa Kula. Opiekun El\u017cbieta<br \/>\nOrszulik<br \/>\nSport<br \/>\n1970 awans do Og\u00f3lnopolskich Igrzysk M\u0142odzie\u017cy Szkolnej w \u0141odzi &#8211; 10 miejsce<br \/>\n1973 dru\u017cynowy mistrz Polski w kategorii m\u0142odzik\u00f3w w koszyk\u00f3wce &#8211; Jerzy Hernas,<br \/>\nGrzegorz Poloczek, Andrzej Stroka, Andrzej Kokoszka, Zygmunt K\u0142osek.<br \/>\nOpiekun Jan Grabizna<\/p>\n<p>1976\/1986<\/p>\n<p>Wiedza i konkursy artystyczne<\/p>\n<p>1985 VII miejsce w Wojew\u00f3dzkiej Olimpiadzie J\u0119zyka Polskiego &#8211; Izabela Kubina.<br \/>\nOpiekun: Ewa Ziele\u017anik<\/p>\n<p>Sport<\/p>\n<p>1983 IV miejsce w finale wojew\u00f3dzkim w Lekkoatletyce ch\u0142opc\u00f3w w czw\u00f3rboju<\/p>\n<p>1986\/1996<\/p>\n<p>Wiedza i konkursy artystyczne<\/p>\n<p>1991 III miejsce w Wojew\u00f3dzkim Konkursie Geograficznym &#8211; Micha\u0142 Piero\u0144czyk.<br \/>\nOpiekun: Stanis\u0142awa W\u00f3jciak<br \/>\n1991 III lokata w Wojew\u00f3dzkim Konkursie Biologicznym &#8211; Micha\u0142 Piero\u0144czyk .<br \/>\nOpiekun: Dorota Paczy\u0144ska<br \/>\n1992 finalista Wojew\u00f3dzkiego Konkursu Geograficznego &#8211; Tadeusz Ma\u015blanka.<br \/>\nOpiekun Stanis\u0142awa W\u00f3jciak<br \/>\n1993 laureatka XXXX Wojew\u00f3dzkiego Konkursu Recytatorskiego &#8211; Aleksandra Pinkosz.<br \/>\nOpiekun Ewa Ziele\u017anik<br \/>\n1996 finalistka Og\u00f3lnopolskiego Konkursu Ortograficznego &#8211; Zofia Sroka.<br \/>\nOpiekun Ewa Ziele\u017anik<br \/>\n1996 wyr\u00f3\u017cnienie II stopnia w Wojew\u00f3dzkim Konkursie Recytatorskim &#8211; Aleksandra<br \/>\nPinkosz. Opiekun Ewa Ziele\u017anik<\/p>\n<p>Sport<\/p>\n<p>1988 I miejsce w Wojew\u00f3dzkich Igrzyskach M\u0142odzie\u017cy Szkolnej w koszyk\u00f3wce \u2013<br \/>\nreprezentacja szko\u0142y. Opiekun Bogus\u0142aw Mol<br \/>\n1989 IV miejsce w Og\u00f3lnopolskich Igrzyskach M\u0142odzie\u017cy Szkolnej w koszyk\u00f3wce<br \/>\n&#8211; reprezentacja szko\u0142y. Opiekun Bogus\u0142aw Mol<br \/>\n1989 I miejsce w Wojew\u00f3dzkich Igrzyskach M\u0142odzie\u017cy Szkolnej w koszyk\u00f3wce \u2013<br \/>\nreprezentacja szko\u0142y. Opiekun Bogus\u0142aw Mol<br \/>\n1990 I miejsce w Wojew\u00f3dzkich Igrzyskach M\u0142odzie\u017cy Szkolnej w koszyk\u00f3wce \u2013<br \/>\nreprezentacja szko\u0142y. Opiekun Bogus\u0142aw Mol<br \/>\n1991 IV miejsce w Og\u00f3lnopolskiej Spartakiadzie M\u0142odzie\u017cy Szkolnej w koszyk\u00f3wce.<br \/>\nOpiekun Bogus\u0142aw Mol<br \/>\n1995 I miejsce w Wojew\u00f3dzkich Igrzyskach M\u0142odzie\u017cy Szkolnej w koszyk\u00f3wce \u2013<br \/>\nreprezentacja szko\u0142y. Opiekun Bogus\u0142aw Mol<\/p>\n<p>1997\/2006<\/p>\n<p>Wiedza i konkursy artystyczne<\/p>\n<p>2000 finalistka II Konkursu Polonistycznego &#8211; Joanna Warzycha. Opiekun Maria Cerak<br \/>\n2000 laureatka Miejskiego Konkursu o Laur Zielonej R\u00f3\u017cy &#8211; Zuzanna Ziele\u017anik.<br \/>\nOpiekun Ewa Ziele\u017anik<br \/>\n2001 I miejsce w II etapie Wojew\u00f3dzkiego Konkursu Historycznego \u2013 Patryk Kuczera<\/p>\n<p>2004 finalistka Wojew\u00f3dzkiego Konkursu Przedmiotowego z Matematyki \u2013 Aleksandra<br \/>\nPajonk. Opiekun Teresa Czerwi\u0144ska<br \/>\n2004 I miejsce w Og\u00f3lnopolskim Turnieju Bezpiecze\u0144stwa w Ruchu Drogowym \u2013 Adam<br \/>\nFrank. Opiekun Robert W\u0142odarski<\/p>\n<p>2004 laureatka Wojew\u00f3dzkiego Konkursu Matematycznego \u2013 Aleksandra Pajonk.<br \/>\nOpiekun Teresa Czerwi\u0144ska<br \/>\n2006 I miejsce w Konkursie M\u0142odych Muzyk\u00f3w Instrumentalist\u00f3w &#8222;O srebrny klucz<br \/>\nwiolinowy&#8221; &#8211; Anna Krawczyk. Opiekun Maria Wi\u015bniowska<br \/>\n2006 I miejsce w Og\u00f3lnopolskim Konkursie Plastycznym JVC &#8211; Pawe\u0142 Kubicki . Opiekun Maria Wi\u015bniowska<\/p>\n<p>Sport<\/p>\n<p>1997 I miejsce w Wojew\u00f3dzkich Igrzyskach M\u0142odzie\u017cy Szkolnej w koszyk\u00f3wce \u2013<br \/>\nreprezentacja szko\u0142y. Opiekun Bogus\u0142aw Mol<br \/>\n1998 I miejsce w Wojew\u00f3dzkich Igrzyskach M\u0142odzie\u017cy Szkolnej w koszyk\u00f3wce \u2013<br \/>\nreprezentacja szko\u0142y. Opiekun Bogus\u0142aw Mol<br \/>\n2002 IV miejsce w Wojew\u00f3dzkich Igrzyskach M\u0142odzie\u017cy Szkolnej w koszyk\u00f3wce \u2013<br \/>\nreprezentacja szko\u0142y. Opiekun Bogus\u0142aw Mol<br \/>\n2003 II miejsce w Wojew\u00f3dzkich Igrzyskach M\u0142odzie\u017cy Szkolnej w koszyk\u00f3wce \u2013<br \/>\nreprezentacja szko\u0142y. Opiekun Bogus\u0142aw Mol<\/p>\n<p>2007\/2016<\/p>\n<p>Wiedza i konkursy artystyczne<br \/>\n2015 II miejsce w Wojew\u00f3dzkim Konkursie &#8222;Edukacja regionalna w szkole&#8221;<br \/>\npod patronatem Wojewody \u015al\u0105skiego &#8211; zesp\u00f3\u0142 : Paulina Ko\u0142odziej, Anna \u0141oniewska,<br \/>\nNatalia Ska\u0142a, Monika Fuchs, Weronika Badan. Opiekunowie: Weronika Mruk-Kujawa,<br \/>\nEwa Ziele\u017anik; wsp\u00f3\u0142praca: Anna Szarwark, Ewa Duki\u0107, Maria Wi\u015bniowska<\/p>\n<p>Sport<br \/>\n2007 Mi\u0119dzynarodowy Mistrz Polskich Kadet\u00f3w, Puchar Polski \u2013 Dawid Kareci\u0144ski.<br \/>\nOpiekun Piotr Topolski<br \/>\n2007 Z\u0142oty Medal Mistrzostwa Makroregionu \u015al\u0105skiego karate kyokushin<br \/>\n&#8211; Daniel Brze\u017aniak. Opiekun Roman Dymek<br \/>\n2007 I miejsce w Pucharze Polski Junior\u00f3w &#8211; Dawid Kareci\u0144ski. Opiekun Roman Dymek<\/p>\n<p>2013 I miejsce w biegu na 600 m w Halowych Mistrzostwach \u015al\u0105ska w Spale &#8211; Kamil Kubicki. Opiekun Czes\u0142aw Jonda<br \/>\n2014 Wicemistrzostwo w III Oficjalnych Mistrzostwach Polski M\u0142odzik\u00f3w w boksie<br \/>\n&#8211; Konrad Gawron<br \/>\n2015 Mistrzostwo \u015al\u0105ska w kategorii kadet\u00f3w \u2013 Konrad Gawron<\/p>\n","protected":false},"excerpt":{"rendered":"<p>SUKCESY 1966\/1976 Wiedza i konkursy artystyczne 1967 finalistka Wojew\u00f3dzkiej Olimpiady Matematycznej \u2013 Ewa Brzezi\u0144ska. Opiekun Felicja Janista 1971 VII miejsce Wojew\u00f3dzkiej Olimpiadzie Biologicznej &#8211; Stefania Jankowiak. Opiekun El\u017cbieta Orszulik 1972 Wojew\u00f3dzka Olimpiada Biologiczna \u2013 Gra\u017cyna Trzci\u0144ska. Opiekun El\u017cbieta Orszulik 1973 VII miejsce w Wojew\u00f3dzkiej Olimpiadzie z Chemii \u2013 Bo\u017cena Lubosik. Opiekun El\u017cbieta Orszulik 1973 XV [&hellip;]<\/p>\n","protected":false},"author":1,"featured_media":0,"parent":0,"menu_order":0,"comment_status":"closed","ping_status":"closed","template":"","meta":{"ngg_post_thumbnail":0,"footnotes":""},"class_list":["post-5987","page","type-page","status-publish","hentry"],"_links":{"self":[{"href":"https:\/\/sp22.edu.pl\/index.php?rest_route=\/wp\/v2\/pages\/5987"}],"collection":[{"href":"https:\/\/sp22.edu.pl\/index.php?rest_route=\/wp\/v2\/pages"}],"about":[{"href":"https:\/\/sp22.edu.pl\/index.php?rest_route=\/wp\/v2\/types\/page"}],"author":[{"embeddable":true,"href":"https:\/\/sp22.edu.pl\/index.php?rest_route=\/wp\/v2\/users\/1"}],"replies":[{"embeddable":true,"href":"https:\/\/sp22.edu.pl\/index.php?rest_route=%2Fwp%2Fv2%2Fcomments&post=5987"}],"version-history":[{"count":1,"href":"https:\/\/sp22.edu.pl\/index.php?rest_route=\/wp\/v2\/pages\/5987\/revisions"}],"predecessor-version":[{"id":5988,"href":"https:\/\/sp22.edu.pl\/index.php?rest_route=\/wp\/v2\/pages\/5987\/revisions\/5988"}],"wp:attachment":[{"href":"https:\/\/sp22.edu.pl\/index.php?rest_route=%2Fwp%2Fv2%2Fmedia&parent=5987"}],"curies":[{"name":"wp","href":"https:\/\/api.w.org\/{rel}","templated":true}]}}