{"id":65,"date":"2016-08-24T15:04:31","date_gmt":"2016-08-24T13:04:31","guid":{"rendered":"http:\/\/gim11.com\/wordpress\/?page_id=65"},"modified":"2019-09-18T15:14:34","modified_gmt":"2019-09-18T13:14:34","slug":"innowacja-z-jezyka-angielskiego-z-elementami-informatyki-ekologii-i-kulturoznawstwa-w-klasach-1-3-gimnazjum","status":"publish","type":"page","link":"https:\/\/sp22.edu.pl\/?page_id=65","title":{"rendered":"INNOWACJA Z J\u0118ZYKA ANGIELSKIEGO Z ELEMENTAMI INFORMATYKI, EKOLOGII I KULTUROZNAWSTWA W KLASACH 1-3 GIMNAZJUM"},"content":{"rendered":"<p><strong>Opracowa\u0142a i przeprowadzi\u0142a: mgr Alicja Kio\u0142basa<\/strong><br \/>\nrok szkolny: 2011\/2012, 2012\/2013 i 2013\/2014<br \/>\nNiniejsza innowacja by\u0142a rozszerzeniem programu nauczania j\u0119zyka angielskiego, przeznaczonym dla uczni\u00f3w gimnazjum. Program by\u0142 zgodny z now\u0105 podstaw\u0105 programow\u0105 i przewidywa\u0142 realizacj\u0119 wymaga\u0144 egzaminacyjnych. Innowacja przewidywa\u0142 realizacj\u0119 kursu New Inspiration wydawnictwa MacMillan z wybran\u0105 grup\u0105 uczni\u00f3w z klasy, kt\u00f3rym szko\u0142a umo\u017cliwi\u0142a udzia\u0142 w dodatkowych zaj\u0119ciach maj\u0105cych na celu realizacj\u0119 za\u0142o\u017ce\u0144 zawartych w innowacji m.in. w klasie informatycznej, bibliotece, pracowni multimedialnej.<\/p>\n<p>A. poszerzenie umiej\u0119tno\u015bci pos\u0142ugiwania si\u0119 pisanym j\u0119zykiem angielskim. Rozwini\u0119cie umiej\u0119tno\u015bci pisania kr\u00f3tkich wypowiedzi zwi\u0105zanych z zagadnieniami egzaminacyjnymi oraz umiej\u0119tno\u015bci nawi\u0105zywania kontakt\u00f3w z r\u00f3wie\u015bnikami z innych kraj\u00f3w poprzez udzia\u0142 w programie e-Twinning<\/p>\n<p>B. rozwini\u0119cie umiej\u0119tno\u015bci pos\u0142ugiwania si\u0119 j\u0119zykiem angielskim w mowie.<\/p>\n<p>a. wyg\u0142aszanie 2 minutowych speechy (przem\u00f3wie\u0144),<\/p>\n<p>b. odgrywanie kr\u00f3tkich dialog\u00f3w (role play),<\/p>\n<p>c. przeprowadzanie rozm\u00f3w sterowanych, komunikowanie si\u0119 z r\u00f3wie\u015bnikami przez Internet, za pomoc\u0105 program\u00f3w typu SKYPE, jak i pierwsze przygotowanie si\u0119 do matury ustnej.<\/p>\n<p>d. prowadzenie kr\u00f3tkich dyskusji (sterowanych)<\/p>\n<p>C. poszerzenie wiedzy kulturowej dot. Wielkiej Brytanii i Stan\u00f3w Zjednoczonych oraz por\u00f3wnania ich z kultur\u0105 polsk\u0105.<\/p>\n<p>D. poszerzenie s\u0142ownictwa zwi\u0105zanego z ekologi\u0105.<\/p>\n<p>Zagadnienia zawarte w innowacji s\u0105 wa\u017cne w dzisiejszych czasach ze wzgl\u0119du na szerokie i szybkie rozpowszechnienie si\u0119 technologii informatycznej, istot\u0105 poznawania problem\u00f3w ekologicznych oraz konieczno\u015b\u0107 pos\u0142ugiwania si\u0119 j\u0119zykiem angielskim zar\u00f3wno w pi\u015bmie jak i w mowie na poziomie zaawansowanym. Zastosowane w innowacji metody nauczania umo\u017cliwiaj\u0105 uczniom na jak wcze\u015bniejszym etapie nauki zdobycie umiej\u0119tno\u015bci niezb\u0119dnych do zdania matury z j\u0119zyka angielskiego, szczeg\u00f3lnie cz\u0119\u015bci ustnej.<\/p>\n<p>Innowacja zosta\u0142a napisana z my\u015bl\u0105 o uczniach, kt\u00f3rzy kontynuuj\u0105 nauk\u0119 j\u0119zyka angielskiego po szkole podstawowej i pragn\u0105 znajomo\u015b\u0107 tego j\u0119zyka poszerzy\u0107 poza ramy programu nauczania j\u0119zyka angielskiego w gimnazjum.<\/p>\n","protected":false},"excerpt":{"rendered":"<p>Opracowa\u0142a i przeprowadzi\u0142a: mgr Alicja Kio\u0142basa rok szkolny: 2011\/2012, 2012\/2013 i 2013\/2014 Niniejsza innowacja by\u0142a rozszerzeniem programu nauczania j\u0119zyka angielskiego, przeznaczonym dla uczni\u00f3w gimnazjum. Program by\u0142 zgodny z now\u0105 podstaw\u0105 programow\u0105 i przewidywa\u0142 realizacj\u0119 wymaga\u0144 egzaminacyjnych. Innowacja przewidywa\u0142 realizacj\u0119 kursu New Inspiration wydawnictwa MacMillan z wybran\u0105 grup\u0105 uczni\u00f3w z klasy, kt\u00f3rym szko\u0142a umo\u017cliwi\u0142a udzia\u0142 w [&hellip;]<\/p>\n","protected":false},"author":1,"featured_media":0,"parent":61,"menu_order":0,"comment_status":"closed","ping_status":"closed","template":"","meta":{"ngg_post_thumbnail":0,"footnotes":""},"class_list":["post-65","page","type-page","status-publish","hentry"],"_links":{"self":[{"href":"https:\/\/sp22.edu.pl\/index.php?rest_route=\/wp\/v2\/pages\/65"}],"collection":[{"href":"https:\/\/sp22.edu.pl\/index.php?rest_route=\/wp\/v2\/pages"}],"about":[{"href":"https:\/\/sp22.edu.pl\/index.php?rest_route=\/wp\/v2\/types\/page"}],"author":[{"embeddable":true,"href":"https:\/\/sp22.edu.pl\/index.php?rest_route=\/wp\/v2\/users\/1"}],"replies":[{"embeddable":true,"href":"https:\/\/sp22.edu.pl\/index.php?rest_route=%2Fwp%2Fv2%2Fcomments&post=65"}],"version-history":[{"count":2,"href":"https:\/\/sp22.edu.pl\/index.php?rest_route=\/wp\/v2\/pages\/65\/revisions"}],"predecessor-version":[{"id":15955,"href":"https:\/\/sp22.edu.pl\/index.php?rest_route=\/wp\/v2\/pages\/65\/revisions\/15955"}],"up":[{"embeddable":true,"href":"https:\/\/sp22.edu.pl\/index.php?rest_route=\/wp\/v2\/pages\/61"}],"wp:attachment":[{"href":"https:\/\/sp22.edu.pl\/index.php?rest_route=%2Fwp%2Fv2%2Fmedia&parent=65"}],"curies":[{"name":"wp","href":"https:\/\/api.w.org\/{rel}","templated":true}]}}