{"id":6636,"date":"2017-09-12T19:16:17","date_gmt":"2017-09-12T17:16:17","guid":{"rendered":"http:\/\/gim11.com\/?page_id=6636"},"modified":"2024-09-17T22:47:28","modified_gmt":"2024-09-17T20:47:28","slug":"wewnatrzszkolny-system-oceniania","status":"publish","type":"page","link":"https:\/\/sp22.edu.pl\/?page_id=6636","title":{"rendered":"Wewn\u0105trzszkolny System Oceniania"},"content":{"rendered":"\n<p>dost\u0119pny u nauczyciela danego przedmiotu oraz zast\u0119pcy dyrektora szko\u0142y pani Kariny Weso\u0142y.<\/p>\n\n\n\n<p><\/p>\n","protected":false},"excerpt":{"rendered":"<p>dost\u0119pny u nauczyciela danego przedmiotu oraz zast\u0119pcy dyrektora szko\u0142y pani Kariny Weso\u0142y.<\/p>\n","protected":false},"author":1,"featured_media":0,"parent":0,"menu_order":0,"comment_status":"closed","ping_status":"closed","template":"","meta":{"ngg_post_thumbnail":0,"footnotes":""},"class_list":["post-6636","page","type-page","status-publish","hentry"],"_links":{"self":[{"href":"https:\/\/sp22.edu.pl\/index.php?rest_route=\/wp\/v2\/pages\/6636"}],"collection":[{"href":"https:\/\/sp22.edu.pl\/index.php?rest_route=\/wp\/v2\/pages"}],"about":[{"href":"https:\/\/sp22.edu.pl\/index.php?rest_route=\/wp\/v2\/types\/page"}],"author":[{"embeddable":true,"href":"https:\/\/sp22.edu.pl\/index.php?rest_route=\/wp\/v2\/users\/1"}],"replies":[{"embeddable":true,"href":"https:\/\/sp22.edu.pl\/index.php?rest_route=%2Fwp%2Fv2%2Fcomments&post=6636"}],"version-history":[{"count":6,"href":"https:\/\/sp22.edu.pl\/index.php?rest_route=\/wp\/v2\/pages\/6636\/revisions"}],"predecessor-version":[{"id":23699,"href":"https:\/\/sp22.edu.pl\/index.php?rest_route=\/wp\/v2\/pages\/6636\/revisions\/23699"}],"wp:attachment":[{"href":"https:\/\/sp22.edu.pl\/index.php?rest_route=%2Fwp%2Fv2%2Fmedia&parent=6636"}],"curies":[{"name":"wp","href":"https:\/\/api.w.org\/{rel}","templated":true}]}}