{"id":67,"date":"2016-08-24T15:06:15","date_gmt":"2016-08-24T13:06:15","guid":{"rendered":"http:\/\/gim11.com\/wordpress\/?page_id=67"},"modified":"2016-12-21T08:45:56","modified_gmt":"2016-12-21T07:45:56","slug":"nauki-scisle-w-eksperymencie","status":"publish","type":"page","link":"https:\/\/sp22.edu.pl\/?page_id=67","title":{"rendered":"Nauki \u015bcis\u0142e w eksperymencie"},"content":{"rendered":"<p style=\"text-align: center;\"><strong>\u201eNauki \u015bcis\u0142e w eksperymencie\u201d, czyli&nbsp; nauczanie chemii, fizyki i matematyki poprzez do\u015bwiadczenia,<br \/>\n<\/strong><\/p>\n<p style=\"text-align: center;\"><strong>w klasach I \u2013 III w Gimnazjum nr 11 im. Jana S. Dworaka<br \/>\n&nbsp;w Rudzie \u015al\u0105skiej w latach 2012 &#8211; 2015<\/strong><\/p>\n<p>Opracowa\u0142a : Anna Janczewska \u2013 Po\u0142ap<\/p>\n<p>Przeprowadzi\u0142y: Anna Janczewska- Po\u0142ap i Teresa Czerwi\u0144ska<\/p>\n<p>&nbsp;<\/p>\n<p>Innowacja by\u0142a rozszerzeniem wiadomo\u015bci i umiej\u0119tno\u015bci z zakresu chemii, fizyki w oparciu<br \/>\no matematyk\u0119 i informatyk\u0119. Przeznaczona by\u0142a dla III etapu edukacyjnego(gimnazjum), na podstawie programu nauczania chemii w gimnazjum T. Kulawik i M. Litwin oraz programu nauczania fizyki w gimnazjum G. Francuz \u2013 Ornat i T. Kulawik.<\/p>\n<p><strong>CELE INNOWACJI<\/strong><\/p>\n<ol>\n<li>podniesienie jako\u015bci pracy szko\u0142y,<\/li>\n<li>przedstawienie znaczenia wiedzy chemicznej, fizycznej i matematycznej w \u017cyciu codziennym,<\/li>\n<li>wskazywanie powi\u0105zania chemii, fizyki z innymi naukami,<\/li>\n<li>kszta\u0142towanie postaw badawczych, wpojenie uczniom wiadomo\u015bci i umiej\u0119tno\u015bci praktycznych, stanowi\u0105cych podstaw\u0119 do kszta\u0142cenia w nast\u0119pnych etapach edukacji,<\/li>\n<li>kszta\u0142towanie w\u0142a\u015bciwych postaw w zakresie dba\u0142o\u015bci o zdrowie i ochron\u0119 \u015brodowiska przyrodniczego,<\/li>\n<li>stwarzanie uczniom warunk\u00f3w do nabywania umiej\u0119tno\u015bci wyszukiwania, porz\u0105dkowania i wykorzystywania informacji z r\u00f3\u017cnych \u017ar\u00f3de\u0142, z zastosowaniem technologii informacyjno \u2013 komunikacyjnych,<\/li>\n<li>zindywidualizowane wspomaganie rozwoju ucznia, stosownie do jego potrzeb<br \/>\ni mo\u017cliwo\u015bci,<\/li>\n<li>rozwijanie u uczni\u00f3w poprawnego stosowania nazw, symboli i jednostek wielko\u015bci fizycznych do opisu zjawisk i proces\u00f3w chemicznych i fizycznych oraz w\u0142a\u015bciwej interpretacji warto\u015bci wielko\u015bci fizycznych i matematycznych.<\/li>\n<\/ol>\n<p>&nbsp;<\/p>\nngg_shortcode_0_placeholder\n","protected":false},"excerpt":{"rendered":"<p>\u201eNauki \u015bcis\u0142e w eksperymencie\u201d, czyli&nbsp; nauczanie chemii, fizyki i matematyki poprzez do\u015bwiadczenia, w klasach I \u2013 III w Gimnazjum nr 11 im. Jana S. Dworaka &nbsp;w Rudzie \u015al\u0105skiej w latach 2012 &#8211; 2015 Opracowa\u0142a : Anna Janczewska \u2013 Po\u0142ap Przeprowadzi\u0142y: Anna Janczewska- Po\u0142ap i Teresa Czerwi\u0144ska &nbsp; Innowacja by\u0142a rozszerzeniem wiadomo\u015bci i umiej\u0119tno\u015bci z zakresu [&hellip;]<\/p>\n","protected":false},"author":1,"featured_media":0,"parent":61,"menu_order":0,"comment_status":"closed","ping_status":"closed","template":"","meta":{"ngg_post_thumbnail":0,"footnotes":""},"class_list":["post-67","page","type-page","status-publish","hentry"],"_links":{"self":[{"href":"https:\/\/sp22.edu.pl\/index.php?rest_route=\/wp\/v2\/pages\/67"}],"collection":[{"href":"https:\/\/sp22.edu.pl\/index.php?rest_route=\/wp\/v2\/pages"}],"about":[{"href":"https:\/\/sp22.edu.pl\/index.php?rest_route=\/wp\/v2\/types\/page"}],"author":[{"embeddable":true,"href":"https:\/\/sp22.edu.pl\/index.php?rest_route=\/wp\/v2\/users\/1"}],"replies":[{"embeddable":true,"href":"https:\/\/sp22.edu.pl\/index.php?rest_route=%2Fwp%2Fv2%2Fcomments&post=67"}],"version-history":[{"count":4,"href":"https:\/\/sp22.edu.pl\/index.php?rest_route=\/wp\/v2\/pages\/67\/revisions"}],"predecessor-version":[{"id":3189,"href":"https:\/\/sp22.edu.pl\/index.php?rest_route=\/wp\/v2\/pages\/67\/revisions\/3189"}],"up":[{"embeddable":true,"href":"https:\/\/sp22.edu.pl\/index.php?rest_route=\/wp\/v2\/pages\/61"}],"wp:attachment":[{"href":"https:\/\/sp22.edu.pl\/index.php?rest_route=%2Fwp%2Fv2%2Fmedia&parent=67"}],"curies":[{"name":"wp","href":"https:\/\/api.w.org\/{rel}","templated":true}]}}