{"id":71,"date":"2016-08-24T15:09:23","date_gmt":"2016-08-24T13:09:23","guid":{"rendered":"http:\/\/gim11.com\/wordpress\/?page_id=71"},"modified":"2016-08-24T15:09:24","modified_gmt":"2016-08-24T13:09:24","slug":"innowacja-historyczna-zycie-codzienne-w-przeszlosci","status":"publish","type":"page","link":"https:\/\/sp22.edu.pl\/?page_id=71","title":{"rendered":"Innowacja historyczna  \u201c \u017bycie codzienne w przesz\u0142o\u015bci \u201c"},"content":{"rendered":"<p>Innowacja powsta\u0142a aby m\u0142ode pokolenie zainteresowa\u0107 histori\u0105.  Pokaza\u0107 t\u0105 nauk\u0119 inaczej, zainteresowa\u0107 \u017cyciem zwyk\u0142ych ludzi w r\u00f3\u017cnych epokach. Przedstawi\u0107 co jedli nasi przodkowie , w  jak spos\u00f3b si\u0119 ubierali i  jak mieszkali. U\u015bwiadomi\u0107 m\u0142odym ludziom,\u017ce historia to nie tylko \u201c suche\u201d fakty i nielubiane przez nich daty, ale przede wszystkim ludzie, kt\u00f3rzy j\u0105 tworz\u0105.<br \/>\nInnowacja odbywa\u0142a si\u0119 w roku szkolnym 2014\/2015 od wrze\u015bnia do marca. Uczestniczyli w niej uczniowie z klas pierwszych i drugich. W trakcie zaj\u0119\u0107 uczestnicy odwiedzili Muzeum PRL w Rudzie \u015al\u0105skiej.<br \/>\nZaj\u0119cia zako\u0144czy\u0142y si\u0119 wystaw\u0105 zorganizowan\u0105 przez uczni\u00f3w, podczas kt\u00f3rej prezentowano przedmioty codziennego u\u017cytku z czas\u00f3w PRL-u. M\u0142odzi ludzie mogli zobaczy\u0107 pralk\u0119 Frani\u0119, kartki \u017cywno\u015bciowe       i inne r\u00f3wnie ciekawe przedmioty.<br \/>\nInnowacja pomog\u0142a zrozumie\u0107 uczestnikom powiedzenie, \u017ce \u201eLudzko\u015b\u0107 kroczy stale naprz\u00f3d , jednak cz\u0142owiek pozostaje ten sam\u201d ( J.W. Goethe).<br<\/p>\n<p>El\u017cbieta Prokopowicz<\/p>\n","protected":false},"excerpt":{"rendered":"<p>Innowacja powsta\u0142a aby m\u0142ode pokolenie zainteresowa\u0107 histori\u0105. Pokaza\u0107 t\u0105 nauk\u0119 inaczej, zainteresowa\u0107 \u017cyciem zwyk\u0142ych ludzi w r\u00f3\u017cnych epokach. Przedstawi\u0107 co jedli nasi przodkowie , w jak spos\u00f3b si\u0119 ubierali i jak mieszkali. U\u015bwiadomi\u0107 m\u0142odym ludziom,\u017ce historia to nie tylko \u201c suche\u201d fakty i nielubiane przez nich daty, ale przede wszystkim ludzie, kt\u00f3rzy j\u0105 tworz\u0105. Innowacja [&hellip;]<\/p>\n","protected":false},"author":1,"featured_media":0,"parent":61,"menu_order":0,"comment_status":"closed","ping_status":"closed","template":"","meta":{"ngg_post_thumbnail":0,"footnotes":""},"class_list":["post-71","page","type-page","status-publish","hentry"],"_links":{"self":[{"href":"https:\/\/sp22.edu.pl\/index.php?rest_route=\/wp\/v2\/pages\/71"}],"collection":[{"href":"https:\/\/sp22.edu.pl\/index.php?rest_route=\/wp\/v2\/pages"}],"about":[{"href":"https:\/\/sp22.edu.pl\/index.php?rest_route=\/wp\/v2\/types\/page"}],"author":[{"embeddable":true,"href":"https:\/\/sp22.edu.pl\/index.php?rest_route=\/wp\/v2\/users\/1"}],"replies":[{"embeddable":true,"href":"https:\/\/sp22.edu.pl\/index.php?rest_route=%2Fwp%2Fv2%2Fcomments&post=71"}],"version-history":[{"count":1,"href":"https:\/\/sp22.edu.pl\/index.php?rest_route=\/wp\/v2\/pages\/71\/revisions"}],"predecessor-version":[{"id":72,"href":"https:\/\/sp22.edu.pl\/index.php?rest_route=\/wp\/v2\/pages\/71\/revisions\/72"}],"up":[{"embeddable":true,"href":"https:\/\/sp22.edu.pl\/index.php?rest_route=\/wp\/v2\/pages\/61"}],"wp:attachment":[{"href":"https:\/\/sp22.edu.pl\/index.php?rest_route=%2Fwp%2Fv2%2Fmedia&parent=71"}],"curies":[{"name":"wp","href":"https:\/\/api.w.org\/{rel}","templated":true}]}}