{"id":73,"date":"2016-08-24T15:10:36","date_gmt":"2016-08-24T13:10:36","guid":{"rendered":"http:\/\/gim11.com\/wordpress\/?page_id=73"},"modified":"2016-08-24T15:10:36","modified_gmt":"2016-08-24T13:10:36","slug":"tacy-sami","status":"publish","type":"page","link":"https:\/\/sp22.edu.pl\/?page_id=73","title":{"rendered":"Tacy sami"},"content":{"rendered":"<p>Wszystko zacz\u0119\u0142o si\u0119 10 lat temu, kiedy uczniowie Gimnazjum nr 11<br \/>\nprzybyli z wyst\u0119pem na zaproszenie Zespo\u0142u Szk\u00f3\u0142 nr 3 Specjalnych, znanym w naszym mie\u015bcie jako Szko\u0142a \u017bycia im. \u015bw. \u0141ukasza i\u2026. zostali. Poczuli si\u0119 potrzebni, a przy okazji sami dobrze si\u0119 bawili. Mija\u0142y tygodnie a gimnazjali\u015bci z rado\u015bci\u0105 odwiedzali nowych koleg\u00f3w ze szko\u0142y \u015bw. \u0141ukasza. Zrozumieli, \u017ce wi\u0119cej ich z niepe\u0142nosprawnymi \u0142\u0105czy, ni\u017c dzieli. I tak zacz\u0119\u0142a si\u0119 nie tylko przygoda z ta\u0144cem, ale r\u00f3wnie\u017c przyja\u017a\u0144 mi\u0119dzy naszymi dwoma szko\u0142ami.<br \/>\nW roku 2004 powsta\u0142 integracyjny zesp\u00f3\u0142 taneczny, kt\u00f3ry najpierw nosi\u0142 nazw\u0119 \u201eWeso\u0142e Nutki \u201d, a od 2008 \u201eTacy Sami\u201d. Uczniowie spotykaj\u0105 si\u0119 co tydzie\u0144 i wsp\u00f3lnie \u0107wicz\u0105, dobieraj\u0105 muzyk\u0119 i wsp\u00f3\u0142tworz\u0105 uk\u0142ady taneczne . Zadaniem zespo\u0142u jest rozwijanie koordynacji s\u0142uchowo \u2013 wzrokowo \u2013 ruchowej, organizowanie zabaw pozwalaj\u0105cych na poznanie w\u0142asnych mo\u017cliwo\u015bci, przygotowanie repertuaru tematycznego na festiwale, przegl\u0105dy, imprezy szkolne oraz imprezy organizowane przez \u015brodowisko lokalne. Uwra\u017cliwiamy m\u0142odzie\u017c na muzyk\u0119 poprzez udzia\u0142 w przedstawieniach w Teatrze Ta\u0144ca , Operze \u015al\u0105skiej, Teatrze Muzycznym.<br \/>\nKszta\u0142tujemy w\u015br\u00f3d uczestnik\u00f3w zaj\u0119\u0107 umiej\u0119tno\u015b\u0107 wsp\u00f3\u0142dzia\u0142ania w grupie, nawi\u0105zywania poprawnych relacji spo\u0142ecznych, rozwijamy poczucie tolerancji i odpowiedzialno\u015bci za podj\u0119te zobowi\u0105zania a tak\u017ce wyrabiamy nawyk zdrowego sp\u0119dzania czasu wolnego.<br \/>\nNasze wyst\u0119py mo\u017cna ogl\u0105da\u0107 na imprezach szkolnych, na scenach dom\u00f3w kultury w mie\u015bcie, ale tak\u017ce poza nim. Wyst\u0119pujemy, reprezentuj\u0105c Rud\u0119 \u015al\u0105sk\u0105 na przegl\u0105dach i festiwalach nie tylko dla zespo\u0142\u00f3w integracyjnych, jak harcerski festiwal w Lubli\u0144cu czy Chorzowie, ale rywalizujemy te\u017c ze zdrow\u0105 m\u0142odzie\u017c\u0105. Od pierwszej edycji festiwalu ta\u0144ca R\u00f3\u017ca w Sosnowcu czyli od 2008 roku zdobywamy wyr\u00f3\u017cnienia. Nasze wyst\u0119py s\u0105 zawsze przyjmowane entuzjastycznie. W 2009 roku wzi\u0119li\u015bmy udzia\u0142 w Mi\u0119dzynarodowym Przegl\u0105dzie Integracyjnych Zespo\u0142\u00f3w Teatralnych w \u0141odzi. Przygotowali\u015bmy autorski scenariusz przedstawienia o naszym zespole.<br \/>\nOpiekunki zespo\u0142u pozyskuj\u0105 \u015brodki unijne i sponsor\u00f3w na zakup stroj\u00f3w, organizowanie wyj\u015b\u0107 do instytucji kulturalnych, wyjazd\u00f3w na wyst\u0119py i wycieczek turystyczno- rekreacyjnych.<br \/>\nZ roku na rok ro\u015bnie liczba uczni\u00f3w ch\u0119tnych do uczestnictwa w zaj\u0119ciach zespo\u0142u. <\/p>\n","protected":false},"excerpt":{"rendered":"<p>Wszystko zacz\u0119\u0142o si\u0119 10 lat temu, kiedy uczniowie Gimnazjum nr 11 przybyli z wyst\u0119pem na zaproszenie Zespo\u0142u Szk\u00f3\u0142 nr 3 Specjalnych, znanym w naszym mie\u015bcie jako Szko\u0142a \u017bycia im. \u015bw. \u0141ukasza i\u2026. zostali. Poczuli si\u0119 potrzebni, a przy okazji sami dobrze si\u0119 bawili. Mija\u0142y tygodnie a gimnazjali\u015bci z rado\u015bci\u0105 odwiedzali nowych koleg\u00f3w ze szko\u0142y \u015bw. [&hellip;]<\/p>\n","protected":false},"author":1,"featured_media":0,"parent":37,"menu_order":0,"comment_status":"closed","ping_status":"closed","template":"","meta":{"ngg_post_thumbnail":0,"footnotes":""},"class_list":["post-73","page","type-page","status-publish","hentry"],"_links":{"self":[{"href":"https:\/\/sp22.edu.pl\/index.php?rest_route=\/wp\/v2\/pages\/73"}],"collection":[{"href":"https:\/\/sp22.edu.pl\/index.php?rest_route=\/wp\/v2\/pages"}],"about":[{"href":"https:\/\/sp22.edu.pl\/index.php?rest_route=\/wp\/v2\/types\/page"}],"author":[{"embeddable":true,"href":"https:\/\/sp22.edu.pl\/index.php?rest_route=\/wp\/v2\/users\/1"}],"replies":[{"embeddable":true,"href":"https:\/\/sp22.edu.pl\/index.php?rest_route=%2Fwp%2Fv2%2Fcomments&post=73"}],"version-history":[{"count":1,"href":"https:\/\/sp22.edu.pl\/index.php?rest_route=\/wp\/v2\/pages\/73\/revisions"}],"predecessor-version":[{"id":74,"href":"https:\/\/sp22.edu.pl\/index.php?rest_route=\/wp\/v2\/pages\/73\/revisions\/74"}],"up":[{"embeddable":true,"href":"https:\/\/sp22.edu.pl\/index.php?rest_route=\/wp\/v2\/pages\/37"}],"wp:attachment":[{"href":"https:\/\/sp22.edu.pl\/index.php?rest_route=%2Fwp%2Fv2%2Fmedia&parent=73"}],"curies":[{"name":"wp","href":"https:\/\/api.w.org\/{rel}","templated":true}]}}