{"id":7664,"date":"2017-11-13T18:53:12","date_gmt":"2017-11-13T17:53:12","guid":{"rendered":"http:\/\/sp22.edu.pl\/?page_id=7664"},"modified":"2024-06-05T12:19:46","modified_gmt":"2024-06-05T10:19:46","slug":"7664-2","status":"publish","type":"page","link":"https:\/\/sp22.edu.pl\/?page_id=7664","title":{"rendered":"\u015awietlica szkolna"},"content":{"rendered":"<div style=\"text-align: center;\"><strong><em>&#8222;Dzieci s\u0105 nadziej\u0105, kt\u00f3ra rozkwita wci\u0105\u017c na nowo, projektem, kt\u00f3ry nieustannie si\u0119 urzeczywistnia, przysz\u0142o\u015bci\u0105, kt\u00f3ra pozostaje zawsze otwarta&#8221;.<\/em> &lt;Jan Pawe\u0142 II&gt;<\/strong><\/div>\n<div>\n<div style=\"text-align: center;\">&nbsp;<\/div>\n<div style=\"text-align: left;\">\u015awietlica szkolna czynna jest od poniedzia\u0142ku do pi\u0105tku w godzinach 6.30 -16.30. Podstawow\u0105 aktywno\u015bci\u0105 dzieci przebywaj\u0105cych w \u015bwietlicy jest&nbsp; zabawa &#8211; swobodna b\u0105d\u017a kierowana. Czas w \u015bwietlicy to czas odpoczynku po lekcjach, rozwoju swoich zainteresowa\u0144, przebywania w dobrej, serdecznej atmosferze ze sob\u0105 nawzajem. W ci\u0105gu ca\u0142ego roku wychowawcy \u015bwietlicy pomagaj\u0105 uczniom w odrabianiu lekcji oraz oferuj\u0105 pomoc w nauce. Dla dzieci przebywaj\u0105cych w \u015bwietlicy s\u0105 organizowane zaj\u0119cia, a s\u0105 to min.: zaj\u0119cia dydaktyczne, plastyczno &#8211; manualne, techniczne, muzyczne, czytelnicze, ruchowe. Wychowawcy \u015bwietlicy dbaj\u0105 o to, aby prowadzone zaj\u0119cia by\u0142y nas bie\u017c\u0105co dostosowane do potrzeb i predyspozycji uczni\u00f3w. \u015awietlica szkolna organizuje konkursy, akcje i imprezy maj\u0105ce na celu min. promocje szko\u0142y.<\/div>\n<\/div>\n<p>&nbsp;<\/p>\n","protected":false},"excerpt":{"rendered":"<p>&#8222;Dzieci s\u0105 nadziej\u0105, kt\u00f3ra rozkwita wci\u0105\u017c na nowo, projektem, kt\u00f3ry nieustannie si\u0119 urzeczywistnia, przysz\u0142o\u015bci\u0105, kt\u00f3ra pozostaje zawsze otwarta&#8221;. &lt;Jan Pawe\u0142 II&gt; &nbsp; \u015awietlica szkolna czynna jest od poniedzia\u0142ku do pi\u0105tku w godzinach 6.30 -16.30. Podstawow\u0105 aktywno\u015bci\u0105 dzieci przebywaj\u0105cych w \u015bwietlicy jest&nbsp; zabawa &#8211; swobodna b\u0105d\u017a kierowana. Czas w \u015bwietlicy to czas odpoczynku po lekcjach, rozwoju [&hellip;]<\/p>\n","protected":false},"author":1,"featured_media":0,"parent":0,"menu_order":0,"comment_status":"closed","ping_status":"closed","template":"","meta":{"ngg_post_thumbnail":0,"footnotes":""},"class_list":["post-7664","page","type-page","status-publish","hentry"],"_links":{"self":[{"href":"https:\/\/sp22.edu.pl\/index.php?rest_route=\/wp\/v2\/pages\/7664"}],"collection":[{"href":"https:\/\/sp22.edu.pl\/index.php?rest_route=\/wp\/v2\/pages"}],"about":[{"href":"https:\/\/sp22.edu.pl\/index.php?rest_route=\/wp\/v2\/types\/page"}],"author":[{"embeddable":true,"href":"https:\/\/sp22.edu.pl\/index.php?rest_route=\/wp\/v2\/users\/1"}],"replies":[{"embeddable":true,"href":"https:\/\/sp22.edu.pl\/index.php?rest_route=%2Fwp%2Fv2%2Fcomments&post=7664"}],"version-history":[{"count":8,"href":"https:\/\/sp22.edu.pl\/index.php?rest_route=\/wp\/v2\/pages\/7664\/revisions"}],"predecessor-version":[{"id":23456,"href":"https:\/\/sp22.edu.pl\/index.php?rest_route=\/wp\/v2\/pages\/7664\/revisions\/23456"}],"wp:attachment":[{"href":"https:\/\/sp22.edu.pl\/index.php?rest_route=%2Fwp%2Fv2%2Fmedia&parent=7664"}],"curies":[{"name":"wp","href":"https:\/\/api.w.org\/{rel}","templated":true}]}}