{"id":7798,"date":"2017-11-19T12:42:36","date_gmt":"2017-11-19T11:42:36","guid":{"rendered":"http:\/\/sp22.edu.pl\/?page_id=7798"},"modified":"2017-11-19T12:44:44","modified_gmt":"2017-11-19T11:44:44","slug":"gazy","status":"publish","type":"page","link":"https:\/\/sp22.edu.pl\/?page_id=7798","title":{"rendered":"Gazy"},"content":{"rendered":"<p>Klasa 2b na zaj\u0119ciach z chemii otrzymywa\u0142a i sprawdza\u0142a jakie w\u0142a\u015bciwo\u015bci ma dwutlenek w\u0119gla.<\/p>\nngg_shortcode_0_placeholder\n","protected":false},"excerpt":{"rendered":"<p>Klasa 2b na zaj\u0119ciach z chemii otrzymywa\u0142a i sprawdza\u0142a jakie w\u0142a\u015bciwo\u015bci ma dwutlenek w\u0119gla. &#8221; order_by=&#8221;sortorder&#8221; order_direction=&#8221;ASC&#8221; returns=&#8221;included&#8221; maximum_entity_count=&#8221;500&#8243;]<\/p>\n","protected":false},"author":1,"featured_media":0,"parent":0,"menu_order":0,"comment_status":"closed","ping_status":"closed","template":"","meta":{"ngg_post_thumbnail":0,"footnotes":""},"class_list":["post-7798","page","type-page","status-publish","hentry"],"_links":{"self":[{"href":"https:\/\/sp22.edu.pl\/index.php?rest_route=\/wp\/v2\/pages\/7798"}],"collection":[{"href":"https:\/\/sp22.edu.pl\/index.php?rest_route=\/wp\/v2\/pages"}],"about":[{"href":"https:\/\/sp22.edu.pl\/index.php?rest_route=\/wp\/v2\/types\/page"}],"author":[{"embeddable":true,"href":"https:\/\/sp22.edu.pl\/index.php?rest_route=\/wp\/v2\/users\/1"}],"replies":[{"embeddable":true,"href":"https:\/\/sp22.edu.pl\/index.php?rest_route=%2Fwp%2Fv2%2Fcomments&post=7798"}],"version-history":[{"count":1,"href":"https:\/\/sp22.edu.pl\/index.php?rest_route=\/wp\/v2\/pages\/7798\/revisions"}],"predecessor-version":[{"id":7829,"href":"https:\/\/sp22.edu.pl\/index.php?rest_route=\/wp\/v2\/pages\/7798\/revisions\/7829"}],"wp:attachment":[{"href":"https:\/\/sp22.edu.pl\/index.php?rest_route=%2Fwp%2Fv2%2Fmedia&parent=7798"}],"curies":[{"name":"wp","href":"https:\/\/api.w.org\/{rel}","templated":true}]}}