{"id":7834,"date":"2017-11-19T13:25:25","date_gmt":"2017-11-19T12:25:25","guid":{"rendered":"http:\/\/sp22.edu.pl\/?page_id=7834"},"modified":"2017-11-19T13:25:25","modified_gmt":"2017-11-19T12:25:25","slug":"roztwory","status":"publish","type":"page","link":"https:\/\/sp22.edu.pl\/?page_id=7834","title":{"rendered":"Roztwory"},"content":{"rendered":"<p>Rok szkolny 2016\/17<br \/>\nNa zaj\u0119ciach z Interbloku klasa 2b sprawdza\u0142a jakie substancj\u0119 dobrze rozpuszczaj\u0105 si\u0119 w wodzie i otrzymywa\u0142a roztwory.<\/p>\nngg_shortcode_0_placeholder\n","protected":false},"excerpt":{"rendered":"<p>Rok szkolny 2016\/17 Na zaj\u0119ciach z Interbloku klasa 2b sprawdza\u0142a jakie substancj\u0119 dobrze rozpuszczaj\u0105 si\u0119 w wodzie i otrzymywa\u0142a roztwory. &#8221; order_by=&#8221;sortorder&#8221; order_direction=&#8221;ASC&#8221; returns=&#8221;included&#8221; maximum_entity_count=&#8221;500&#8243;]<\/p>\n","protected":false},"author":1,"featured_media":0,"parent":0,"menu_order":0,"comment_status":"closed","ping_status":"closed","template":"","meta":{"ngg_post_thumbnail":0,"footnotes":""},"class_list":["post-7834","page","type-page","status-publish","hentry"],"_links":{"self":[{"href":"https:\/\/sp22.edu.pl\/index.php?rest_route=\/wp\/v2\/pages\/7834"}],"collection":[{"href":"https:\/\/sp22.edu.pl\/index.php?rest_route=\/wp\/v2\/pages"}],"about":[{"href":"https:\/\/sp22.edu.pl\/index.php?rest_route=\/wp\/v2\/types\/page"}],"author":[{"embeddable":true,"href":"https:\/\/sp22.edu.pl\/index.php?rest_route=\/wp\/v2\/users\/1"}],"replies":[{"embeddable":true,"href":"https:\/\/sp22.edu.pl\/index.php?rest_route=%2Fwp%2Fv2%2Fcomments&post=7834"}],"version-history":[{"count":2,"href":"https:\/\/sp22.edu.pl\/index.php?rest_route=\/wp\/v2\/pages\/7834\/revisions"}],"predecessor-version":[{"id":7852,"href":"https:\/\/sp22.edu.pl\/index.php?rest_route=\/wp\/v2\/pages\/7834\/revisions\/7852"}],"wp:attachment":[{"href":"https:\/\/sp22.edu.pl\/index.php?rest_route=%2Fwp%2Fv2%2Fmedia&parent=7834"}],"curies":[{"name":"wp","href":"https:\/\/api.w.org\/{rel}","templated":true}]}}