{"id":7854,"date":"2017-11-19T13:42:46","date_gmt":"2017-11-19T12:42:46","guid":{"rendered":"http:\/\/sp22.edu.pl\/?page_id=7854"},"modified":"2017-11-19T13:46:49","modified_gmt":"2017-11-19T12:46:49","slug":"drgania","status":"publish","type":"page","link":"https:\/\/sp22.edu.pl\/?page_id=7854","title":{"rendered":"Drgania"},"content":{"rendered":"<p>Rok szkolny 2017\/18<\/p>\n<p>Uczniowie klasy 3b na zaj\u0119ciach z drga\u0144 wyznaczali okres i cz\u0119stotliwo\u015b\u0107 drga\u0144 oraz otrzymywali fale pod\u0142u\u017cne i poprzeczne.<\/p>\nngg_shortcode_0_placeholder\n","protected":false},"excerpt":{"rendered":"<p>Rok szkolny 2017\/18 Uczniowie klasy 3b na zaj\u0119ciach z drga\u0144 wyznaczali okres i cz\u0119stotliwo\u015b\u0107 drga\u0144 oraz otrzymywali fale pod\u0142u\u017cne i poprzeczne. &#8221; order_by=&#8221;sortorder&#8221; order_direction=&#8221;ASC&#8221; returns=&#8221;included&#8221; maximum_entity_count=&#8221;500&#8243;]<\/p>\n","protected":false},"author":1,"featured_media":0,"parent":0,"menu_order":0,"comment_status":"closed","ping_status":"closed","template":"","meta":{"ngg_post_thumbnail":0,"footnotes":""},"class_list":["post-7854","page","type-page","status-publish","hentry"],"_links":{"self":[{"href":"https:\/\/sp22.edu.pl\/index.php?rest_route=\/wp\/v2\/pages\/7854"}],"collection":[{"href":"https:\/\/sp22.edu.pl\/index.php?rest_route=\/wp\/v2\/pages"}],"about":[{"href":"https:\/\/sp22.edu.pl\/index.php?rest_route=\/wp\/v2\/types\/page"}],"author":[{"embeddable":true,"href":"https:\/\/sp22.edu.pl\/index.php?rest_route=\/wp\/v2\/users\/1"}],"replies":[{"embeddable":true,"href":"https:\/\/sp22.edu.pl\/index.php?rest_route=%2Fwp%2Fv2%2Fcomments&post=7854"}],"version-history":[{"count":1,"href":"https:\/\/sp22.edu.pl\/index.php?rest_route=\/wp\/v2\/pages\/7854\/revisions"}],"predecessor-version":[{"id":7887,"href":"https:\/\/sp22.edu.pl\/index.php?rest_route=\/wp\/v2\/pages\/7854\/revisions\/7887"}],"wp:attachment":[{"href":"https:\/\/sp22.edu.pl\/index.php?rest_route=%2Fwp%2Fv2%2Fmedia&parent=7854"}],"curies":[{"name":"wp","href":"https:\/\/api.w.org\/{rel}","templated":true}]}}