{"id":8335,"date":"2017-11-30T13:07:30","date_gmt":"2017-11-30T12:07:30","guid":{"rendered":"http:\/\/sp22.edu.pl\/?page_id=8335"},"modified":"2024-06-06T08:46:00","modified_gmt":"2024-06-06T06:46:00","slug":"dokumenty","status":"publish","type":"page","link":"https:\/\/sp22.edu.pl\/?page_id=8335","title":{"rendered":"DOKUMENTY"},"content":{"rendered":"<p>&nbsp;<\/p>\n<p>Kontrakt \u015bwietlicowy&#8230;..<a href=\"https:\/\/sp22.edu.pl\/2020.2021\/SWIETLICA\/KONTRAKT \u015aWIETLICOWY.pdf?_t=1624288215\">kliknij<\/a><\/p>\n<p>Karta zapisu dziecka do \u015bwietlicy szkolnej w PDF&#8230;<a href=\"https:\/\/sp22.edu.pl\/2020.2021\/SWIETLICA\/Karta zapisu dziecka do \u015bwietlicy szkolnej.pdf?_t=1624288215\">kliknij<\/a><\/p>\n<p>&nbsp;<\/p>\n\n\n<p>Karta zapisu dziecka do \u015bwietlicy szkolnej w Word &#8230;<a href=\"https:\/\/sp22.edu.pl\/2023.2024\/karta%20zapisu%20dziecka%20do%20%C5%9Bwietlicy%20szkolnej.docx\">kliknij<\/a><\/p>\n\n\n\n<p><\/p>\n\n\n\n<p>Regulamin \u015bwietlicy szkolnej<br>&#8211; str.1&#8230;<a href=\"https:\/\/sp22.edu.pl\/2020.2021\/SWIETLICA\/regulamin str1.pdf?_t=1624288215\">kliknij<\/a><br>&#8211; str.2&#8230;<a href=\"https:\/\/sp22.edu.pl\/2020.2021\/SWIETLICA\/regulamin str2.pdf?_t=1624288215\">kliknij<\/a><\/p>\n\n\n\n<p><\/p>\n\n\n\n<p>Aneks do regulaminu<br>&#8211; str.1&#8230;<a href=\"https:\/\/sp22.edu.pl\/2020.2021\/SWIETLICA\/aneks skan 1 pdf.pdf?_t=1624288215\">kliknij<\/a><br>&#8211; str.2&#8230;<a href=\"https:\/\/sp22.edu.pl\/2020.2021\/SWIETLICA\/aneks skan 2 pdf.pdf?_t=1624288215\">kliknij<\/a><\/p>\n","protected":false},"excerpt":{"rendered":"<p>&nbsp; Kontrakt \u015bwietlicowy&#8230;..kliknij Karta zapisu dziecka do \u015bwietlicy szkolnej w PDF&#8230;kliknij &nbsp; Karta zapisu dziecka do \u015bwietlicy szkolnej w Word &#8230;kliknij Regulamin \u015bwietlicy szkolnej&#8211; str.1&#8230;kliknij&#8211; str.2&#8230;kliknij Aneks do regulaminu&#8211; str.1&#8230;kliknij&#8211; str.2&#8230;kliknij<\/p>\n","protected":false},"author":22,"featured_media":0,"parent":0,"menu_order":0,"comment_status":"closed","ping_status":"closed","template":"","meta":{"ngg_post_thumbnail":0,"footnotes":""},"class_list":["post-8335","page","type-page","status-publish","hentry"],"_links":{"self":[{"href":"https:\/\/sp22.edu.pl\/index.php?rest_route=\/wp\/v2\/pages\/8335"}],"collection":[{"href":"https:\/\/sp22.edu.pl\/index.php?rest_route=\/wp\/v2\/pages"}],"about":[{"href":"https:\/\/sp22.edu.pl\/index.php?rest_route=\/wp\/v2\/types\/page"}],"author":[{"embeddable":true,"href":"https:\/\/sp22.edu.pl\/index.php?rest_route=\/wp\/v2\/users\/22"}],"replies":[{"embeddable":true,"href":"https:\/\/sp22.edu.pl\/index.php?rest_route=%2Fwp%2Fv2%2Fcomments&post=8335"}],"version-history":[{"count":11,"href":"https:\/\/sp22.edu.pl\/index.php?rest_route=\/wp\/v2\/pages\/8335\/revisions"}],"predecessor-version":[{"id":23470,"href":"https:\/\/sp22.edu.pl\/index.php?rest_route=\/wp\/v2\/pages\/8335\/revisions\/23470"}],"wp:attachment":[{"href":"https:\/\/sp22.edu.pl\/index.php?rest_route=%2Fwp%2Fv2%2Fmedia&parent=8335"}],"curies":[{"name":"wp","href":"https:\/\/api.w.org\/{rel}","templated":true}]}}