{"id":8338,"date":"2017-11-30T13:09:05","date_gmt":"2017-11-30T12:09:05","guid":{"rendered":"http:\/\/sp22.edu.pl\/?page_id=8338"},"modified":"2019-09-17T10:57:17","modified_gmt":"2019-09-17T08:57:17","slug":"posilki","status":"publish","type":"page","link":"https:\/\/sp22.edu.pl\/?page_id=8338","title":{"rendered":"POSI\u0141KI"},"content":{"rendered":"<p><strong>\u015aNIADANIE SZKOLNE<\/strong><br \/>\nOp\u0142ata za bu\u0142ki:<br \/>\n-bu\u0142ka ma\u0142a pszenna -2z\u0142<\/p>\n<p><strong>OBIAD<\/strong><\/p>\n<p>Obiady s\u0105 wydawane w szkole na 2 przerwach obiadowych i mo\u017cna je zam\u00f3wi\u0107 u pani intendentki.<br \/>\nOp\u0142aty za obiady s\u0105 nast\u0119puj\u0105ce<br \/>\n&#8211; op\u0142ata dla ucznia szko\u0142y &#8211; 4.50z\u0142<br \/>\n&#8211; op\u0142ata dla pracownika szko\u0142y- 6.50z\u0142<\/p>\n<p>Miesi\u0119czny koszt obiad\u00f3w oraz termin p\u0142atno\u015bci podawany jest co miesi\u0105c na tablicy informacyjnej obok \u015bwietlicy oraz na stronie internetowej szko\u0142y.<\/p>\n<p>&nbsp;<\/p>\n<div data-contents=\"true\">\n<div class=\"\" data-block=\"true\" data-editor=\"lt28\" data-offset-key=\"370al-0-0\">\n<div class=\"_1mf _1mj\" data-offset-key=\"370al-0-0\"><span data-offset-key=\"370al-0-0\">Op\u0142aty za obiady prosimy dokonywa\u0107 na konto bankowe:<\/span><\/div>\n<\/div>\n<div class=\"\" data-block=\"true\" data-editor=\"lt28\" data-offset-key=\"d6r2j-0-0\">\n<div class=\"_1mf _1mj\" data-offset-key=\"d6r2j-0-0\"><span data-offset-key=\"d6r2j-0-0\">ING Bank \u015al\u0105ski <strong>75 1050 1331 1000 0022 5839 2840<\/strong><\/span><\/div>\n<\/div>\n<div class=\"\" data-block=\"true\" data-editor=\"lt28\" data-offset-key=\"46lle-0-0\">\n<div class=\"_1mf _1mj\" data-offset-key=\"46lle-0-0\"><span data-offset-key=\"46lle-0-0\">Prosimy o przesy\u0142anie potwierdzenia przelewu bankowego na e-mail: intendent@sp22.edu.pl<\/span><\/div>\n<\/div>\n<\/div>\n","protected":false},"excerpt":{"rendered":"<p>\u015aNIADANIE SZKOLNE Op\u0142ata za bu\u0142ki: -bu\u0142ka ma\u0142a pszenna -2z\u0142 OBIAD Obiady s\u0105 wydawane w szkole na 2 przerwach obiadowych i mo\u017cna je zam\u00f3wi\u0107 u pani intendentki. Op\u0142aty za obiady s\u0105 nast\u0119puj\u0105ce &#8211; op\u0142ata dla ucznia szko\u0142y &#8211; 4.50z\u0142 &#8211; op\u0142ata dla pracownika szko\u0142y- 6.50z\u0142 Miesi\u0119czny koszt obiad\u00f3w oraz termin p\u0142atno\u015bci podawany jest co miesi\u0105c na [&hellip;]<\/p>\n","protected":false},"author":22,"featured_media":0,"parent":0,"menu_order":0,"comment_status":"closed","ping_status":"closed","template":"","meta":{"ngg_post_thumbnail":0,"footnotes":""},"class_list":["post-8338","page","type-page","status-publish","hentry"],"_links":{"self":[{"href":"https:\/\/sp22.edu.pl\/index.php?rest_route=\/wp\/v2\/pages\/8338"}],"collection":[{"href":"https:\/\/sp22.edu.pl\/index.php?rest_route=\/wp\/v2\/pages"}],"about":[{"href":"https:\/\/sp22.edu.pl\/index.php?rest_route=\/wp\/v2\/types\/page"}],"author":[{"embeddable":true,"href":"https:\/\/sp22.edu.pl\/index.php?rest_route=\/wp\/v2\/users\/22"}],"replies":[{"embeddable":true,"href":"https:\/\/sp22.edu.pl\/index.php?rest_route=%2Fwp%2Fv2%2Fcomments&post=8338"}],"version-history":[{"count":4,"href":"https:\/\/sp22.edu.pl\/index.php?rest_route=\/wp\/v2\/pages\/8338\/revisions"}],"predecessor-version":[{"id":15919,"href":"https:\/\/sp22.edu.pl\/index.php?rest_route=\/wp\/v2\/pages\/8338\/revisions\/15919"}],"wp:attachment":[{"href":"https:\/\/sp22.edu.pl\/index.php?rest_route=%2Fwp%2Fv2%2Fmedia&parent=8338"}],"curies":[{"name":"wp","href":"https:\/\/api.w.org\/{rel}","templated":true}]}}