{"id":8341,"date":"2017-11-30T13:10:49","date_gmt":"2017-11-30T12:10:49","guid":{"rendered":"http:\/\/sp22.edu.pl\/?page_id=8341"},"modified":"2021-06-26T01:59:21","modified_gmt":"2021-06-25T23:59:21","slug":"galeria-2","status":"publish","type":"page","link":"https:\/\/sp22.edu.pl\/?page_id=8341","title":{"rendered":"GALERIA"},"content":{"rendered":"\n<p> <strong>Mi\u0119dzynarodowy Projekt Edukacyjny EMOCJA <\/strong><\/p>\n\n\n\nngg_shortcode_0_placeholder\n\n\n\n<p><strong> Og\u00f3lnopolska \u015awietlicowa Wymiana Poczt\u00f3wkowa <\/strong><\/p>\n\n\n\nngg_shortcode_1_placeholder\n\n\n\n<p><strong>Mi\u0119dzynarodowy Dzie\u0144 Postaci z Bajek<\/strong><\/p>\n\n\n\nngg_shortcode_2_placeholder\n\n\n\n<p><strong>Dzie\u0144 Bezpiecznego Internetu<\/strong><\/p>\n\n\n\nngg_shortcode_3_placeholder\n","protected":false},"excerpt":{"rendered":"<p>Mi\u0119dzynarodowy Projekt Edukacyjny EMOCJA Og\u00f3lnopolska \u015awietlicowa Wymiana Poczt\u00f3wkowa Mi\u0119dzynarodowy Dzie\u0144 Postaci z Bajek Dzie\u0144 Bezpiecznego Internetu<\/p>\n","protected":false},"author":22,"featured_media":0,"parent":0,"menu_order":0,"comment_status":"closed","ping_status":"closed","template":"","meta":{"ngg_post_thumbnail":0,"footnotes":""},"class_list":["post-8341","page","type-page","status-publish","hentry"],"_links":{"self":[{"href":"https:\/\/sp22.edu.pl\/index.php?rest_route=\/wp\/v2\/pages\/8341"}],"collection":[{"href":"https:\/\/sp22.edu.pl\/index.php?rest_route=\/wp\/v2\/pages"}],"about":[{"href":"https:\/\/sp22.edu.pl\/index.php?rest_route=\/wp\/v2\/types\/page"}],"author":[{"embeddable":true,"href":"https:\/\/sp22.edu.pl\/index.php?rest_route=\/wp\/v2\/users\/22"}],"replies":[{"embeddable":true,"href":"https:\/\/sp22.edu.pl\/index.php?rest_route=%2Fwp%2Fv2%2Fcomments&post=8341"}],"version-history":[{"count":13,"href":"https:\/\/sp22.edu.pl\/index.php?rest_route=\/wp\/v2\/pages\/8341\/revisions"}],"predecessor-version":[{"id":19172,"href":"https:\/\/sp22.edu.pl\/index.php?rest_route=\/wp\/v2\/pages\/8341\/revisions\/19172"}],"wp:attachment":[{"href":"https:\/\/sp22.edu.pl\/index.php?rest_route=%2Fwp%2Fv2%2Fmedia&parent=8341"}],"curies":[{"name":"wp","href":"https:\/\/api.w.org\/{rel}","templated":true}]}}